{"id":11224,"date":"2026-01-07T19:00:10","date_gmt":"2026-01-07T18:00:10","guid":{"rendered":"https:\/\/bobooaza.pl\/index.php\/produkt\/b-o-1674-04-kocyk-bambusowy-szalwiowy\/"},"modified":"2026-01-19T21:54:31","modified_gmt":"2026-01-19T20:54:31","slug":"b-o-1674-04-kocyk-bambusowy-szalwiowy","status":"publish","type":"product","link":"https:\/\/www.bobooaza.pl\/index.php\/produkt\/b-o-1674-04-kocyk-bambusowy-szalwiowy\/","title":{"rendered":"B.O.1674\/04 Kocyk bambusowy sza\u0142wiowy"},"content":{"rendered":"<p>B.O.1674\/04 to bambusowy kocyk niemowl\u0119cy w kolorze sza\u0142wiowym o wymiarach 75 x 100 cm. Wykonany jest w 100% z wiskozy bambusowej, kt\u00f3ra jest przewiewna, mi\u0119kka i odpowiednia dla wra\u017cliwej sk\u00f3ry dziecka. Materia\u0142 jest antyalergiczny, antybakteryjny, antygrzybiczny i antystatyczny, dobrze wch\u0142ania wilgo\u0107 oraz wspomaga termoregulacj\u0119. Kocyk zapewnia komfort cieplny zar\u00f3wno zim\u0105, jak i latem, jest wytrzyma\u0142y i odporny na uszkodzenia mechaniczne. Nadaje si\u0119 dla noworodk\u00f3w i niemowl\u0105t, pasuje do \u0142\u00f3\u017ceczka i w\u00f3zka, a opakowanie w kartoniku z okienkiem sprawia, \u017ce jest \u015bwietnym pomys\u0142em na prezent.<\/p>\n","protected":false},"excerpt":{"rendered":"<p>B.O.1674\/04 to bambusowy kocyk niemowl\u0119cy w kolorze sza\u0142wiowym o wymiarach 75 x 100 cm. Wykonany jest w 100% z wiskozy bambusowej, kt\u00f3ra jest przewiewna, mi\u0119kka i odpowiednia dla wra\u017cliwej sk\u00f3ry dziecka. Materia\u0142 jest antyalergiczny, antybakteryjny, antygrzybiczny i antystatyczny, dobrze wch\u0142ania wilgo\u0107 oraz wspomaga termoregulacj\u0119. Kocyk zapewnia komfort cieplny zar\u00f3wno zim\u0105, jak i latem, jest wytrzyma\u0142y [&hellip;]<\/p>\n","protected":false},"featured_media":11222,"comment_status":"open","ping_status":"closed","template":"","meta":[],"product_brand":[],"product_cat":[76,147,84,85],"product_tag":[],"class_list":{"0":"post-11224","1":"product","2":"type-product","3":"status-publish","4":"has-post-thumbnail","6":"product_cat-dziecko","7":"product_cat-kocyki","8":"product_cat-pokoj-dziecka","9":"product_cat-spanie","11":"first","12":"instock","13":"taxable","14":"shipping-taxable","15":"purchasable","16":"product-type-simple"},"_links":{"self":[{"href":"https:\/\/www.bobooaza.pl\/index.php\/wp-json\/wp\/v2\/product\/11224","targetHints":{"allow":["GET"]}}],"collection":[{"href":"https:\/\/www.bobooaza.pl\/index.php\/wp-json\/wp\/v2\/product"}],"about":[{"href":"https:\/\/www.bobooaza.pl\/index.php\/wp-json\/wp\/v2\/types\/product"}],"replies":[{"embeddable":true,"href":"https:\/\/www.bobooaza.pl\/index.php\/wp-json\/wp\/v2\/comments?post=11224"}],"wp:featuredmedia":[{"embeddable":true,"href":"https:\/\/www.bobooaza.pl\/index.php\/wp-json\/wp\/v2\/media\/11222"}],"wp:attachment":[{"href":"https:\/\/www.bobooaza.pl\/index.php\/wp-json\/wp\/v2\/media?parent=11224"}],"wp:term":[{"taxonomy":"product_brand","embeddable":true,"href":"https:\/\/www.bobooaza.pl\/index.php\/wp-json\/wp\/v2\/product_brand?post=11224"},{"taxonomy":"product_cat","embeddable":true,"href":"https:\/\/www.bobooaza.pl\/index.php\/wp-json\/wp\/v2\/product_cat?post=11224"},{"taxonomy":"product_tag","embeddable":true,"href":"https:\/\/www.bobooaza.pl\/index.php\/wp-json\/wp\/v2\/product_tag?post=11224"}],"curies":[{"name":"wp","href":"https:\/\/api.w.org\/{rel}","templated":true}]}}