{"id":11232,"date":"2026-01-07T19:00:19","date_gmt":"2026-01-07T18:00:19","guid":{"rendered":"https:\/\/bobooaza.pl\/index.php\/produkt\/matex-kocyk-milly-dzieciecy-z-mikrofazy-75x100-tb0294-g16-gwiazdki-c-bez\/"},"modified":"2026-01-19T21:54:32","modified_gmt":"2026-01-19T20:54:32","slug":"matex-kocyk-milly-dzieciecy-z-mikrofazy-75x100-tb0294-g16-gwiazdki-c-bez","status":"publish","type":"product","link":"https:\/\/www.bobooaza.pl\/index.php\/produkt\/matex-kocyk-milly-dzieciecy-z-mikrofazy-75x100-tb0294-g16-gwiazdki-c-bez\/","title":{"rendered":"MATEX Kocyk MILLY dzieci\u0119cy z mikrofazy 75&#215;100 [TB0294-G16] gwiazdki c.be\u017c"},"content":{"rendered":"<p>MATEX Kocyk MILLY dzieci\u0119cy z mikrofazy 75 x 100 cm w kolorze ciemny be\u017c z wzorem gwiazdek to ciep\u0142y i bardzo mi\u0119kki kocyk, kt\u00f3ry zapewnia dziecku spokojny i zdrowy sen w domu oraz podczas spacer\u00f3w. Wykonany w 100% z poliestru, wype\u0142niony w\u0142\u00f3knin\u0105 silikonow\u0105.<\/p>\n","protected":false},"excerpt":{"rendered":"<p>MATEX Kocyk MILLY dzieci\u0119cy z mikrofazy 75 x 100 cm w kolorze ciemny be\u017c z wzorem gwiazdek to ciep\u0142y i bardzo mi\u0119kki kocyk, kt\u00f3ry zapewnia dziecku spokojny i zdrowy sen w domu oraz podczas spacer\u00f3w. Wykonany w 100% z poliestru, wype\u0142niony w\u0142\u00f3knin\u0105 silikonow\u0105.<\/p>\n","protected":false},"featured_media":11231,"comment_status":"open","ping_status":"closed","template":"","meta":[],"product_brand":[],"product_cat":[76,147,84,85],"product_tag":[],"class_list":{"0":"post-11232","1":"product","2":"type-product","3":"status-publish","4":"has-post-thumbnail","6":"product_cat-dziecko","7":"product_cat-kocyki","8":"product_cat-pokoj-dziecka","9":"product_cat-spanie","11":"first","12":"instock","13":"taxable","14":"shipping-taxable","15":"purchasable","16":"product-type-simple"},"_links":{"self":[{"href":"https:\/\/www.bobooaza.pl\/index.php\/wp-json\/wp\/v2\/product\/11232","targetHints":{"allow":["GET"]}}],"collection":[{"href":"https:\/\/www.bobooaza.pl\/index.php\/wp-json\/wp\/v2\/product"}],"about":[{"href":"https:\/\/www.bobooaza.pl\/index.php\/wp-json\/wp\/v2\/types\/product"}],"replies":[{"embeddable":true,"href":"https:\/\/www.bobooaza.pl\/index.php\/wp-json\/wp\/v2\/comments?post=11232"}],"wp:featuredmedia":[{"embeddable":true,"href":"https:\/\/www.bobooaza.pl\/index.php\/wp-json\/wp\/v2\/media\/11231"}],"wp:attachment":[{"href":"https:\/\/www.bobooaza.pl\/index.php\/wp-json\/wp\/v2\/media?parent=11232"}],"wp:term":[{"taxonomy":"product_brand","embeddable":true,"href":"https:\/\/www.bobooaza.pl\/index.php\/wp-json\/wp\/v2\/product_brand?post=11232"},{"taxonomy":"product_cat","embeddable":true,"href":"https:\/\/www.bobooaza.pl\/index.php\/wp-json\/wp\/v2\/product_cat?post=11232"},{"taxonomy":"product_tag","embeddable":true,"href":"https:\/\/www.bobooaza.pl\/index.php\/wp-json\/wp\/v2\/product_tag?post=11232"}],"curies":[{"name":"wp","href":"https:\/\/api.w.org\/{rel}","templated":true}]}}