{"id":11252,"date":"2026-01-07T19:00:32","date_gmt":"2026-01-07T18:00:32","guid":{"rendered":"https:\/\/bobooaza.pl\/index.php\/produkt\/ceba-812-118-268-kocyk-dziany-90x90-w-opakowaniu-prezentowym-ryz-grafitowy-gratis-skladana-mata-do-przewijania-60x40-rowanberry\/"},"modified":"2026-01-07T19:12:06","modified_gmt":"2026-01-07T18:12:06","slug":"ceba-812-118-268-kocyk-dziany-90x90-w-opakowaniu-prezentowym-ryz-grafitowy-gratis-skladana-mata-do-przewijania-60x40-rowanberry","status":"publish","type":"product","link":"https:\/\/www.bobooaza.pl\/index.php\/produkt\/ceba-812-118-268-kocyk-dziany-90x90-w-opakowaniu-prezentowym-ryz-grafitowy-gratis-skladana-mata-do-przewijania-60x40-rowanberry\/","title":{"rendered":"CEBA 812-118-268 Kocyk dziany 90&#215;90 w opakowaniu prezentowym Ry\u017c grafitowy* GRATIS sk\u0142adana mata do przewijania 60&#215;40 Rowanberry"},"content":{"rendered":"<p>CEBA 812-118-268 Kocyk dziany Ry\u017c grafitowy to mi\u0119kki kocyk dla niemowl\u0105t o wymiarach 90 x 90 cm, wykonany w 100% z naturalnej bawe\u0142ny. Delikatny dla wra\u017cliwej sk\u00f3ry dziecka, pozwala jej oddycha\u0107 i zapewnia optymalne utrzymanie ciep\u0142a. Kocyk sprawdzi si\u0119 w domu, podczas spaceru i w podr\u00f3\u017cy. Produkt wyko\u0144czony w przemy\u015blanej, nowoczesnej kolorystyce. Pra\u0107 r\u0119cznie w 30\u00b0C, suszy\u0107 na p\u0142asko, nie wybiela\u0107, prasowa\u0107 w niskiej temperaturze. Produkt polski. W zestawie prezentowym znajduje si\u0119 sk\u0142adana mata do przewijania 60 x 40 cm marki Rowanberry.<\/p>\n","protected":false},"excerpt":{"rendered":"<p>CEBA 812-118-268 Kocyk dziany Ry\u017c grafitowy to mi\u0119kki kocyk dla niemowl\u0105t o wymiarach 90 x 90 cm, wykonany w 100% z naturalnej bawe\u0142ny. Delikatny dla wra\u017cliwej sk\u00f3ry dziecka, pozwala jej oddycha\u0107 i zapewnia optymalne utrzymanie ciep\u0142a. Kocyk sprawdzi si\u0119 w domu, podczas spaceru i w podr\u00f3\u017cy. Produkt wyko\u0144czony w przemy\u015blanej, nowoczesnej kolorystyce. Pra\u0107 r\u0119cznie w [&hellip;]<\/p>\n","protected":false},"featured_media":11250,"comment_status":"open","ping_status":"closed","template":"","meta":[],"product_brand":[],"product_cat":[76,147,84,85],"product_tag":[],"class_list":{"0":"post-11252","1":"product","2":"type-product","3":"status-publish","4":"has-post-thumbnail","6":"product_cat-dziecko","7":"product_cat-kocyki","8":"product_cat-pokoj-dziecka","9":"product_cat-spanie","11":"first","12":"instock","13":"taxable","14":"shipping-taxable","15":"purchasable","16":"product-type-simple"},"_links":{"self":[{"href":"https:\/\/www.bobooaza.pl\/index.php\/wp-json\/wp\/v2\/product\/11252","targetHints":{"allow":["GET"]}}],"collection":[{"href":"https:\/\/www.bobooaza.pl\/index.php\/wp-json\/wp\/v2\/product"}],"about":[{"href":"https:\/\/www.bobooaza.pl\/index.php\/wp-json\/wp\/v2\/types\/product"}],"replies":[{"embeddable":true,"href":"https:\/\/www.bobooaza.pl\/index.php\/wp-json\/wp\/v2\/comments?post=11252"}],"wp:featuredmedia":[{"embeddable":true,"href":"https:\/\/www.bobooaza.pl\/index.php\/wp-json\/wp\/v2\/media\/11250"}],"wp:attachment":[{"href":"https:\/\/www.bobooaza.pl\/index.php\/wp-json\/wp\/v2\/media?parent=11252"}],"wp:term":[{"taxonomy":"product_brand","embeddable":true,"href":"https:\/\/www.bobooaza.pl\/index.php\/wp-json\/wp\/v2\/product_brand?post=11252"},{"taxonomy":"product_cat","embeddable":true,"href":"https:\/\/www.bobooaza.pl\/index.php\/wp-json\/wp\/v2\/product_cat?post=11252"},{"taxonomy":"product_tag","embeddable":true,"href":"https:\/\/www.bobooaza.pl\/index.php\/wp-json\/wp\/v2\/product_tag?post=11252"}],"curies":[{"name":"wp","href":"https:\/\/api.w.org\/{rel}","templated":true}]}}