{"id":11254,"date":"2026-01-07T19:00:34","date_gmt":"2026-01-07T18:00:34","guid":{"rendered":"https:\/\/bobooaza.pl\/index.php\/produkt\/matex-tb0149_45-kocyk-z-mikrofazy-z-kapturkiem-koala-do-fotelika-samochodowego-95x95-grafit\/"},"modified":"2026-01-07T19:12:06","modified_gmt":"2026-01-07T18:12:06","slug":"matex-tb0149_45-kocyk-z-mikrofazy-z-kapturkiem-koala-do-fotelika-samochodowego-95x95-grafit","status":"publish","type":"product","link":"https:\/\/www.bobooaza.pl\/index.php\/produkt\/matex-tb0149_45-kocyk-z-mikrofazy-z-kapturkiem-koala-do-fotelika-samochodowego-95x95-grafit\/","title":{"rendered":"MATEX [TB0149_45] Kocyk z mikrofazy z kapturkiem KOALA do fotelika samochodowego 95&#215;95 grafit"},"content":{"rendered":"<p>MATEX Kocyk z mikrofazy z kapturkiem KOALA do fotelika samochodowego 95&#215;95 cm w kolorze grafitowym. Posiada sze\u015b\u0107 naci\u0119\u0107 na pasy bezpiecze\u0144stwa, dzi\u0119ki czemu mo\u017cna go u\u017cywa\u0107 w fotelikach trzy- i pi\u0119ciopunktowych. Naci\u0119cia obszyte s\u0105 ekosk\u00f3r\u0105. Kocyk jest w pe\u0142ni bezpieczny dla sk\u00f3ry dziecka. Wykonany w 100% z poliestru.<\/p>\n","protected":false},"excerpt":{"rendered":"<p>MATEX Kocyk z mikrofazy z kapturkiem KOALA do fotelika samochodowego 95&#215;95 cm w kolorze grafitowym. Posiada sze\u015b\u0107 naci\u0119\u0107 na pasy bezpiecze\u0144stwa, dzi\u0119ki czemu mo\u017cna go u\u017cywa\u0107 w fotelikach trzy- i pi\u0119ciopunktowych. Naci\u0119cia obszyte s\u0105 ekosk\u00f3r\u0105. Kocyk jest w pe\u0142ni bezpieczny dla sk\u00f3ry dziecka. Wykonany w 100% z poliestru.<\/p>\n","protected":false},"featured_media":11253,"comment_status":"open","ping_status":"closed","template":"","meta":[],"product_brand":[],"product_cat":[76,147,84,85],"product_tag":[],"class_list":{"0":"post-11254","1":"product","2":"type-product","3":"status-publish","4":"has-post-thumbnail","6":"product_cat-dziecko","7":"product_cat-kocyki","8":"product_cat-pokoj-dziecka","9":"product_cat-spanie","11":"first","12":"instock","13":"taxable","14":"shipping-taxable","15":"purchasable","16":"product-type-simple"},"_links":{"self":[{"href":"https:\/\/www.bobooaza.pl\/index.php\/wp-json\/wp\/v2\/product\/11254","targetHints":{"allow":["GET"]}}],"collection":[{"href":"https:\/\/www.bobooaza.pl\/index.php\/wp-json\/wp\/v2\/product"}],"about":[{"href":"https:\/\/www.bobooaza.pl\/index.php\/wp-json\/wp\/v2\/types\/product"}],"replies":[{"embeddable":true,"href":"https:\/\/www.bobooaza.pl\/index.php\/wp-json\/wp\/v2\/comments?post=11254"}],"wp:featuredmedia":[{"embeddable":true,"href":"https:\/\/www.bobooaza.pl\/index.php\/wp-json\/wp\/v2\/media\/11253"}],"wp:attachment":[{"href":"https:\/\/www.bobooaza.pl\/index.php\/wp-json\/wp\/v2\/media?parent=11254"}],"wp:term":[{"taxonomy":"product_brand","embeddable":true,"href":"https:\/\/www.bobooaza.pl\/index.php\/wp-json\/wp\/v2\/product_brand?post=11254"},{"taxonomy":"product_cat","embeddable":true,"href":"https:\/\/www.bobooaza.pl\/index.php\/wp-json\/wp\/v2\/product_cat?post=11254"},{"taxonomy":"product_tag","embeddable":true,"href":"https:\/\/www.bobooaza.pl\/index.php\/wp-json\/wp\/v2\/product_tag?post=11254"}],"curies":[{"name":"wp","href":"https:\/\/api.w.org\/{rel}","templated":true}]}}