{"id":11270,"date":"2026-01-07T19:10:02","date_gmt":"2026-01-07T18:10:02","guid":{"rendered":"https:\/\/bobooaza.pl\/index.php\/produkt\/kieczmerski-otulacz-muslinowy-kocyk-do-nosidelka-fotelika-kubelkowego-75x75-cm-muslin-bawelna-100-jeans\/"},"modified":"2026-01-27T17:05:47","modified_gmt":"2026-01-27T16:05:47","slug":"kieczmerski-otulacz-muslinowy-kocyk-do-nosidelka-fotelika-kubelkowego-75x75-cm-muslin-bawelna-100-jeans","status":"publish","type":"product","link":"https:\/\/www.bobooaza.pl\/index.php\/produkt\/kieczmerski-otulacz-muslinowy-kocyk-do-nosidelka-fotelika-kubelkowego-75x75-cm-muslin-bawelna-100-jeans\/","title":{"rendered":"KIECZMERSKI Otulacz mu\u015blinowy &#8211; kocyk do noside\u0142ka, fotelika kube\u0142kowego 75&#215;75 cm MU\u015aLIN bawe\u0142na 100% jeans"},"content":{"rendered":"<p>KIECZMERSKI Otulacz mu\u015blinowy \u2013 kocyk do noside\u0142ka lub fotelika kube\u0142kowego w rozmiarze 75&#215;75 cm w kolorze jeans. Wykonany jest w 100% z certyfikowanej bawe\u0142ny mu\u015blinowej, lekki i dwuwarstwowy, co zapewnia komfort dziecku podczas spacer\u00f3w i drzemek. Otulacz posiada otwory na pasy, dzi\u0119ki czemu pasuje do noside\u0142ek, w\u00f3zk\u00f3w, fotelik\u00f3w i krzese\u0142ek kube\u0142kowych. Jest antyalergiczny, nie podra\u017cnia delikatnej sk\u00f3ry niemowl\u0105t, dobrze reguluje temperatur\u0119 i chroni przed przegrzaniem. Mo\u017cna pra\u0107 w pralce w temperaturze 30\u00b0C, wirowa\u0107 maksymalnie 800 obr.\/min, suszy\u0107 na p\u0142asko i prasowa\u0107 w niskiej temperaturze. Produkt polski, bezpieczny dla niemowl\u0105t, nale\u017cy trzyma\u0107 z dala od ognia i nie stosowa\u0107 w po\u0142\u0105czeniu z innymi elementami po\u015bcieli.<\/p>\n","protected":false},"excerpt":{"rendered":"<p>KIECZMERSKI Otulacz mu\u015blinowy \u2013 kocyk do noside\u0142ka lub fotelika kube\u0142kowego w rozmiarze 75&#215;75 cm w kolorze jeans. Wykonany jest w 100% z certyfikowanej bawe\u0142ny mu\u015blinowej, lekki i dwuwarstwowy, co zapewnia komfort dziecku podczas spacer\u00f3w i drzemek. Otulacz posiada otwory na pasy, dzi\u0119ki czemu pasuje do noside\u0142ek, w\u00f3zk\u00f3w, fotelik\u00f3w i krzese\u0142ek kube\u0142kowych. Jest antyalergiczny, nie podra\u017cnia [&hellip;]<\/p>\n","protected":false},"featured_media":11269,"comment_status":"open","ping_status":"closed","template":"","meta":[],"product_brand":[],"product_cat":[76,86,84,85],"product_tag":[],"class_list":{"0":"post-11270","1":"product","2":"type-product","3":"status-publish","4":"has-post-thumbnail","6":"product_cat-dziecko","7":"product_cat-otulacze","8":"product_cat-pokoj-dziecka","9":"product_cat-spanie","11":"first","12":"instock","13":"taxable","14":"shipping-taxable","15":"purchasable","16":"product-type-simple"},"_links":{"self":[{"href":"https:\/\/www.bobooaza.pl\/index.php\/wp-json\/wp\/v2\/product\/11270","targetHints":{"allow":["GET"]}}],"collection":[{"href":"https:\/\/www.bobooaza.pl\/index.php\/wp-json\/wp\/v2\/product"}],"about":[{"href":"https:\/\/www.bobooaza.pl\/index.php\/wp-json\/wp\/v2\/types\/product"}],"replies":[{"embeddable":true,"href":"https:\/\/www.bobooaza.pl\/index.php\/wp-json\/wp\/v2\/comments?post=11270"}],"wp:featuredmedia":[{"embeddable":true,"href":"https:\/\/www.bobooaza.pl\/index.php\/wp-json\/wp\/v2\/media\/11269"}],"wp:attachment":[{"href":"https:\/\/www.bobooaza.pl\/index.php\/wp-json\/wp\/v2\/media?parent=11270"}],"wp:term":[{"taxonomy":"product_brand","embeddable":true,"href":"https:\/\/www.bobooaza.pl\/index.php\/wp-json\/wp\/v2\/product_brand?post=11270"},{"taxonomy":"product_cat","embeddable":true,"href":"https:\/\/www.bobooaza.pl\/index.php\/wp-json\/wp\/v2\/product_cat?post=11270"},{"taxonomy":"product_tag","embeddable":true,"href":"https:\/\/www.bobooaza.pl\/index.php\/wp-json\/wp\/v2\/product_tag?post=11270"}],"curies":[{"name":"wp","href":"https:\/\/api.w.org\/{rel}","templated":true}]}}