{"id":11272,"date":"2026-01-07T19:10:03","date_gmt":"2026-01-07T18:10:03","guid":{"rendered":"https:\/\/bobooaza.pl\/index.php\/produkt\/kieczmerski-otulacz-muslinowy-kocyk-do-nosidelka-fotelika-kubelkowego-75x75-cm-muslin-bawelna-100-bez\/"},"modified":"2026-01-27T17:05:47","modified_gmt":"2026-01-27T16:05:47","slug":"kieczmerski-otulacz-muslinowy-kocyk-do-nosidelka-fotelika-kubelkowego-75x75-cm-muslin-bawelna-100-bez","status":"publish","type":"product","link":"https:\/\/www.bobooaza.pl\/index.php\/produkt\/kieczmerski-otulacz-muslinowy-kocyk-do-nosidelka-fotelika-kubelkowego-75x75-cm-muslin-bawelna-100-bez\/","title":{"rendered":"KIECZMERSKI Otulacz mu\u015blinowy &#8211; kocyk do noside\u0142ka, fotelika kube\u0142kowego 75&#215;75 cm MU\u015aLIN bawe\u0142na 100% be\u017c"},"content":{"rendered":"<p>KIECZMERSKI Otulacz mu\u015blinowy \u2013 kocyk do noside\u0142ka lub fotelika kube\u0142kowego w rozmiarze 75&#215;75 cm w kolorze ciep\u0142y be\u017c. Wykonany jest w 100% z certyfikowanej bawe\u0142ny mu\u015blinowej, lekki i dwuwarstwowy, zapewnia ochron\u0119 przed r\u00f3\u017cnic\u0105 temperatur i promieniami s\u0142o\u0144ca, nie powoduj\u0105c przegrzania dziecka. Posiada otwory na pasy, pasuje do noside\u0142ek, w\u00f3zk\u00f3w, fotelik\u00f3w i krzese\u0142ek kube\u0142kowych. Antyalergiczny, nie podra\u017cnia wra\u017cliwej sk\u00f3ry, dobrze reguluje temperatur\u0119 i ch\u0142onie wilgo\u0107. Mo\u017cna pra\u0107 w pralce w 30\u00b0C, wirowa\u0107 maksymalnie 800 obr.\/min, suszy\u0107 na p\u0142asko i prasowa\u0107 w niskiej temperaturze. Produkt polski, bezpieczny dla niemowl\u0105t, nale\u017cy trzyma\u0107 z dala od ognia i nie stosowa\u0107 razem z innymi elementami po\u015bcieli.<\/p>\n","protected":false},"excerpt":{"rendered":"<p>KIECZMERSKI Otulacz mu\u015blinowy \u2013 kocyk do noside\u0142ka lub fotelika kube\u0142kowego w rozmiarze 75&#215;75 cm w kolorze ciep\u0142y be\u017c. Wykonany jest w 100% z certyfikowanej bawe\u0142ny mu\u015blinowej, lekki i dwuwarstwowy, zapewnia ochron\u0119 przed r\u00f3\u017cnic\u0105 temperatur i promieniami s\u0142o\u0144ca, nie powoduj\u0105c przegrzania dziecka. Posiada otwory na pasy, pasuje do noside\u0142ek, w\u00f3zk\u00f3w, fotelik\u00f3w i krzese\u0142ek kube\u0142kowych. Antyalergiczny, nie [&hellip;]<\/p>\n","protected":false},"featured_media":11271,"comment_status":"open","ping_status":"closed","template":"","meta":[],"product_brand":[],"product_cat":[76,86,84,85],"product_tag":[],"class_list":{"0":"post-11272","1":"product","2":"type-product","3":"status-publish","4":"has-post-thumbnail","6":"product_cat-dziecko","7":"product_cat-otulacze","8":"product_cat-pokoj-dziecka","9":"product_cat-spanie","11":"first","12":"instock","13":"taxable","14":"shipping-taxable","15":"purchasable","16":"product-type-simple"},"_links":{"self":[{"href":"https:\/\/www.bobooaza.pl\/index.php\/wp-json\/wp\/v2\/product\/11272","targetHints":{"allow":["GET"]}}],"collection":[{"href":"https:\/\/www.bobooaza.pl\/index.php\/wp-json\/wp\/v2\/product"}],"about":[{"href":"https:\/\/www.bobooaza.pl\/index.php\/wp-json\/wp\/v2\/types\/product"}],"replies":[{"embeddable":true,"href":"https:\/\/www.bobooaza.pl\/index.php\/wp-json\/wp\/v2\/comments?post=11272"}],"wp:featuredmedia":[{"embeddable":true,"href":"https:\/\/www.bobooaza.pl\/index.php\/wp-json\/wp\/v2\/media\/11271"}],"wp:attachment":[{"href":"https:\/\/www.bobooaza.pl\/index.php\/wp-json\/wp\/v2\/media?parent=11272"}],"wp:term":[{"taxonomy":"product_brand","embeddable":true,"href":"https:\/\/www.bobooaza.pl\/index.php\/wp-json\/wp\/v2\/product_brand?post=11272"},{"taxonomy":"product_cat","embeddable":true,"href":"https:\/\/www.bobooaza.pl\/index.php\/wp-json\/wp\/v2\/product_cat?post=11272"},{"taxonomy":"product_tag","embeddable":true,"href":"https:\/\/www.bobooaza.pl\/index.php\/wp-json\/wp\/v2\/product_tag?post=11272"}],"curies":[{"name":"wp","href":"https:\/\/api.w.org\/{rel}","templated":true}]}}