{"id":11280,"date":"2026-01-07T19:10:08","date_gmt":"2026-01-07T18:10:08","guid":{"rendered":"https:\/\/bobooaza.pl\/index.php\/produkt\/kieczmerski-otulacz-120x120-muslin-bawelniany-bawelna-100-pudrowy-roz\/"},"modified":"2026-01-27T17:05:51","modified_gmt":"2026-01-27T16:05:51","slug":"kieczmerski-otulacz-120x120-muslin-bawelniany-bawelna-100-pudrowy-roz","status":"publish","type":"product","link":"https:\/\/www.bobooaza.pl\/index.php\/produkt\/kieczmerski-otulacz-120x120-muslin-bawelniany-bawelna-100-pudrowy-roz\/","title":{"rendered":"KIECZMERSKI Otulacz 120&#215;120 MU\u015aLIN BAWE\u0141NIANY bawe\u0142na 100% pudrowy r\u00f3\u017c"},"content":{"rendered":"<p>KIECZMERSKI Otulacz mu\u015blinowy 120&#215;120 cm w kolorze pudrowy r\u00f3\u017c, wykonany w 100% z podw\u00f3jnej gazy bawe\u0142nianej. Mi\u0119kki, delikatny i naturalny, nie podra\u017cnia sk\u00f3ry dziecka, dobrze ch\u0142onie wilgo\u0107 i zapewnia w\u0142a\u015bciwy przep\u0142yw powietrza. Mo\u017ce by\u0107 u\u017cywany od pierwszych dni \u017cycia jako lekka ko\u0142derka, otulacz, pieluszka do w\u00f3zka lub podk\u0142ad przy karmieniu. Produkt antyalergiczny, polski, bezpieczny dla niemowl\u0105t. Mo\u017cna pra\u0107 w pralce w 30\u00b0C, wirowa\u0107 maksymalnie 800 obr.\/min, suszy\u0107 na p\u0142asko i prasowa\u0107 w niskiej temperaturze. Nale\u017cy trzyma\u0107 z dala od ognia i nie u\u017cywa\u0107 przy uszkodzeniu materia\u0142u.<\/p>\n","protected":false},"excerpt":{"rendered":"<p>KIECZMERSKI Otulacz mu\u015blinowy 120&#215;120 cm w kolorze pudrowy r\u00f3\u017c, wykonany w 100% z podw\u00f3jnej gazy bawe\u0142nianej. Mi\u0119kki, delikatny i naturalny, nie podra\u017cnia sk\u00f3ry dziecka, dobrze ch\u0142onie wilgo\u0107 i zapewnia w\u0142a\u015bciwy przep\u0142yw powietrza. Mo\u017ce by\u0107 u\u017cywany od pierwszych dni \u017cycia jako lekka ko\u0142derka, otulacz, pieluszka do w\u00f3zka lub podk\u0142ad przy karmieniu. Produkt antyalergiczny, polski, bezpieczny dla [&hellip;]<\/p>\n","protected":false},"featured_media":11279,"comment_status":"open","ping_status":"closed","template":"","meta":[],"product_brand":[],"product_cat":[76,86,84,85],"product_tag":[],"class_list":{"0":"post-11280","1":"product","2":"type-product","3":"status-publish","4":"has-post-thumbnail","6":"product_cat-dziecko","7":"product_cat-otulacze","8":"product_cat-pokoj-dziecka","9":"product_cat-spanie","11":"first","12":"instock","13":"taxable","14":"shipping-taxable","15":"purchasable","16":"product-type-simple"},"_links":{"self":[{"href":"https:\/\/www.bobooaza.pl\/index.php\/wp-json\/wp\/v2\/product\/11280","targetHints":{"allow":["GET"]}}],"collection":[{"href":"https:\/\/www.bobooaza.pl\/index.php\/wp-json\/wp\/v2\/product"}],"about":[{"href":"https:\/\/www.bobooaza.pl\/index.php\/wp-json\/wp\/v2\/types\/product"}],"replies":[{"embeddable":true,"href":"https:\/\/www.bobooaza.pl\/index.php\/wp-json\/wp\/v2\/comments?post=11280"}],"wp:featuredmedia":[{"embeddable":true,"href":"https:\/\/www.bobooaza.pl\/index.php\/wp-json\/wp\/v2\/media\/11279"}],"wp:attachment":[{"href":"https:\/\/www.bobooaza.pl\/index.php\/wp-json\/wp\/v2\/media?parent=11280"}],"wp:term":[{"taxonomy":"product_brand","embeddable":true,"href":"https:\/\/www.bobooaza.pl\/index.php\/wp-json\/wp\/v2\/product_brand?post=11280"},{"taxonomy":"product_cat","embeddable":true,"href":"https:\/\/www.bobooaza.pl\/index.php\/wp-json\/wp\/v2\/product_cat?post=11280"},{"taxonomy":"product_tag","embeddable":true,"href":"https:\/\/www.bobooaza.pl\/index.php\/wp-json\/wp\/v2\/product_tag?post=11280"}],"curies":[{"name":"wp","href":"https:\/\/api.w.org\/{rel}","templated":true}]}}