{"id":11288,"date":"2026-01-07T19:10:15","date_gmt":"2026-01-07T18:10:15","guid":{"rendered":"https:\/\/bobooaza.pl\/index.php\/produkt\/akuku-a0686-kocyk-otulacz-recznik-muslinowy-110x105-cm-flamingi\/"},"modified":"2026-02-10T12:40:20","modified_gmt":"2026-02-10T11:40:20","slug":"akuku-a0686-kocyk-otulacz-recznik-muslinowy-110x105-cm-flamingi","status":"publish","type":"product","link":"https:\/\/www.bobooaza.pl\/index.php\/produkt\/akuku-a0686-kocyk-otulacz-recznik-muslinowy-110x105-cm-flamingi\/","title":{"rendered":"AKUKU A0686 Kocyk \/ otulacz \/ r\u0119cznik mu\u015blinowy 110&#215;105 cm Flamingi"},"content":{"rendered":"<p>Kocyk mu\u015blinowy Akuku A0686 w rozmiarze 110&#215;105 cm w wz\u00f3r Flamingi wykonany jest z sze\u015bciowarstwowej tetry z 100% bawe\u0142ny. Jest lekki, przewiewny i mi\u0119kki, delikatny dla wra\u017cliwej sk\u00f3ry dziecka, nie powoduje alergii ani podra\u017cnie\u0144. Mo\u017ce pe\u0142ni\u0107 funkcj\u0119 otulacza po k\u0105pieli, kocyka do spania, na spacerze lub w podr\u00f3\u017cy. Wysoka ch\u0142onno\u015b\u0107 utrzymuje sk\u00f3r\u0119 maluszka such\u0105. Produkt mo\u017cna pra\u0107 w pralce w temperaturze do 40\u00b0C lub r\u0119cznie, z podobnymi kolorami, stosuj\u0105c delikatne \u015brodki pior\u0105ce bez wybielaczy i chloru. Kurczliwo\u015b\u0107 po praniu wynosi oko\u0142o 5%. Przed pierwszym u\u017cyciem zaleca si\u0119 pranie wst\u0119pne. Produkt nale\u017cy regularnie kontrolowa\u0107 pod k\u0105tem zu\u017cycia i wyrzuci\u0107 w razie uszkodzenia.<\/p>\n","protected":false},"excerpt":{"rendered":"<p>Kocyk mu\u015blinowy Akuku A0686 w rozmiarze 110&#215;105 cm w wz\u00f3r Flamingi wykonany jest z sze\u015bciowarstwowej tetry z 100% bawe\u0142ny. Jest lekki, przewiewny i mi\u0119kki, delikatny dla wra\u017cliwej sk\u00f3ry dziecka, nie powoduje alergii ani podra\u017cnie\u0144. Mo\u017ce pe\u0142ni\u0107 funkcj\u0119 otulacza po k\u0105pieli, kocyka do spania, na spacerze lub w podr\u00f3\u017cy. Wysoka ch\u0142onno\u015b\u0107 utrzymuje sk\u00f3r\u0119 maluszka such\u0105. Produkt [&hellip;]<\/p>\n","protected":false},"featured_media":11285,"comment_status":"open","ping_status":"closed","template":"","meta":[],"product_brand":[],"product_cat":[74,73,76,68,82],"product_tag":[],"class_list":{"0":"post-11288","1":"product","2":"type-product","3":"status-publish","4":"has-post-thumbnail","6":"product_cat-akcesoria-do-kapieli","7":"product_cat-kapiel","8":"product_cat-dziecko","9":"product_cat-higiena-i-pielegnacja","10":"product_cat-reczniki-kapielowe","12":"first","13":"instock","14":"taxable","15":"shipping-taxable","16":"purchasable","17":"product-type-simple"},"_links":{"self":[{"href":"https:\/\/www.bobooaza.pl\/index.php\/wp-json\/wp\/v2\/product\/11288","targetHints":{"allow":["GET"]}}],"collection":[{"href":"https:\/\/www.bobooaza.pl\/index.php\/wp-json\/wp\/v2\/product"}],"about":[{"href":"https:\/\/www.bobooaza.pl\/index.php\/wp-json\/wp\/v2\/types\/product"}],"replies":[{"embeddable":true,"href":"https:\/\/www.bobooaza.pl\/index.php\/wp-json\/wp\/v2\/comments?post=11288"}],"wp:featuredmedia":[{"embeddable":true,"href":"https:\/\/www.bobooaza.pl\/index.php\/wp-json\/wp\/v2\/media\/11285"}],"wp:attachment":[{"href":"https:\/\/www.bobooaza.pl\/index.php\/wp-json\/wp\/v2\/media?parent=11288"}],"wp:term":[{"taxonomy":"product_brand","embeddable":true,"href":"https:\/\/www.bobooaza.pl\/index.php\/wp-json\/wp\/v2\/product_brand?post=11288"},{"taxonomy":"product_cat","embeddable":true,"href":"https:\/\/www.bobooaza.pl\/index.php\/wp-json\/wp\/v2\/product_cat?post=11288"},{"taxonomy":"product_tag","embeddable":true,"href":"https:\/\/www.bobooaza.pl\/index.php\/wp-json\/wp\/v2\/product_tag?post=11288"}],"curies":[{"name":"wp","href":"https:\/\/api.w.org\/{rel}","templated":true}]}}