{"id":11292,"date":"2026-01-07T19:41:00","date_gmt":"2026-01-07T18:41:00","guid":{"rendered":"https:\/\/bobooaza.pl\/index.php\/produkt\/albero-mio-rozek-niemowlecy-autka-w416\/"},"modified":"2026-01-07T19:53:42","modified_gmt":"2026-01-07T18:53:42","slug":"albero-mio-rozek-niemowlecy-autka-w416","status":"publish","type":"product","link":"https:\/\/www.bobooaza.pl\/index.php\/produkt\/albero-mio-rozek-niemowlecy-autka-w416\/","title":{"rendered":"ALBERO MIO Ro\u017cek niemowl\u0119cy Autka W416"},"content":{"rendered":"<p>ALBERO MIO Ro\u017cek niemowl\u0119cy Autka W416 to wielofunkcyjny ro\u017cek, kt\u00f3ry w pierwszych miesi\u0105cach \u017cycia sprawdza si\u0119 jako \u015bpiworek, zapewniaj\u0105c dziecku ciep\u0142o i poczucie bezpiecze\u0144stwa, a p\u00f3\u017aniej mo\u017ce pe\u0142ni\u0107 funkcj\u0119 maty do zabawy, kocyka lub \u015bpiworka do gondoli. Wykonany jest z bawe\u0142ny satynowej z nadrukiem i jednobarwnego weluru, z wszytym antyalergicznym wype\u0142nieniem silikonowym, kt\u00f3re izoluje ciep\u0142o i przepuszcza powietrze. Ro\u017cek nie posiada dodatkowego usztywnienia, dzi\u0119ki czemu utrzymuje naturaln\u0105 i wygodn\u0105 pozycj\u0119 noworodka. Produkt uszyty w Polsce, tkaniny posiadaj\u0105 certyfikat Oeko-Tex. Rozmiar po roz\u0142o\u017ceniu 75&#215;75 cm. Tkaniny: satyna 100% bawe\u0142na, welur 100% poliester; wype\u0142nienie 100% poliester silikonowany. Produkt nale\u017cy stosowa\u0107 pod nadzorem osoby doros\u0142ej.<\/p>\n","protected":false},"excerpt":{"rendered":"<p>ALBERO MIO Ro\u017cek niemowl\u0119cy Autka W416 to wielofunkcyjny ro\u017cek, kt\u00f3ry w pierwszych miesi\u0105cach \u017cycia sprawdza si\u0119 jako \u015bpiworek, zapewniaj\u0105c dziecku ciep\u0142o i poczucie bezpiecze\u0144stwa, a p\u00f3\u017aniej mo\u017ce pe\u0142ni\u0107 funkcj\u0119 maty do zabawy, kocyka lub \u015bpiworka do gondoli. Wykonany jest z bawe\u0142ny satynowej z nadrukiem i jednobarwnego weluru, z wszytym antyalergicznym wype\u0142nieniem silikonowym, kt\u00f3re izoluje ciep\u0142o [&hellip;]<\/p>\n","protected":false},"featured_media":11291,"comment_status":"open","ping_status":"closed","template":"","meta":[],"product_brand":[],"product_cat":[76,84,119,85],"product_tag":[],"class_list":{"0":"post-11292","1":"product","2":"type-product","3":"status-publish","4":"has-post-thumbnail","6":"product_cat-dziecko","7":"product_cat-pokoj-dziecka","8":"product_cat-rozki","9":"product_cat-spanie","11":"first","12":"instock","13":"taxable","14":"shipping-taxable","15":"purchasable","16":"product-type-simple"},"_links":{"self":[{"href":"https:\/\/www.bobooaza.pl\/index.php\/wp-json\/wp\/v2\/product\/11292","targetHints":{"allow":["GET"]}}],"collection":[{"href":"https:\/\/www.bobooaza.pl\/index.php\/wp-json\/wp\/v2\/product"}],"about":[{"href":"https:\/\/www.bobooaza.pl\/index.php\/wp-json\/wp\/v2\/types\/product"}],"replies":[{"embeddable":true,"href":"https:\/\/www.bobooaza.pl\/index.php\/wp-json\/wp\/v2\/comments?post=11292"}],"wp:featuredmedia":[{"embeddable":true,"href":"https:\/\/www.bobooaza.pl\/index.php\/wp-json\/wp\/v2\/media\/11291"}],"wp:attachment":[{"href":"https:\/\/www.bobooaza.pl\/index.php\/wp-json\/wp\/v2\/media?parent=11292"}],"wp:term":[{"taxonomy":"product_brand","embeddable":true,"href":"https:\/\/www.bobooaza.pl\/index.php\/wp-json\/wp\/v2\/product_brand?post=11292"},{"taxonomy":"product_cat","embeddable":true,"href":"https:\/\/www.bobooaza.pl\/index.php\/wp-json\/wp\/v2\/product_cat?post=11292"},{"taxonomy":"product_tag","embeddable":true,"href":"https:\/\/www.bobooaza.pl\/index.php\/wp-json\/wp\/v2\/product_tag?post=11292"}],"curies":[{"name":"wp","href":"https:\/\/api.w.org\/{rel}","templated":true}]}}