{"id":11296,"date":"2026-01-07T19:41:06","date_gmt":"2026-01-07T18:41:06","guid":{"rendered":"https:\/\/bobooaza.pl\/index.php\/produkt\/albero-mio-rozek-niemowlecy-cp1-retro-kwiatki\/"},"modified":"2026-01-19T21:54:34","modified_gmt":"2026-01-19T20:54:34","slug":"albero-mio-rozek-niemowlecy-cp1-retro-kwiatki","status":"publish","type":"product","link":"https:\/\/www.bobooaza.pl\/index.php\/produkt\/albero-mio-rozek-niemowlecy-cp1-retro-kwiatki\/","title":{"rendered":"ALBERO MIO Ro\u017cek niemowl\u0119cy CP1 Retro kwiatki"},"content":{"rendered":"<p>ALBERO MIO Ro\u017cek niemowl\u0119cy CP1 Retro kwiatki to ro\u017cek wykonany z satyny bawe\u0142nianej z nadrukiem kwiatk\u00f3w oraz z mi\u0119kkiego weluru bawe\u0142nianego. Ro\u017cek ma wszyte antyalergiczne wype\u0142nienie silikonowe, kt\u00f3re izoluje ciep\u0142o i przepuszcza powietrze, nie posiada dodatkowego usztywnienia, dzi\u0119ki czemu utrzymuje naturaln\u0105 i wygodn\u0105 pozycj\u0119 noworodka. Wi\u0105zany na kokard\u0119, pozwala na indywidualne dopasowanie rozmiaru do dziecka. Wyprodukowano w Polsce, tkaniny posiadaj\u0105 certyfikat Oeko-Tex. Rozmiar po roz\u0142o\u017ceniu 75&#215;75 cm, tkaniny 100% bawe\u0142na, wype\u0142nienie 100% poliester silikonowany. Produkt nale\u017cy stosowa\u0107 pod nadzorem osoby doros\u0142ej.<\/p>\n","protected":false},"excerpt":{"rendered":"<p>ALBERO MIO Ro\u017cek niemowl\u0119cy CP1 Retro kwiatki to ro\u017cek wykonany z satyny bawe\u0142nianej z nadrukiem kwiatk\u00f3w oraz z mi\u0119kkiego weluru bawe\u0142nianego. Ro\u017cek ma wszyte antyalergiczne wype\u0142nienie silikonowe, kt\u00f3re izoluje ciep\u0142o i przepuszcza powietrze, nie posiada dodatkowego usztywnienia, dzi\u0119ki czemu utrzymuje naturaln\u0105 i wygodn\u0105 pozycj\u0119 noworodka. Wi\u0105zany na kokard\u0119, pozwala na indywidualne dopasowanie rozmiaru do dziecka. [&hellip;]<\/p>\n","protected":false},"featured_media":11295,"comment_status":"open","ping_status":"closed","template":"","meta":[],"product_brand":[],"product_cat":[76,84,119,85],"product_tag":[],"class_list":{"0":"post-11296","1":"product","2":"type-product","3":"status-publish","4":"has-post-thumbnail","6":"product_cat-dziecko","7":"product_cat-pokoj-dziecka","8":"product_cat-rozki","9":"product_cat-spanie","11":"first","12":"instock","13":"taxable","14":"shipping-taxable","15":"purchasable","16":"product-type-simple"},"_links":{"self":[{"href":"https:\/\/www.bobooaza.pl\/index.php\/wp-json\/wp\/v2\/product\/11296","targetHints":{"allow":["GET"]}}],"collection":[{"href":"https:\/\/www.bobooaza.pl\/index.php\/wp-json\/wp\/v2\/product"}],"about":[{"href":"https:\/\/www.bobooaza.pl\/index.php\/wp-json\/wp\/v2\/types\/product"}],"replies":[{"embeddable":true,"href":"https:\/\/www.bobooaza.pl\/index.php\/wp-json\/wp\/v2\/comments?post=11296"}],"wp:featuredmedia":[{"embeddable":true,"href":"https:\/\/www.bobooaza.pl\/index.php\/wp-json\/wp\/v2\/media\/11295"}],"wp:attachment":[{"href":"https:\/\/www.bobooaza.pl\/index.php\/wp-json\/wp\/v2\/media?parent=11296"}],"wp:term":[{"taxonomy":"product_brand","embeddable":true,"href":"https:\/\/www.bobooaza.pl\/index.php\/wp-json\/wp\/v2\/product_brand?post=11296"},{"taxonomy":"product_cat","embeddable":true,"href":"https:\/\/www.bobooaza.pl\/index.php\/wp-json\/wp\/v2\/product_cat?post=11296"},{"taxonomy":"product_tag","embeddable":true,"href":"https:\/\/www.bobooaza.pl\/index.php\/wp-json\/wp\/v2\/product_tag?post=11296"}],"curies":[{"name":"wp","href":"https:\/\/api.w.org\/{rel}","templated":true}]}}