{"id":11300,"date":"2026-01-07T19:41:09","date_gmt":"2026-01-07T18:41:09","guid":{"rendered":"https:\/\/bobooaza.pl\/index.php\/produkt\/albero-mio-rozek-niemowlecy-cp3-ksiezycowy-jezyk\/"},"modified":"2026-01-07T19:53:46","modified_gmt":"2026-01-07T18:53:46","slug":"albero-mio-rozek-niemowlecy-cp3-ksiezycowy-jezyk","status":"publish","type":"product","link":"https:\/\/www.bobooaza.pl\/index.php\/produkt\/albero-mio-rozek-niemowlecy-cp3-ksiezycowy-jezyk\/","title":{"rendered":"ALBERO MIO Ro\u017cek niemowl\u0119cy CP3 Ksi\u0119\u017cycowy je\u017cyk"},"content":{"rendered":"<p>ALBERO MIO Ro\u017cek niemowl\u0119cy CP3 Ksi\u0119\u017cycowy je\u017cyk to ro\u017cek wykonany z wysokiej jako\u015bci satyny bawe\u0142nianej i weluru bawe\u0142nianego, zapewniaj\u0105cy mi\u0119kko\u015b\u0107, komfort i bezpiecze\u0144stwo dla sk\u00f3ry dziecka. Satyna posiada delikatny nadruk szarych pas\u00f3w z postaci\u0105 je\u017cyka na ksi\u0119\u017cycu, a druga strona wykonana jest z mi\u0119kkiego weluru. Ro\u017cek ma wszyte antyalergiczne wype\u0142nienie silikonowe, kt\u00f3re izoluje ciep\u0142o i przepuszcza powietrze, nie posiada dodatkowego usztywnienia, dzi\u0119ki czemu utrzymuje naturaln\u0105 pozycj\u0119 niemowlaka. Wi\u0105zany na kokard\u0119, umo\u017cliwia dopasowanie rozmiaru do dziecka. Wyprodukowano w Polsce, tkaniny posiadaj\u0105 certyfikat Oeko-Tex. Rozmiar po roz\u0142o\u017ceniu 75&#215;75 cm, tkaniny 100% bawe\u0142na, wype\u0142nienie 100% poliester silikonowany. Produkt nale\u017cy stosowa\u0107 pod nadzorem osoby doros\u0142ej.<\/p>\n","protected":false},"excerpt":{"rendered":"<p>ALBERO MIO Ro\u017cek niemowl\u0119cy CP3 Ksi\u0119\u017cycowy je\u017cyk to ro\u017cek wykonany z wysokiej jako\u015bci satyny bawe\u0142nianej i weluru bawe\u0142nianego, zapewniaj\u0105cy mi\u0119kko\u015b\u0107, komfort i bezpiecze\u0144stwo dla sk\u00f3ry dziecka. Satyna posiada delikatny nadruk szarych pas\u00f3w z postaci\u0105 je\u017cyka na ksi\u0119\u017cycu, a druga strona wykonana jest z mi\u0119kkiego weluru. Ro\u017cek ma wszyte antyalergiczne wype\u0142nienie silikonowe, kt\u00f3re izoluje ciep\u0142o i [&hellip;]<\/p>\n","protected":false},"featured_media":11299,"comment_status":"open","ping_status":"closed","template":"","meta":[],"product_brand":[],"product_cat":[76,84,119,85],"product_tag":[],"class_list":{"0":"post-11300","1":"product","2":"type-product","3":"status-publish","4":"has-post-thumbnail","6":"product_cat-dziecko","7":"product_cat-pokoj-dziecka","8":"product_cat-rozki","9":"product_cat-spanie","11":"first","12":"instock","13":"taxable","14":"shipping-taxable","15":"purchasable","16":"product-type-simple"},"_links":{"self":[{"href":"https:\/\/www.bobooaza.pl\/index.php\/wp-json\/wp\/v2\/product\/11300","targetHints":{"allow":["GET"]}}],"collection":[{"href":"https:\/\/www.bobooaza.pl\/index.php\/wp-json\/wp\/v2\/product"}],"about":[{"href":"https:\/\/www.bobooaza.pl\/index.php\/wp-json\/wp\/v2\/types\/product"}],"replies":[{"embeddable":true,"href":"https:\/\/www.bobooaza.pl\/index.php\/wp-json\/wp\/v2\/comments?post=11300"}],"wp:featuredmedia":[{"embeddable":true,"href":"https:\/\/www.bobooaza.pl\/index.php\/wp-json\/wp\/v2\/media\/11299"}],"wp:attachment":[{"href":"https:\/\/www.bobooaza.pl\/index.php\/wp-json\/wp\/v2\/media?parent=11300"}],"wp:term":[{"taxonomy":"product_brand","embeddable":true,"href":"https:\/\/www.bobooaza.pl\/index.php\/wp-json\/wp\/v2\/product_brand?post=11300"},{"taxonomy":"product_cat","embeddable":true,"href":"https:\/\/www.bobooaza.pl\/index.php\/wp-json\/wp\/v2\/product_cat?post=11300"},{"taxonomy":"product_tag","embeddable":true,"href":"https:\/\/www.bobooaza.pl\/index.php\/wp-json\/wp\/v2\/product_tag?post=11300"}],"curies":[{"name":"wp","href":"https:\/\/api.w.org\/{rel}","templated":true}]}}