{"id":11306,"date":"2026-01-07T19:41:16","date_gmt":"2026-01-07T18:41:16","guid":{"rendered":"https:\/\/bobooaza.pl\/index.php\/produkt\/albero-mio-rozek-niemowlecy-cotton-color-cc2-bez\/"},"modified":"2026-01-19T21:54:35","modified_gmt":"2026-01-19T20:54:35","slug":"albero-mio-rozek-niemowlecy-cotton-color-cc2-bez","status":"publish","type":"product","link":"https:\/\/www.bobooaza.pl\/index.php\/produkt\/albero-mio-rozek-niemowlecy-cotton-color-cc2-bez\/","title":{"rendered":"ALBERO MIO Ro\u017cek niemowl\u0119cy Cotton color CC2 be\u017c"},"content":{"rendered":"<p>ALBERO MIO Ro\u017cek niemowl\u0119cy Cotton color CC2 be\u017c jest wykonany z mi\u0119kkiego i delikatnego mu\u015blinu bawe\u0142nianego double gaze, sk\u0142adaj\u0105cego si\u0119 z dw\u00f3ch po\u0142\u0105czonych warstw tkaniny, co nadaje mu lekk\u0105 i oddychaj\u0105c\u0105 struktur\u0119. Ro\u017cek jest przyjemny w dotyku, bezpieczny dla sk\u00f3ry dziecka i posiada wszyte antyalergiczne wype\u0142nienie z w\u0142\u00f3kniny silikonowej, kt\u00f3re izoluje ciep\u0142o i przepuszcza powietrze. Nie posiada dodatkowego usztywnienia, co pozwala na utrzymanie naturalnej i wygodnej pozycji noworodka. Wi\u0105zany na kokard\u0119, umo\u017cliwia dopasowanie rozmiaru do potrzeb dziecka. Dodatkow\u0105 ozdob\u0105 jest falbanka, kt\u00f3ra nadaje ro\u017ckowi elegancji. Mo\u017ce by\u0107 u\u017cywany jako kocyk, ochraniacz na \u0142\u00f3\u017ceczko, otulacz lub podk\u0142adka piel\u0119gnacyjna. Ro\u017cek ma wymiary 75&#215;75 cm, jest wyprodukowany w Polsce z materia\u0142\u00f3w posiadaj\u0105cych certyfikat Oeko-Tex.<\/p>\n","protected":false},"excerpt":{"rendered":"<p>ALBERO MIO Ro\u017cek niemowl\u0119cy Cotton color CC2 be\u017c jest wykonany z mi\u0119kkiego i delikatnego mu\u015blinu bawe\u0142nianego double gaze, sk\u0142adaj\u0105cego si\u0119 z dw\u00f3ch po\u0142\u0105czonych warstw tkaniny, co nadaje mu lekk\u0105 i oddychaj\u0105c\u0105 struktur\u0119. Ro\u017cek jest przyjemny w dotyku, bezpieczny dla sk\u00f3ry dziecka i posiada wszyte antyalergiczne wype\u0142nienie z w\u0142\u00f3kniny silikonowej, kt\u00f3re izoluje ciep\u0142o i przepuszcza powietrze. [&hellip;]<\/p>\n","protected":false},"featured_media":11305,"comment_status":"open","ping_status":"closed","template":"","meta":[],"product_brand":[],"product_cat":[76,84,119,85],"product_tag":[],"class_list":{"0":"post-11306","1":"product","2":"type-product","3":"status-publish","4":"has-post-thumbnail","6":"product_cat-dziecko","7":"product_cat-pokoj-dziecka","8":"product_cat-rozki","9":"product_cat-spanie","11":"first","12":"instock","13":"taxable","14":"shipping-taxable","15":"purchasable","16":"product-type-simple"},"_links":{"self":[{"href":"https:\/\/www.bobooaza.pl\/index.php\/wp-json\/wp\/v2\/product\/11306","targetHints":{"allow":["GET"]}}],"collection":[{"href":"https:\/\/www.bobooaza.pl\/index.php\/wp-json\/wp\/v2\/product"}],"about":[{"href":"https:\/\/www.bobooaza.pl\/index.php\/wp-json\/wp\/v2\/types\/product"}],"replies":[{"embeddable":true,"href":"https:\/\/www.bobooaza.pl\/index.php\/wp-json\/wp\/v2\/comments?post=11306"}],"wp:featuredmedia":[{"embeddable":true,"href":"https:\/\/www.bobooaza.pl\/index.php\/wp-json\/wp\/v2\/media\/11305"}],"wp:attachment":[{"href":"https:\/\/www.bobooaza.pl\/index.php\/wp-json\/wp\/v2\/media?parent=11306"}],"wp:term":[{"taxonomy":"product_brand","embeddable":true,"href":"https:\/\/www.bobooaza.pl\/index.php\/wp-json\/wp\/v2\/product_brand?post=11306"},{"taxonomy":"product_cat","embeddable":true,"href":"https:\/\/www.bobooaza.pl\/index.php\/wp-json\/wp\/v2\/product_cat?post=11306"},{"taxonomy":"product_tag","embeddable":true,"href":"https:\/\/www.bobooaza.pl\/index.php\/wp-json\/wp\/v2\/product_tag?post=11306"}],"curies":[{"name":"wp","href":"https:\/\/api.w.org\/{rel}","templated":true}]}}