{"id":11316,"date":"2026-01-07T19:41:23","date_gmt":"2026-01-07T18:41:23","guid":{"rendered":"https:\/\/bobooaza.pl\/index.php\/produkt\/kieczmerski-rozek-standard-wiazany-miminu-soft-0-3m-bez\/"},"modified":"2026-01-19T21:54:37","modified_gmt":"2026-01-19T20:54:37","slug":"kieczmerski-rozek-standard-wiazany-miminu-soft-0-3m-bez","status":"publish","type":"product","link":"https:\/\/www.bobooaza.pl\/index.php\/produkt\/kieczmerski-rozek-standard-wiazany-miminu-soft-0-3m-bez\/","title":{"rendered":"KIECZMERSKI Ro\u017cek standard wi\u0105zany MIMINU SOFT 0-3m be\u017c"},"content":{"rendered":"<p>KIECZMERSKI Ro\u017cek standard wi\u0105zany MIMINU SOFT 0-3m be\u017c to ro\u017cek niemowl\u0119cy o wymiarach 75&#215;75 cm wykonany z dw\u00f3ch warstw naturalnej dzianiny bawe\u0142nianej typu interlock, kt\u00f3ra jest mi\u0119kka, delikatna i przewiewna. Ro\u017cek dopasowuje si\u0119 do kszta\u0142tu cia\u0142a dziecka, zachowuj\u0105c odpowiedni\u0105 twardo\u015b\u0107, u\u0142atwia przenoszenie, karmienie i usypianie niemowlaka. Jest wi\u0105zany na kokard\u0119 i dodatkowo zapinany na rzep, co pozwala na indywidualne dopasowanie. Wype\u0142nienie stanowi antyalergiczny silikonowany poliester, lekki i przewiewny, zapewniaj\u0105cy komfort i bezpiecze\u0144stwo oraz chroni\u0105cy przed przegrzewaniem. Ro\u017cek jest ca\u0142oroczny, pastelowy be\u017cowy, uszyty w Polsce i posiada odpowiednie atesty. Mo\u017cna go pra\u0107 w pralce w 30\u00b0C i wirowa\u0107 na obrotach do 800. Przeznaczony dla dzieci od 0 do 3 miesi\u0119cy.<\/p>\n","protected":false},"excerpt":{"rendered":"<p>KIECZMERSKI Ro\u017cek standard wi\u0105zany MIMINU SOFT 0-3m be\u017c to ro\u017cek niemowl\u0119cy o wymiarach 75&#215;75 cm wykonany z dw\u00f3ch warstw naturalnej dzianiny bawe\u0142nianej typu interlock, kt\u00f3ra jest mi\u0119kka, delikatna i przewiewna. Ro\u017cek dopasowuje si\u0119 do kszta\u0142tu cia\u0142a dziecka, zachowuj\u0105c odpowiedni\u0105 twardo\u015b\u0107, u\u0142atwia przenoszenie, karmienie i usypianie niemowlaka. Jest wi\u0105zany na kokard\u0119 i dodatkowo zapinany na rzep, [&hellip;]<\/p>\n","protected":false},"featured_media":11315,"comment_status":"open","ping_status":"closed","template":"","meta":[],"product_brand":[],"product_cat":[76,84,119,85],"product_tag":[],"class_list":{"0":"post-11316","1":"product","2":"type-product","3":"status-publish","4":"has-post-thumbnail","6":"product_cat-dziecko","7":"product_cat-pokoj-dziecka","8":"product_cat-rozki","9":"product_cat-spanie","11":"first","12":"instock","13":"taxable","14":"shipping-taxable","15":"purchasable","16":"product-type-simple"},"_links":{"self":[{"href":"https:\/\/www.bobooaza.pl\/index.php\/wp-json\/wp\/v2\/product\/11316","targetHints":{"allow":["GET"]}}],"collection":[{"href":"https:\/\/www.bobooaza.pl\/index.php\/wp-json\/wp\/v2\/product"}],"about":[{"href":"https:\/\/www.bobooaza.pl\/index.php\/wp-json\/wp\/v2\/types\/product"}],"replies":[{"embeddable":true,"href":"https:\/\/www.bobooaza.pl\/index.php\/wp-json\/wp\/v2\/comments?post=11316"}],"wp:featuredmedia":[{"embeddable":true,"href":"https:\/\/www.bobooaza.pl\/index.php\/wp-json\/wp\/v2\/media\/11315"}],"wp:attachment":[{"href":"https:\/\/www.bobooaza.pl\/index.php\/wp-json\/wp\/v2\/media?parent=11316"}],"wp:term":[{"taxonomy":"product_brand","embeddable":true,"href":"https:\/\/www.bobooaza.pl\/index.php\/wp-json\/wp\/v2\/product_brand?post=11316"},{"taxonomy":"product_cat","embeddable":true,"href":"https:\/\/www.bobooaza.pl\/index.php\/wp-json\/wp\/v2\/product_cat?post=11316"},{"taxonomy":"product_tag","embeddable":true,"href":"https:\/\/www.bobooaza.pl\/index.php\/wp-json\/wp\/v2\/product_tag?post=11316"}],"curies":[{"name":"wp","href":"https:\/\/api.w.org\/{rel}","templated":true}]}}