{"id":11318,"date":"2026-01-07T19:41:25","date_gmt":"2026-01-07T18:41:25","guid":{"rendered":"https:\/\/bobooaza.pl\/index.php\/produkt\/albero-mio-rozek-niemowlecy-cotton-color-cc0-wanilia\/"},"modified":"2026-01-07T19:53:51","modified_gmt":"2026-01-07T18:53:51","slug":"albero-mio-rozek-niemowlecy-cotton-color-cc0-wanilia","status":"publish","type":"product","link":"https:\/\/www.bobooaza.pl\/index.php\/produkt\/albero-mio-rozek-niemowlecy-cotton-color-cc0-wanilia\/","title":{"rendered":"ALBERO MIO Ro\u017cek niemowl\u0119cy Cotton color CC0 wanilia"},"content":{"rendered":"<p>ALBERO MIO Ro\u017cek niemowl\u0119cy Cotton Color CC0 Wanilia to ro\u017cek 75&#215;75 cm wykonany z mi\u0119kkiej i delikatnej tkaniny double gaze, czyli 100% mu\u015blinu bawe\u0142nianego. Jest idealny do wyprawki ka\u017cdego niemowlaka, zapewnia komfort i bezpiecze\u0144stwo dla sk\u00f3ry dziecka, poniewa\u017c materia\u0142 jest lekki, oddychaj\u0105cy i przyjemny w dotyku. Ro\u017cek posiada antyalergiczne wype\u0142nienie silikonowe z poliesteru, kt\u00f3re dobrze izoluje ciep\u0142o i przepuszcza powietrze. Nie jest usztywniany, co pozwala na utrzymanie naturalnej, wygodnej pozycji dziecka. Wi\u0105zany na kokard\u0119, umo\u017cliwia indywidualne dopasowanie rozmiaru. Dodatkow\u0105 ozdob\u0105 jest falbanka, nadaj\u0105ca ro\u017ckowi elegancji i uroku, dzi\u0119ki czemu mo\u017ce pe\u0142ni\u0107 r\u00f3wnie\u017c funkcj\u0119 modnego elementu pokoju dzieci\u0119cego. Produkt mo\u017ce by\u0107 u\u017cywany jako kocyk, otulacz, podk\u0142adka piel\u0119gnacyjna lub ochraniacz do \u0142\u00f3\u017ceczka. Ro\u017cek jest uszyty w Polsce z materia\u0142\u00f3w posiadaj\u0105cych certyfikat Oeko-Tex, co gwarantuje bezpiecze\u0144stwo dla dzieci. Nale\u017cy stosowa\u0107 go pod opiek\u0105 osoby doros\u0142ej. Rozmiar po roz\u0142o\u017ceniu wynosi 75&#215;75 cm. Tkanina to 100% bawe\u0142na double gaze, wype\u0142nienie to 100% poliester w\u0142\u00f3knina silikonowa, antyalergiczna.<\/p>\n","protected":false},"excerpt":{"rendered":"<p>ALBERO MIO Ro\u017cek niemowl\u0119cy Cotton Color CC0 Wanilia to ro\u017cek 75&#215;75 cm wykonany z mi\u0119kkiej i delikatnej tkaniny double gaze, czyli 100% mu\u015blinu bawe\u0142nianego. Jest idealny do wyprawki ka\u017cdego niemowlaka, zapewnia komfort i bezpiecze\u0144stwo dla sk\u00f3ry dziecka, poniewa\u017c materia\u0142 jest lekki, oddychaj\u0105cy i przyjemny w dotyku. Ro\u017cek posiada antyalergiczne wype\u0142nienie silikonowe z poliesteru, kt\u00f3re dobrze [&hellip;]<\/p>\n","protected":false},"featured_media":11317,"comment_status":"open","ping_status":"closed","template":"","meta":[],"product_brand":[],"product_cat":[76,84,119,85],"product_tag":[],"class_list":{"0":"post-11318","1":"product","2":"type-product","3":"status-publish","4":"has-post-thumbnail","6":"product_cat-dziecko","7":"product_cat-pokoj-dziecka","8":"product_cat-rozki","9":"product_cat-spanie","11":"first","12":"instock","13":"taxable","14":"shipping-taxable","15":"purchasable","16":"product-type-simple"},"_links":{"self":[{"href":"https:\/\/www.bobooaza.pl\/index.php\/wp-json\/wp\/v2\/product\/11318","targetHints":{"allow":["GET"]}}],"collection":[{"href":"https:\/\/www.bobooaza.pl\/index.php\/wp-json\/wp\/v2\/product"}],"about":[{"href":"https:\/\/www.bobooaza.pl\/index.php\/wp-json\/wp\/v2\/types\/product"}],"replies":[{"embeddable":true,"href":"https:\/\/www.bobooaza.pl\/index.php\/wp-json\/wp\/v2\/comments?post=11318"}],"wp:featuredmedia":[{"embeddable":true,"href":"https:\/\/www.bobooaza.pl\/index.php\/wp-json\/wp\/v2\/media\/11317"}],"wp:attachment":[{"href":"https:\/\/www.bobooaza.pl\/index.php\/wp-json\/wp\/v2\/media?parent=11318"}],"wp:term":[{"taxonomy":"product_brand","embeddable":true,"href":"https:\/\/www.bobooaza.pl\/index.php\/wp-json\/wp\/v2\/product_brand?post=11318"},{"taxonomy":"product_cat","embeddable":true,"href":"https:\/\/www.bobooaza.pl\/index.php\/wp-json\/wp\/v2\/product_cat?post=11318"},{"taxonomy":"product_tag","embeddable":true,"href":"https:\/\/www.bobooaza.pl\/index.php\/wp-json\/wp\/v2\/product_tag?post=11318"}],"curies":[{"name":"wp","href":"https:\/\/api.w.org\/{rel}","templated":true}]}}