{"id":11320,"date":"2026-01-07T19:41:27","date_gmt":"2026-01-07T18:41:27","guid":{"rendered":"https:\/\/bobooaza.pl\/index.php\/produkt\/kieczmerski-rozek-standard-wiazany-miminu-soft-0-3m-szary\/"},"modified":"2026-01-19T21:54:38","modified_gmt":"2026-01-19T20:54:38","slug":"kieczmerski-rozek-standard-wiazany-miminu-soft-0-3m-szary","status":"publish","type":"product","link":"https:\/\/www.bobooaza.pl\/index.php\/produkt\/kieczmerski-rozek-standard-wiazany-miminu-soft-0-3m-szary\/","title":{"rendered":"KIECZMERSKI Ro\u017cek standard wi\u0105zany MIMINU SOFT 0-3m szary"},"content":{"rendered":"<p>KIECZMERSKI Ro\u017cek standard wi\u0105zany MIMINU SOFT 0-3m szary<\/p>\n<p>Ro\u017cek niemowl\u0119cy wi\u0105zany 75&#215;75 cm z kolekcji MimiNu Soft, wykonany r\u0119cznie z dw\u00f3ch warstw naturalnej dzianiny bawe\u0142nianej typu interlock (100%). Wype\u0142nienie stanowi antyalergiczny wk\u0142ad silikonowany, lekki i przewiewny, zapewniaj\u0105cy komfort i bezpiecze\u0144stwo snu dziecka. Ro\u017cek dopasowuje si\u0119 do cia\u0142a niemowlaka, u\u0142atwia karmienie i usypianie. Zapinany na rzep i wi\u0105zany kokard\u0105, ca\u0142oroczny, nie powoduje podra\u017cnie\u0144 ani alergii. Kolor szary, pastelowy.<\/p>\n","protected":false},"excerpt":{"rendered":"<p>KIECZMERSKI Ro\u017cek standard wi\u0105zany MIMINU SOFT 0-3m szary Ro\u017cek niemowl\u0119cy wi\u0105zany 75&#215;75 cm z kolekcji MimiNu Soft, wykonany r\u0119cznie z dw\u00f3ch warstw naturalnej dzianiny bawe\u0142nianej typu interlock (100%). Wype\u0142nienie stanowi antyalergiczny wk\u0142ad silikonowany, lekki i przewiewny, zapewniaj\u0105cy komfort i bezpiecze\u0144stwo snu dziecka. Ro\u017cek dopasowuje si\u0119 do cia\u0142a niemowlaka, u\u0142atwia karmienie i usypianie. Zapinany na rzep [&hellip;]<\/p>\n","protected":false},"featured_media":11319,"comment_status":"open","ping_status":"closed","template":"","meta":[],"product_brand":[],"product_cat":[76,84,119,85],"product_tag":[],"class_list":{"0":"post-11320","1":"product","2":"type-product","3":"status-publish","4":"has-post-thumbnail","6":"product_cat-dziecko","7":"product_cat-pokoj-dziecka","8":"product_cat-rozki","9":"product_cat-spanie","11":"first","12":"instock","13":"taxable","14":"shipping-taxable","15":"purchasable","16":"product-type-simple"},"_links":{"self":[{"href":"https:\/\/www.bobooaza.pl\/index.php\/wp-json\/wp\/v2\/product\/11320","targetHints":{"allow":["GET"]}}],"collection":[{"href":"https:\/\/www.bobooaza.pl\/index.php\/wp-json\/wp\/v2\/product"}],"about":[{"href":"https:\/\/www.bobooaza.pl\/index.php\/wp-json\/wp\/v2\/types\/product"}],"replies":[{"embeddable":true,"href":"https:\/\/www.bobooaza.pl\/index.php\/wp-json\/wp\/v2\/comments?post=11320"}],"wp:featuredmedia":[{"embeddable":true,"href":"https:\/\/www.bobooaza.pl\/index.php\/wp-json\/wp\/v2\/media\/11319"}],"wp:attachment":[{"href":"https:\/\/www.bobooaza.pl\/index.php\/wp-json\/wp\/v2\/media?parent=11320"}],"wp:term":[{"taxonomy":"product_brand","embeddable":true,"href":"https:\/\/www.bobooaza.pl\/index.php\/wp-json\/wp\/v2\/product_brand?post=11320"},{"taxonomy":"product_cat","embeddable":true,"href":"https:\/\/www.bobooaza.pl\/index.php\/wp-json\/wp\/v2\/product_cat?post=11320"},{"taxonomy":"product_tag","embeddable":true,"href":"https:\/\/www.bobooaza.pl\/index.php\/wp-json\/wp\/v2\/product_tag?post=11320"}],"curies":[{"name":"wp","href":"https:\/\/api.w.org\/{rel}","templated":true}]}}