{"id":11322,"date":"2026-01-07T19:41:31","date_gmt":"2026-01-07T18:41:31","guid":{"rendered":"https:\/\/bobooaza.pl\/index.php\/produkt\/albero-mio-rozek-niemowlecy-c012-africa-world\/"},"modified":"2026-01-19T21:54:39","modified_gmt":"2026-01-19T20:54:39","slug":"albero-mio-rozek-niemowlecy-c012-africa-world","status":"publish","type":"product","link":"https:\/\/www.bobooaza.pl\/index.php\/produkt\/albero-mio-rozek-niemowlecy-c012-africa-world\/","title":{"rendered":"ALBERO MIO Ro\u017cek niemowl\u0119cy C012 Africa world"},"content":{"rendered":"<p>ALBERO MIO Ro\u017cek niemowl\u0119cy C012 Africa world<\/p>\n<p>Ro\u017cek niemowl\u0119cy 75&#215;75 cm wykonany z 100% bawe\u0142ny. Wype\u0142nienie antyalergiczne z w\u0142\u00f3kniny silikonowej, 100% poliester. Produkt zapewnia komfort i bezpiecze\u0144stwo dla sk\u00f3ry dziecka, mo\u017ce by\u0107 u\u017cywany do owijania, jako kocyk lub podk\u0142adka piel\u0119gnacyjna.<\/p>\n","protected":false},"excerpt":{"rendered":"<p>ALBERO MIO Ro\u017cek niemowl\u0119cy C012 Africa world Ro\u017cek niemowl\u0119cy 75&#215;75 cm wykonany z 100% bawe\u0142ny. Wype\u0142nienie antyalergiczne z w\u0142\u00f3kniny silikonowej, 100% poliester. Produkt zapewnia komfort i bezpiecze\u0144stwo dla sk\u00f3ry dziecka, mo\u017ce by\u0107 u\u017cywany do owijania, jako kocyk lub podk\u0142adka piel\u0119gnacyjna.<\/p>\n","protected":false},"featured_media":11321,"comment_status":"open","ping_status":"closed","template":"","meta":[],"product_brand":[],"product_cat":[76,84,119,85],"product_tag":[],"class_list":{"0":"post-11322","1":"product","2":"type-product","3":"status-publish","4":"has-post-thumbnail","6":"product_cat-dziecko","7":"product_cat-pokoj-dziecka","8":"product_cat-rozki","9":"product_cat-spanie","11":"first","12":"instock","13":"taxable","14":"shipping-taxable","15":"purchasable","16":"product-type-simple"},"_links":{"self":[{"href":"https:\/\/www.bobooaza.pl\/index.php\/wp-json\/wp\/v2\/product\/11322","targetHints":{"allow":["GET"]}}],"collection":[{"href":"https:\/\/www.bobooaza.pl\/index.php\/wp-json\/wp\/v2\/product"}],"about":[{"href":"https:\/\/www.bobooaza.pl\/index.php\/wp-json\/wp\/v2\/types\/product"}],"replies":[{"embeddable":true,"href":"https:\/\/www.bobooaza.pl\/index.php\/wp-json\/wp\/v2\/comments?post=11322"}],"wp:featuredmedia":[{"embeddable":true,"href":"https:\/\/www.bobooaza.pl\/index.php\/wp-json\/wp\/v2\/media\/11321"}],"wp:attachment":[{"href":"https:\/\/www.bobooaza.pl\/index.php\/wp-json\/wp\/v2\/media?parent=11322"}],"wp:term":[{"taxonomy":"product_brand","embeddable":true,"href":"https:\/\/www.bobooaza.pl\/index.php\/wp-json\/wp\/v2\/product_brand?post=11322"},{"taxonomy":"product_cat","embeddable":true,"href":"https:\/\/www.bobooaza.pl\/index.php\/wp-json\/wp\/v2\/product_cat?post=11322"},{"taxonomy":"product_tag","embeddable":true,"href":"https:\/\/www.bobooaza.pl\/index.php\/wp-json\/wp\/v2\/product_tag?post=11322"}],"curies":[{"name":"wp","href":"https:\/\/api.w.org\/{rel}","templated":true}]}}