{"id":11324,"date":"2026-01-07T19:41:33","date_gmt":"2026-01-07T18:41:33","guid":{"rendered":"https:\/\/bobooaza.pl\/index.php\/produkt\/kieczmerski-rozek-standard-wiazany-miminu-soft-0-3m-ecru\/"},"modified":"2026-01-16T15:50:33","modified_gmt":"2026-01-16T14:50:33","slug":"kieczmerski-rozek-standard-wiazany-miminu-soft-0-3m-ecru","status":"publish","type":"product","link":"https:\/\/www.bobooaza.pl\/index.php\/produkt\/kieczmerski-rozek-standard-wiazany-miminu-soft-0-3m-ecru\/","title":{"rendered":"KIECZMERSKI Ro\u017cek standard wi\u0105zany MIMINU SOFT 0-3m ecru"},"content":{"rendered":"<p>KIECZMERSKI Ro\u017cek standard wi\u0105zany MIMINU SOFT 0-3m ecru<\/p>\n<p>Ro\u017cek niemowl\u0119cy wi\u0105zany z kolekcji MimiNu Soft, 75&#215;75 cm, wykonany z dw\u00f3ch warstw bawe\u0142ny 100% typu interlock. U\u0142atwia przenoszenie dziecka, karmienie i usypianie, dopasowuje si\u0119 do kszta\u0142tu cia\u0142a, zachowuj\u0105c odpowiedni\u0105 twardo\u015b\u0107.<\/p>\n<p>Wype\u0142nienie antyalergiczne z poliestru silikonowanego, lekkie i przewiewne, zapewnia komfort snu i chroni przed przegrzewaniem. Zapinany na rzep i wi\u0105zany na kokard\u0119.<\/p>\n<p>Mi\u0119kka i delikatna dzianina, przewiewna, ca\u0142oroczna. Pastelowy kolor ecru. Bezpieczny dla sk\u00f3ry dziecka, bez podra\u017cnie\u0144 i alergii.<\/p>\n","protected":false},"excerpt":{"rendered":"<p>KIECZMERSKI Ro\u017cek standard wi\u0105zany MIMINU SOFT 0-3m ecru Ro\u017cek niemowl\u0119cy wi\u0105zany z kolekcji MimiNu Soft, 75&#215;75 cm, wykonany z dw\u00f3ch warstw bawe\u0142ny 100% typu interlock. U\u0142atwia przenoszenie dziecka, karmienie i usypianie, dopasowuje si\u0119 do kszta\u0142tu cia\u0142a, zachowuj\u0105c odpowiedni\u0105 twardo\u015b\u0107. Wype\u0142nienie antyalergiczne z poliestru silikonowanego, lekkie i przewiewne, zapewnia komfort snu i chroni przed przegrzewaniem. Zapinany [&hellip;]<\/p>\n","protected":false},"featured_media":11323,"comment_status":"open","ping_status":"closed","template":"","meta":[],"product_brand":[],"product_cat":[76,84,119,85],"product_tag":[],"class_list":{"0":"post-11324","1":"product","2":"type-product","3":"status-publish","4":"has-post-thumbnail","6":"product_cat-dziecko","7":"product_cat-pokoj-dziecka","8":"product_cat-rozki","9":"product_cat-spanie","11":"first","12":"instock","13":"taxable","14":"shipping-taxable","15":"purchasable","16":"product-type-simple"},"_links":{"self":[{"href":"https:\/\/www.bobooaza.pl\/index.php\/wp-json\/wp\/v2\/product\/11324","targetHints":{"allow":["GET"]}}],"collection":[{"href":"https:\/\/www.bobooaza.pl\/index.php\/wp-json\/wp\/v2\/product"}],"about":[{"href":"https:\/\/www.bobooaza.pl\/index.php\/wp-json\/wp\/v2\/types\/product"}],"replies":[{"embeddable":true,"href":"https:\/\/www.bobooaza.pl\/index.php\/wp-json\/wp\/v2\/comments?post=11324"}],"wp:featuredmedia":[{"embeddable":true,"href":"https:\/\/www.bobooaza.pl\/index.php\/wp-json\/wp\/v2\/media\/11323"}],"wp:attachment":[{"href":"https:\/\/www.bobooaza.pl\/index.php\/wp-json\/wp\/v2\/media?parent=11324"}],"wp:term":[{"taxonomy":"product_brand","embeddable":true,"href":"https:\/\/www.bobooaza.pl\/index.php\/wp-json\/wp\/v2\/product_brand?post=11324"},{"taxonomy":"product_cat","embeddable":true,"href":"https:\/\/www.bobooaza.pl\/index.php\/wp-json\/wp\/v2\/product_cat?post=11324"},{"taxonomy":"product_tag","embeddable":true,"href":"https:\/\/www.bobooaza.pl\/index.php\/wp-json\/wp\/v2\/product_tag?post=11324"}],"curies":[{"name":"wp","href":"https:\/\/api.w.org\/{rel}","templated":true}]}}