{"id":11326,"date":"2026-01-07T19:41:34","date_gmt":"2026-01-07T18:41:34","guid":{"rendered":"https:\/\/bobooaza.pl\/index.php\/produkt\/kieczmerski-rozek-usztywniony-75x75-cm-miminu-design-misie-bezowe-bawelna-100\/"},"modified":"2026-01-16T15:50:33","modified_gmt":"2026-01-16T14:50:33","slug":"kieczmerski-rozek-usztywniony-75x75-cm-miminu-design-misie-bezowe-bawelna-100","status":"publish","type":"product","link":"https:\/\/www.bobooaza.pl\/index.php\/produkt\/kieczmerski-rozek-usztywniony-75x75-cm-miminu-design-misie-bezowe-bawelna-100\/","title":{"rendered":"KIECZMERSKI Ro\u017cek usztywniony 75&#215;75 cm MIMINU DESIGN Misie be\u017cowe bawe\u0142na 100%"},"content":{"rendered":"<p>KIECZMERSKI Ro\u017cek usztywniony 75&#215;75 cm MIMINU DESIGN Misie be\u017cowe<\/p>\n<p>Ro\u017cek niemowl\u0119cy usztywniany 75&#215;75 cm z bawe\u0142ny 100% produkowanej w Polsce.<\/p>\n<p>U\u0142atwia przenoszenie dziecka, karmienie i usypianie, dopasowuje si\u0119 do kszta\u0142tu cia\u0142a i zachowuje odpowiedni\u0105 twardo\u015b\u0107. Zapinany na rzep, wype\u0142niony antyalergicznym poliestrem silikonowanym. Usztywnienie wykonane z maty kokosowej.<\/p>\n<p>Mi\u0119kka i przyjemna w dotyku bawe\u0142na, bezpieczna dla sk\u00f3ry dziecka. Mo\u017cna pra\u0107 w pralce w 30\u00b0C, wirowa\u0107 do 800 obrot\u00f3w. Polski, bezpieczny i trwa\u0142y. Wz\u00f3r Misie be\u017c.<\/p>\n","protected":false},"excerpt":{"rendered":"<p>KIECZMERSKI Ro\u017cek usztywniony 75&#215;75 cm MIMINU DESIGN Misie be\u017cowe Ro\u017cek niemowl\u0119cy usztywniany 75&#215;75 cm z bawe\u0142ny 100% produkowanej w Polsce. U\u0142atwia przenoszenie dziecka, karmienie i usypianie, dopasowuje si\u0119 do kszta\u0142tu cia\u0142a i zachowuje odpowiedni\u0105 twardo\u015b\u0107. Zapinany na rzep, wype\u0142niony antyalergicznym poliestrem silikonowanym. Usztywnienie wykonane z maty kokosowej. Mi\u0119kka i przyjemna w dotyku bawe\u0142na, bezpieczna dla [&hellip;]<\/p>\n","protected":false},"featured_media":11325,"comment_status":"open","ping_status":"closed","template":"","meta":[],"product_brand":[],"product_cat":[76,84,119,85],"product_tag":[],"class_list":{"0":"post-11326","1":"product","2":"type-product","3":"status-publish","4":"has-post-thumbnail","6":"product_cat-dziecko","7":"product_cat-pokoj-dziecka","8":"product_cat-rozki","9":"product_cat-spanie","11":"first","12":"instock","13":"taxable","14":"shipping-taxable","15":"purchasable","16":"product-type-simple"},"_links":{"self":[{"href":"https:\/\/www.bobooaza.pl\/index.php\/wp-json\/wp\/v2\/product\/11326","targetHints":{"allow":["GET"]}}],"collection":[{"href":"https:\/\/www.bobooaza.pl\/index.php\/wp-json\/wp\/v2\/product"}],"about":[{"href":"https:\/\/www.bobooaza.pl\/index.php\/wp-json\/wp\/v2\/types\/product"}],"replies":[{"embeddable":true,"href":"https:\/\/www.bobooaza.pl\/index.php\/wp-json\/wp\/v2\/comments?post=11326"}],"wp:featuredmedia":[{"embeddable":true,"href":"https:\/\/www.bobooaza.pl\/index.php\/wp-json\/wp\/v2\/media\/11325"}],"wp:attachment":[{"href":"https:\/\/www.bobooaza.pl\/index.php\/wp-json\/wp\/v2\/media?parent=11326"}],"wp:term":[{"taxonomy":"product_brand","embeddable":true,"href":"https:\/\/www.bobooaza.pl\/index.php\/wp-json\/wp\/v2\/product_brand?post=11326"},{"taxonomy":"product_cat","embeddable":true,"href":"https:\/\/www.bobooaza.pl\/index.php\/wp-json\/wp\/v2\/product_cat?post=11326"},{"taxonomy":"product_tag","embeddable":true,"href":"https:\/\/www.bobooaza.pl\/index.php\/wp-json\/wp\/v2\/product_tag?post=11326"}],"curies":[{"name":"wp","href":"https:\/\/api.w.org\/{rel}","templated":true}]}}