{"id":11338,"date":"2026-01-07T19:41:45","date_gmt":"2026-01-07T18:41:45","guid":{"rendered":"https:\/\/bobooaza.pl\/index.php\/produkt\/kieczmerski-rozek-usztywniony-75x75-cm-miminu-design-kaczuszki-bez-bawelna-100\/"},"modified":"2026-01-29T15:48:14","modified_gmt":"2026-01-29T14:48:14","slug":"kieczmerski-rozek-usztywniony-75x75-cm-miminu-design-kaczuszki-bez-bawelna-100","status":"publish","type":"product","link":"https:\/\/www.bobooaza.pl\/index.php\/produkt\/kieczmerski-rozek-usztywniony-75x75-cm-miminu-design-kaczuszki-bez-bawelna-100\/","title":{"rendered":"KIECZMERSKI Ro\u017cek usztywniony 75&#215;75 cm MIMINU DESIGN Kaczuszki be\u017c bawe\u0142na 100%"},"content":{"rendered":"<p>KIECZMERSKI Ro\u017cek usztywniony 75&#215;75 cm MIMINU DESIGN Kaczuszki be\u017c<\/p>\n<p>Ro\u017cek niemowl\u0119cy usztywniany 75&#215;75 cm z tkaniny bawe\u0142nianej 100% produkowanej w Polsce.<\/p>\n<p>U\u0142atwia przenoszenie dziecka, karmienie i usypianie, dopasowuje si\u0119 do kszta\u0142tu cia\u0142a i zachowuje odpowiedni\u0105 twardo\u015b\u0107. Zapinany na rzep, z wype\u0142nieniem antyalergicznym z poliestru silikonowanego.<\/p>\n<p>Ro\u017cek usztywniany mat\u0105 kokosow\u0105, kt\u00f3ra nie wch\u0142ania zapach\u00f3w. Produkt mo\u017cna pra\u0107 w pralce w 30\u00b0C, wirowa\u0107 do 800 obrot\u00f3w. Polski, bezpieczny i trwa\u0142y.<\/p>\n","protected":false},"excerpt":{"rendered":"<p>KIECZMERSKI Ro\u017cek usztywniony 75&#215;75 cm MIMINU DESIGN Kaczuszki be\u017c Ro\u017cek niemowl\u0119cy usztywniany 75&#215;75 cm z tkaniny bawe\u0142nianej 100% produkowanej w Polsce. U\u0142atwia przenoszenie dziecka, karmienie i usypianie, dopasowuje si\u0119 do kszta\u0142tu cia\u0142a i zachowuje odpowiedni\u0105 twardo\u015b\u0107. Zapinany na rzep, z wype\u0142nieniem antyalergicznym z poliestru silikonowanego. Ro\u017cek usztywniany mat\u0105 kokosow\u0105, kt\u00f3ra nie wch\u0142ania zapach\u00f3w. Produkt mo\u017cna [&hellip;]<\/p>\n","protected":false},"featured_media":11337,"comment_status":"open","ping_status":"closed","template":"","meta":[],"product_brand":[],"product_cat":[76,84,119,85],"product_tag":[],"class_list":{"0":"post-11338","1":"product","2":"type-product","3":"status-publish","4":"has-post-thumbnail","6":"product_cat-dziecko","7":"product_cat-pokoj-dziecka","8":"product_cat-rozki","9":"product_cat-spanie","11":"first","12":"instock","13":"taxable","14":"shipping-taxable","15":"purchasable","16":"product-type-simple"},"_links":{"self":[{"href":"https:\/\/www.bobooaza.pl\/index.php\/wp-json\/wp\/v2\/product\/11338","targetHints":{"allow":["GET"]}}],"collection":[{"href":"https:\/\/www.bobooaza.pl\/index.php\/wp-json\/wp\/v2\/product"}],"about":[{"href":"https:\/\/www.bobooaza.pl\/index.php\/wp-json\/wp\/v2\/types\/product"}],"replies":[{"embeddable":true,"href":"https:\/\/www.bobooaza.pl\/index.php\/wp-json\/wp\/v2\/comments?post=11338"}],"wp:featuredmedia":[{"embeddable":true,"href":"https:\/\/www.bobooaza.pl\/index.php\/wp-json\/wp\/v2\/media\/11337"}],"wp:attachment":[{"href":"https:\/\/www.bobooaza.pl\/index.php\/wp-json\/wp\/v2\/media?parent=11338"}],"wp:term":[{"taxonomy":"product_brand","embeddable":true,"href":"https:\/\/www.bobooaza.pl\/index.php\/wp-json\/wp\/v2\/product_brand?post=11338"},{"taxonomy":"product_cat","embeddable":true,"href":"https:\/\/www.bobooaza.pl\/index.php\/wp-json\/wp\/v2\/product_cat?post=11338"},{"taxonomy":"product_tag","embeddable":true,"href":"https:\/\/www.bobooaza.pl\/index.php\/wp-json\/wp\/v2\/product_tag?post=11338"}],"curies":[{"name":"wp","href":"https:\/\/api.w.org\/{rel}","templated":true}]}}