{"id":11342,"date":"2026-01-07T19:41:47","date_gmt":"2026-01-07T18:41:47","guid":{"rendered":"https:\/\/bobooaza.pl\/index.php\/produkt\/kieczmerski-rozek-standard-75x75-cm-miminu-design-baletnica-roz-bawelna-100\/"},"modified":"2026-01-07T19:53:57","modified_gmt":"2026-01-07T18:53:57","slug":"kieczmerski-rozek-standard-75x75-cm-miminu-design-baletnica-roz-bawelna-100","status":"publish","type":"product","link":"https:\/\/www.bobooaza.pl\/index.php\/produkt\/kieczmerski-rozek-standard-75x75-cm-miminu-design-baletnica-roz-bawelna-100\/","title":{"rendered":"KIECZMERSKI Ro\u017cek standard 75&#215;75 cm MIMINU DESIGN Baletnica r\u00f3\u017c bawe\u0142na 100%"},"content":{"rendered":"<p>Kt\u00f3\u017c nie lubi rozta\u0144czonych baletnic w uroczych falbankach, z kokardkami i w balerinkach? A je\u015bli dodatkowo b\u0119dzie to urocza Dziewczynka &#8211; Mi\u015b w otoczeniu r\u00f3\u017cowych kwiat\u00f3w? Nasi projektanci staj\u0105 na wysoko\u015bci zadania, by stworzy\u0107 wz\u00f3r idealny. Spe\u0142niaj\u0105 marzenia dzieci, zaspokajaj\u0105c wysublimowane poczucie estetyki Rodzic\u00f3w.<br \/>\nBaletnica R\u00f3\u017c to kompozycja wprost idealna. S\u0142odko &#8211; cukierkowa, a zarazem bardzo elegancka.<br \/>\nWszystkie nasze tkaniny produkowane s\u0105 w Polsce. Naturalna bawe\u0142na idealna dla delikatnej sk\u00f3ry dziecka. Nie podra\u017cnia delikatnej sk\u00f3ry, nie powoduje alergii.<\/p>\n","protected":false},"excerpt":{"rendered":"<p>Kt\u00f3\u017c nie lubi rozta\u0144czonych baletnic w uroczych falbankach, z kokardkami i w balerinkach? A je\u015bli dodatkowo b\u0119dzie to urocza Dziewczynka &#8211; Mi\u015b w otoczeniu r\u00f3\u017cowych kwiat\u00f3w? Nasi projektanci staj\u0105 na wysoko\u015bci zadania, by stworzy\u0107 wz\u00f3r idealny. Spe\u0142niaj\u0105 marzenia dzieci, zaspokajaj\u0105c wysublimowane poczucie estetyki Rodzic\u00f3w. Baletnica R\u00f3\u017c to kompozycja wprost idealna. S\u0142odko &#8211; cukierkowa, a zarazem [&hellip;]<\/p>\n","protected":false},"featured_media":11341,"comment_status":"open","ping_status":"closed","template":"","meta":[],"product_brand":[],"product_cat":[76,84,119,85],"product_tag":[],"class_list":{"0":"post-11342","1":"product","2":"type-product","3":"status-publish","4":"has-post-thumbnail","6":"product_cat-dziecko","7":"product_cat-pokoj-dziecka","8":"product_cat-rozki","9":"product_cat-spanie","11":"first","12":"instock","13":"taxable","14":"shipping-taxable","15":"purchasable","16":"product-type-simple"},"_links":{"self":[{"href":"https:\/\/www.bobooaza.pl\/index.php\/wp-json\/wp\/v2\/product\/11342","targetHints":{"allow":["GET"]}}],"collection":[{"href":"https:\/\/www.bobooaza.pl\/index.php\/wp-json\/wp\/v2\/product"}],"about":[{"href":"https:\/\/www.bobooaza.pl\/index.php\/wp-json\/wp\/v2\/types\/product"}],"replies":[{"embeddable":true,"href":"https:\/\/www.bobooaza.pl\/index.php\/wp-json\/wp\/v2\/comments?post=11342"}],"wp:featuredmedia":[{"embeddable":true,"href":"https:\/\/www.bobooaza.pl\/index.php\/wp-json\/wp\/v2\/media\/11341"}],"wp:attachment":[{"href":"https:\/\/www.bobooaza.pl\/index.php\/wp-json\/wp\/v2\/media?parent=11342"}],"wp:term":[{"taxonomy":"product_brand","embeddable":true,"href":"https:\/\/www.bobooaza.pl\/index.php\/wp-json\/wp\/v2\/product_brand?post=11342"},{"taxonomy":"product_cat","embeddable":true,"href":"https:\/\/www.bobooaza.pl\/index.php\/wp-json\/wp\/v2\/product_cat?post=11342"},{"taxonomy":"product_tag","embeddable":true,"href":"https:\/\/www.bobooaza.pl\/index.php\/wp-json\/wp\/v2\/product_tag?post=11342"}],"curies":[{"name":"wp","href":"https:\/\/api.w.org\/{rel}","templated":true}]}}