{"id":11344,"date":"2026-01-07T19:41:48","date_gmt":"2026-01-07T18:41:48","guid":{"rendered":"https:\/\/bobooaza.pl\/index.php\/produkt\/kieczmerski-rozek-usztywniony-75x75-cm-miminu-design-baletnica-roz-bawelna-100\/"},"modified":"2026-01-29T15:48:15","modified_gmt":"2026-01-29T14:48:15","slug":"kieczmerski-rozek-usztywniony-75x75-cm-miminu-design-baletnica-roz-bawelna-100","status":"publish","type":"product","link":"https:\/\/www.bobooaza.pl\/index.php\/produkt\/kieczmerski-rozek-usztywniony-75x75-cm-miminu-design-baletnica-roz-bawelna-100\/","title":{"rendered":"KIECZMERSKI Ro\u017cek usztywniony 75&#215;75 cm MIMINU DESIGN Baletnica r\u00f3\u017c bawe\u0142na 100%"},"content":{"rendered":"<p>KIECZMERSKI Ro\u017cek usztywniony 75&#215;75 cm MIMINU DESIGN Baletnica r\u00f3\u017c<\/p>\n<p>Ro\u017cek niemowl\u0119cy usztywniany 75&#215;75 cm z tkaniny bawe\u0142nianej 100%, produkowanej w Polsce. Wz\u00f3r Baletnica R\u00f3\u017c przedstawia urocze baletnice, misie i r\u00f3\u017cowe kwiaty.<\/p>\n<p>Ro\u017cek zapewnia komfort podczas przenoszenia, karmienia i usypiania dziecka, dopasowuje si\u0119 do kszta\u0142tu cia\u0142a i zachowuje odpowiedni\u0105 twardo\u015b\u0107 dzi\u0119ki usztywnieniu. Naturalna bawe\u0142na jest mi\u0119kka, przyjazna dla sk\u00f3ry i antyalergiczna.<\/p>\n","protected":false},"excerpt":{"rendered":"<p>KIECZMERSKI Ro\u017cek usztywniony 75&#215;75 cm MIMINU DESIGN Baletnica r\u00f3\u017c Ro\u017cek niemowl\u0119cy usztywniany 75&#215;75 cm z tkaniny bawe\u0142nianej 100%, produkowanej w Polsce. Wz\u00f3r Baletnica R\u00f3\u017c przedstawia urocze baletnice, misie i r\u00f3\u017cowe kwiaty. Ro\u017cek zapewnia komfort podczas przenoszenia, karmienia i usypiania dziecka, dopasowuje si\u0119 do kszta\u0142tu cia\u0142a i zachowuje odpowiedni\u0105 twardo\u015b\u0107 dzi\u0119ki usztywnieniu. Naturalna bawe\u0142na jest mi\u0119kka, [&hellip;]<\/p>\n","protected":false},"featured_media":11343,"comment_status":"open","ping_status":"closed","template":"","meta":[],"product_brand":[],"product_cat":[76,84,119,85],"product_tag":[],"class_list":{"0":"post-11344","1":"product","2":"type-product","3":"status-publish","4":"has-post-thumbnail","6":"product_cat-dziecko","7":"product_cat-pokoj-dziecka","8":"product_cat-rozki","9":"product_cat-spanie","11":"first","12":"instock","13":"taxable","14":"shipping-taxable","15":"purchasable","16":"product-type-simple"},"_links":{"self":[{"href":"https:\/\/www.bobooaza.pl\/index.php\/wp-json\/wp\/v2\/product\/11344","targetHints":{"allow":["GET"]}}],"collection":[{"href":"https:\/\/www.bobooaza.pl\/index.php\/wp-json\/wp\/v2\/product"}],"about":[{"href":"https:\/\/www.bobooaza.pl\/index.php\/wp-json\/wp\/v2\/types\/product"}],"replies":[{"embeddable":true,"href":"https:\/\/www.bobooaza.pl\/index.php\/wp-json\/wp\/v2\/comments?post=11344"}],"wp:featuredmedia":[{"embeddable":true,"href":"https:\/\/www.bobooaza.pl\/index.php\/wp-json\/wp\/v2\/media\/11343"}],"wp:attachment":[{"href":"https:\/\/www.bobooaza.pl\/index.php\/wp-json\/wp\/v2\/media?parent=11344"}],"wp:term":[{"taxonomy":"product_brand","embeddable":true,"href":"https:\/\/www.bobooaza.pl\/index.php\/wp-json\/wp\/v2\/product_brand?post=11344"},{"taxonomy":"product_cat","embeddable":true,"href":"https:\/\/www.bobooaza.pl\/index.php\/wp-json\/wp\/v2\/product_cat?post=11344"},{"taxonomy":"product_tag","embeddable":true,"href":"https:\/\/www.bobooaza.pl\/index.php\/wp-json\/wp\/v2\/product_tag?post=11344"}],"curies":[{"name":"wp","href":"https:\/\/api.w.org\/{rel}","templated":true}]}}