{"id":11346,"date":"2026-01-07T19:41:49","date_gmt":"2026-01-07T18:41:49","guid":{"rendered":"https:\/\/bobooaza.pl\/index.php\/produkt\/kieczmerski-rozek-standard-wiazany-miminu-soft-0-3-m-blekit\/"},"modified":"2026-01-19T21:54:40","modified_gmt":"2026-01-19T20:54:40","slug":"kieczmerski-rozek-standard-wiazany-miminu-soft-0-3-m-blekit","status":"publish","type":"product","link":"https:\/\/www.bobooaza.pl\/index.php\/produkt\/kieczmerski-rozek-standard-wiazany-miminu-soft-0-3-m-blekit\/","title":{"rendered":"KIECZMERSKI Ro\u017cek standard wi\u0105zany MIMINU SOFT 0-3 m b\u0142\u0119kit"},"content":{"rendered":"<p>KIECZMERSKI Ro\u017cek standard wi\u0105zany MIMINU SOFT 0-3 m b\u0142\u0119kit<\/p>\n<p>Ro\u017cek niemowl\u0119cy wi\u0105zany 75&#215;75 cm z kolekcji MimiNu Soft, wykonany z mi\u0119kkiej dzianiny interlock 100% bawe\u0142na. Zapewnia komfort podczas przenoszenia, karmienia i usypiania dziecka.<\/p>\n<p>Ro\u017cek dopasowuje si\u0119 do kszta\u0142tu cia\u0142a, ma antyalergiczne wype\u0142nienie silikonowe przypominaj\u0105ce lekko\u015bci\u0105 i mi\u0119kko\u015bci\u0105 naturalny puch. Lekki, przewiewny, ca\u0142oroczny, nie przegrzewa maluszka.<\/p>\n<p>Zapinany na rzep i wi\u0105zany na kokard\u0119, zapewnia dobr\u0105 wentylacj\u0119. Pastelowa, jednolita kolorystyka.<\/p>\n<p>Rozmiar 75&#215;75 cm, dla dzieci 0-3 miesi\u0105ce, TOG 2-2,5. Produkt polski, antyalergiczny, z certyfikatami bezpiecze\u0144stwa. Mo\u017cna pra\u0107 w pralce w 30\u00b0C, wirowa\u0107 max 800 obrot\u00f3w.<\/p>\n","protected":false},"excerpt":{"rendered":"<p>KIECZMERSKI Ro\u017cek standard wi\u0105zany MIMINU SOFT 0-3 m b\u0142\u0119kit Ro\u017cek niemowl\u0119cy wi\u0105zany 75&#215;75 cm z kolekcji MimiNu Soft, wykonany z mi\u0119kkiej dzianiny interlock 100% bawe\u0142na. Zapewnia komfort podczas przenoszenia, karmienia i usypiania dziecka. Ro\u017cek dopasowuje si\u0119 do kszta\u0142tu cia\u0142a, ma antyalergiczne wype\u0142nienie silikonowe przypominaj\u0105ce lekko\u015bci\u0105 i mi\u0119kko\u015bci\u0105 naturalny puch. Lekki, przewiewny, ca\u0142oroczny, nie przegrzewa maluszka. [&hellip;]<\/p>\n","protected":false},"featured_media":11345,"comment_status":"open","ping_status":"closed","template":"","meta":[],"product_brand":[],"product_cat":[76,84,119,85],"product_tag":[],"class_list":{"0":"post-11346","1":"product","2":"type-product","3":"status-publish","4":"has-post-thumbnail","6":"product_cat-dziecko","7":"product_cat-pokoj-dziecka","8":"product_cat-rozki","9":"product_cat-spanie","11":"first","12":"instock","13":"taxable","14":"shipping-taxable","15":"purchasable","16":"product-type-simple"},"_links":{"self":[{"href":"https:\/\/www.bobooaza.pl\/index.php\/wp-json\/wp\/v2\/product\/11346","targetHints":{"allow":["GET"]}}],"collection":[{"href":"https:\/\/www.bobooaza.pl\/index.php\/wp-json\/wp\/v2\/product"}],"about":[{"href":"https:\/\/www.bobooaza.pl\/index.php\/wp-json\/wp\/v2\/types\/product"}],"replies":[{"embeddable":true,"href":"https:\/\/www.bobooaza.pl\/index.php\/wp-json\/wp\/v2\/comments?post=11346"}],"wp:featuredmedia":[{"embeddable":true,"href":"https:\/\/www.bobooaza.pl\/index.php\/wp-json\/wp\/v2\/media\/11345"}],"wp:attachment":[{"href":"https:\/\/www.bobooaza.pl\/index.php\/wp-json\/wp\/v2\/media?parent=11346"}],"wp:term":[{"taxonomy":"product_brand","embeddable":true,"href":"https:\/\/www.bobooaza.pl\/index.php\/wp-json\/wp\/v2\/product_brand?post=11346"},{"taxonomy":"product_cat","embeddable":true,"href":"https:\/\/www.bobooaza.pl\/index.php\/wp-json\/wp\/v2\/product_cat?post=11346"},{"taxonomy":"product_tag","embeddable":true,"href":"https:\/\/www.bobooaza.pl\/index.php\/wp-json\/wp\/v2\/product_tag?post=11346"}],"curies":[{"name":"wp","href":"https:\/\/api.w.org\/{rel}","templated":true}]}}