{"id":11348,"date":"2026-01-07T19:41:51","date_gmt":"2026-01-07T18:41:51","guid":{"rendered":"https:\/\/bobooaza.pl\/index.php\/produkt\/albero-mio-rozek-niemowlecy-440-baletnica\/"},"modified":"2026-01-07T19:53:59","modified_gmt":"2026-01-07T18:53:59","slug":"albero-mio-rozek-niemowlecy-440-baletnica","status":"publish","type":"product","link":"https:\/\/www.bobooaza.pl\/index.php\/produkt\/albero-mio-rozek-niemowlecy-440-baletnica\/","title":{"rendered":"ALBERO MIO Ro\u017cek niemowl\u0119cy 440 Baletnica"},"content":{"rendered":"<p>ALBERO MIO Ro\u017cek niemowl\u0119cy 440 Baletnica<\/p>\n<p>Ro\u017cek wykonany z bawe\u0142ny satynowej z nadrukiem i jednobarwnej tkaniny velvetowej, mi\u0119kki i przyjazny dla sk\u00f3ry dziecka. Wyposa\u017cony w antyalergiczne wype\u0142nienie z poliesteru, kt\u00f3re izoluje ciep\u0142o i przepuszcza powietrze.<\/p>\n<p>Nie posiada dodatkowego usztywnienia, utrzymuje naturaln\u0105 i wygodn\u0105 pozycj\u0119 niemowlaka. Mo\u017ce by\u0107 u\u017cywany jako \u015bpiworek do spania, kocyk, mata do zabawy lub \u015bpiworek do gondoli.<\/p>\n<p>Produkt polski, posiada certyfikat Oeko-Tex, bezpieczny dla dzieci. Rozmiar 75&#215;75 cm. Produkt nale\u017cy stosowa\u0107 pod opiek\u0105 osoby doros\u0142ej.<\/p>\n","protected":false},"excerpt":{"rendered":"<p>ALBERO MIO Ro\u017cek niemowl\u0119cy 440 Baletnica Ro\u017cek wykonany z bawe\u0142ny satynowej z nadrukiem i jednobarwnej tkaniny velvetowej, mi\u0119kki i przyjazny dla sk\u00f3ry dziecka. Wyposa\u017cony w antyalergiczne wype\u0142nienie z poliesteru, kt\u00f3re izoluje ciep\u0142o i przepuszcza powietrze. Nie posiada dodatkowego usztywnienia, utrzymuje naturaln\u0105 i wygodn\u0105 pozycj\u0119 niemowlaka. Mo\u017ce by\u0107 u\u017cywany jako \u015bpiworek do spania, kocyk, mata do [&hellip;]<\/p>\n","protected":false},"featured_media":11347,"comment_status":"open","ping_status":"closed","template":"","meta":[],"product_brand":[],"product_cat":[76,84,119,85],"product_tag":[],"class_list":{"0":"post-11348","1":"product","2":"type-product","3":"status-publish","4":"has-post-thumbnail","6":"product_cat-dziecko","7":"product_cat-pokoj-dziecka","8":"product_cat-rozki","9":"product_cat-spanie","11":"first","12":"instock","13":"taxable","14":"shipping-taxable","15":"purchasable","16":"product-type-simple"},"_links":{"self":[{"href":"https:\/\/www.bobooaza.pl\/index.php\/wp-json\/wp\/v2\/product\/11348","targetHints":{"allow":["GET"]}}],"collection":[{"href":"https:\/\/www.bobooaza.pl\/index.php\/wp-json\/wp\/v2\/product"}],"about":[{"href":"https:\/\/www.bobooaza.pl\/index.php\/wp-json\/wp\/v2\/types\/product"}],"replies":[{"embeddable":true,"href":"https:\/\/www.bobooaza.pl\/index.php\/wp-json\/wp\/v2\/comments?post=11348"}],"wp:featuredmedia":[{"embeddable":true,"href":"https:\/\/www.bobooaza.pl\/index.php\/wp-json\/wp\/v2\/media\/11347"}],"wp:attachment":[{"href":"https:\/\/www.bobooaza.pl\/index.php\/wp-json\/wp\/v2\/media?parent=11348"}],"wp:term":[{"taxonomy":"product_brand","embeddable":true,"href":"https:\/\/www.bobooaza.pl\/index.php\/wp-json\/wp\/v2\/product_brand?post=11348"},{"taxonomy":"product_cat","embeddable":true,"href":"https:\/\/www.bobooaza.pl\/index.php\/wp-json\/wp\/v2\/product_cat?post=11348"},{"taxonomy":"product_tag","embeddable":true,"href":"https:\/\/www.bobooaza.pl\/index.php\/wp-json\/wp\/v2\/product_tag?post=11348"}],"curies":[{"name":"wp","href":"https:\/\/api.w.org\/{rel}","templated":true}]}}