{"id":11354,"date":"2026-01-07T19:41:54","date_gmt":"2026-01-07T18:41:54","guid":{"rendered":"https:\/\/bobooaza.pl\/index.php\/produkt\/albero-mio-rozek-niemowlecy-wm446-mietowy\/"},"modified":"2026-01-07T19:54:00","modified_gmt":"2026-01-07T18:54:00","slug":"albero-mio-rozek-niemowlecy-wm446-mietowy","status":"publish","type":"product","link":"https:\/\/www.bobooaza.pl\/index.php\/produkt\/albero-mio-rozek-niemowlecy-wm446-mietowy\/","title":{"rendered":"ALBERO MIO Ro\u017cek niemowl\u0119cy WM446 Mi\u0119towy"},"content":{"rendered":"<p>ALBERO MIO Ro\u017cek niemowl\u0119cy WM446, kolor mi\u0119towy<\/p>\n<p>Wykonany z 100% mu\u015blinu bawe\u0142nianego (tkanina double gaze \u2013 podw\u00f3jna warstwa), mi\u0119kki i delikatny dla sk\u00f3ry dziecka. Ro\u017cek posiada antyalergiczne wype\u0142nienie z w\u0142\u00f3kniny silikonowej (100% poliester), kt\u00f3re izoluje ciep\u0142o i przepuszcza powietrze.<\/p>\n<p>Nie ma dodatkowego usztywnienia, zachowuje naturaln\u0105 pozycj\u0119 niemowlaka. Ro\u017cek wi\u0105zany na kokard\u0119 pozwala dopasowa\u0107 go do potrzeb dziecka. Mo\u017ce s\u0142u\u017cy\u0107 jako kocyk, otulacz, ochraniacz na \u0142\u00f3\u017ceczko lub podk\u0142adka piel\u0119gnacyjna.<\/p>\n<p>Produkt polski, posiada certyfikat Oeko-Tex, bezpieczny dla dzieci. Rozmiar 75&#215;75 cm. Produkt nale\u017cy u\u017cywa\u0107 pod opiek\u0105 osoby doros\u0142ej.<\/p>\n","protected":false},"excerpt":{"rendered":"<p>ALBERO MIO Ro\u017cek niemowl\u0119cy WM446, kolor mi\u0119towy Wykonany z 100% mu\u015blinu bawe\u0142nianego (tkanina double gaze \u2013 podw\u00f3jna warstwa), mi\u0119kki i delikatny dla sk\u00f3ry dziecka. Ro\u017cek posiada antyalergiczne wype\u0142nienie z w\u0142\u00f3kniny silikonowej (100% poliester), kt\u00f3re izoluje ciep\u0142o i przepuszcza powietrze. Nie ma dodatkowego usztywnienia, zachowuje naturaln\u0105 pozycj\u0119 niemowlaka. Ro\u017cek wi\u0105zany na kokard\u0119 pozwala dopasowa\u0107 go do [&hellip;]<\/p>\n","protected":false},"featured_media":11353,"comment_status":"open","ping_status":"closed","template":"","meta":[],"product_brand":[],"product_cat":[76,84,119,85],"product_tag":[],"class_list":{"0":"post-11354","1":"product","2":"type-product","3":"status-publish","4":"has-post-thumbnail","6":"product_cat-dziecko","7":"product_cat-pokoj-dziecka","8":"product_cat-rozki","9":"product_cat-spanie","11":"first","12":"instock","13":"taxable","14":"shipping-taxable","15":"purchasable","16":"product-type-simple"},"_links":{"self":[{"href":"https:\/\/www.bobooaza.pl\/index.php\/wp-json\/wp\/v2\/product\/11354","targetHints":{"allow":["GET"]}}],"collection":[{"href":"https:\/\/www.bobooaza.pl\/index.php\/wp-json\/wp\/v2\/product"}],"about":[{"href":"https:\/\/www.bobooaza.pl\/index.php\/wp-json\/wp\/v2\/types\/product"}],"replies":[{"embeddable":true,"href":"https:\/\/www.bobooaza.pl\/index.php\/wp-json\/wp\/v2\/comments?post=11354"}],"wp:featuredmedia":[{"embeddable":true,"href":"https:\/\/www.bobooaza.pl\/index.php\/wp-json\/wp\/v2\/media\/11353"}],"wp:attachment":[{"href":"https:\/\/www.bobooaza.pl\/index.php\/wp-json\/wp\/v2\/media?parent=11354"}],"wp:term":[{"taxonomy":"product_brand","embeddable":true,"href":"https:\/\/www.bobooaza.pl\/index.php\/wp-json\/wp\/v2\/product_brand?post=11354"},{"taxonomy":"product_cat","embeddable":true,"href":"https:\/\/www.bobooaza.pl\/index.php\/wp-json\/wp\/v2\/product_cat?post=11354"},{"taxonomy":"product_tag","embeddable":true,"href":"https:\/\/www.bobooaza.pl\/index.php\/wp-json\/wp\/v2\/product_tag?post=11354"}],"curies":[{"name":"wp","href":"https:\/\/api.w.org\/{rel}","templated":true}]}}