{"id":11360,"date":"2026-01-07T19:41:59","date_gmt":"2026-01-07T18:41:59","guid":{"rendered":"https:\/\/bobooaza.pl\/index.php\/produkt\/kieczmerski-rozek-usztywniony-75x75-cm-kolekcja-dino-granat\/"},"modified":"2026-01-16T15:50:35","modified_gmt":"2026-01-16T14:50:35","slug":"kieczmerski-rozek-usztywniony-75x75-cm-kolekcja-dino-granat","status":"publish","type":"product","link":"https:\/\/www.bobooaza.pl\/index.php\/produkt\/kieczmerski-rozek-usztywniony-75x75-cm-kolekcja-dino-granat\/","title":{"rendered":"KIECZMERSKI Ro\u017cek usztywniony 75&#215;75 cm KOLEKCJA Dino granat"},"content":{"rendered":"<p>KIECZMERSKI Ro\u017cek niemowl\u0119cy usztywniony 75&#215;75 cm, kolekcja Dino granat.<\/p>\n<p>Wykonany z naturalnej bawe\u0142ny 100%, produkcji polskiej, mi\u0119kki i przyjemny w dotyku, niepowoduj\u0105cy podra\u017cnie\u0144 ani alergii. Ro\u017cek u\u0142atwia przenoszenie, karmienie i usypianie dziecka, dopasowuj\u0105c si\u0119 do jego cia\u0142a przy zachowaniu odpowiedniej twardo\u015bci.<\/p>\n<p>Wyposa\u017cony w antyalergiczne wype\u0142nienie z silikonowanego poliestru oraz mat\u0119 kokosow\u0105, zapewniaj\u0105c\u0105 usztywnienie i przewiewno\u015b\u0107. Zapinany na rzep, ca\u0142kowicie bezpieczny i antyalergiczny.<\/p>\n<p>Mo\u017cna pra\u0107 w pralce w 30\u00b0C, wirowa\u0107 maksymalnie 800 obrot\u00f3w. Produkt polski, gwarantuj\u0105cy wysok\u0105 jako\u015b\u0107 i bezpiecze\u0144stwo.<\/p>\n<p>Wz\u00f3r: Dino granat + szary.<\/p>\n","protected":false},"excerpt":{"rendered":"<p>KIECZMERSKI Ro\u017cek niemowl\u0119cy usztywniony 75&#215;75 cm, kolekcja Dino granat. Wykonany z naturalnej bawe\u0142ny 100%, produkcji polskiej, mi\u0119kki i przyjemny w dotyku, niepowoduj\u0105cy podra\u017cnie\u0144 ani alergii. Ro\u017cek u\u0142atwia przenoszenie, karmienie i usypianie dziecka, dopasowuj\u0105c si\u0119 do jego cia\u0142a przy zachowaniu odpowiedniej twardo\u015bci. Wyposa\u017cony w antyalergiczne wype\u0142nienie z silikonowanego poliestru oraz mat\u0119 kokosow\u0105, zapewniaj\u0105c\u0105 usztywnienie i przewiewno\u015b\u0107. [&hellip;]<\/p>\n","protected":false},"featured_media":11359,"comment_status":"open","ping_status":"closed","template":"","meta":[],"product_brand":[],"product_cat":[76,84,119,85],"product_tag":[],"class_list":{"0":"post-11360","1":"product","2":"type-product","3":"status-publish","4":"has-post-thumbnail","6":"product_cat-dziecko","7":"product_cat-pokoj-dziecka","8":"product_cat-rozki","9":"product_cat-spanie","11":"first","12":"instock","13":"taxable","14":"shipping-taxable","15":"purchasable","16":"product-type-simple"},"_links":{"self":[{"href":"https:\/\/www.bobooaza.pl\/index.php\/wp-json\/wp\/v2\/product\/11360","targetHints":{"allow":["GET"]}}],"collection":[{"href":"https:\/\/www.bobooaza.pl\/index.php\/wp-json\/wp\/v2\/product"}],"about":[{"href":"https:\/\/www.bobooaza.pl\/index.php\/wp-json\/wp\/v2\/types\/product"}],"replies":[{"embeddable":true,"href":"https:\/\/www.bobooaza.pl\/index.php\/wp-json\/wp\/v2\/comments?post=11360"}],"wp:featuredmedia":[{"embeddable":true,"href":"https:\/\/www.bobooaza.pl\/index.php\/wp-json\/wp\/v2\/media\/11359"}],"wp:attachment":[{"href":"https:\/\/www.bobooaza.pl\/index.php\/wp-json\/wp\/v2\/media?parent=11360"}],"wp:term":[{"taxonomy":"product_brand","embeddable":true,"href":"https:\/\/www.bobooaza.pl\/index.php\/wp-json\/wp\/v2\/product_brand?post=11360"},{"taxonomy":"product_cat","embeddable":true,"href":"https:\/\/www.bobooaza.pl\/index.php\/wp-json\/wp\/v2\/product_cat?post=11360"},{"taxonomy":"product_tag","embeddable":true,"href":"https:\/\/www.bobooaza.pl\/index.php\/wp-json\/wp\/v2\/product_tag?post=11360"}],"curies":[{"name":"wp","href":"https:\/\/api.w.org\/{rel}","templated":true}]}}