{"id":11370,"date":"2026-01-07T19:42:04","date_gmt":"2026-01-07T18:42:04","guid":{"rendered":"https:\/\/bobooaza.pl\/index.php\/produkt\/kieczmerski-rozek-usztywniony-75x75-cm-kolekcja-smok-turysta\/"},"modified":"2026-01-07T19:54:05","modified_gmt":"2026-01-07T18:54:05","slug":"kieczmerski-rozek-usztywniony-75x75-cm-kolekcja-smok-turysta","status":"publish","type":"product","link":"https:\/\/www.bobooaza.pl\/index.php\/produkt\/kieczmerski-rozek-usztywniony-75x75-cm-kolekcja-smok-turysta\/","title":{"rendered":"KIECZMERSKI Ro\u017cek usztywniony 75&#215;75 cm KOLEKCJA Smok Turysta"},"content":{"rendered":"<p>KIECZMERSKI Ro\u017cek niemowl\u0119cy usztywniany 75&#215;75 cm z kolekcji Smok Turysta, wykonany z naturalnej bawe\u0142ny 100% wyprodukowanej w Polsce. Ro\u017cek u\u0142atwia przenoszenie dziecka, karmienie i usypianie, dopasowuj\u0105c si\u0119 do kszta\u0142tu cia\u0142a przy zachowaniu odpowiedniej twardo\u015bci. Wyposa\u017cony w antyalergiczne wype\u0142nienie z silikonowanego poliestru oraz mat\u0119 kokosow\u0105, kt\u00f3ra nie wch\u0142ania zapach\u00f3w. Zapinany na rzep, mi\u0119kki i przyjemny w dotyku, a jednocze\u015bnie trwa\u0142y. Produkt bezpieczny i antyalergiczny, mo\u017cna pra\u0107 w pralce w temperaturze 30\u00b0C, wirowa\u0107 maksymalnie 800 obrot\u00f3w, suszy\u0107 w pozycji roz\u0142o\u017conej.<\/p>\n","protected":false},"excerpt":{"rendered":"<p>KIECZMERSKI Ro\u017cek niemowl\u0119cy usztywniany 75&#215;75 cm z kolekcji Smok Turysta, wykonany z naturalnej bawe\u0142ny 100% wyprodukowanej w Polsce. Ro\u017cek u\u0142atwia przenoszenie dziecka, karmienie i usypianie, dopasowuj\u0105c si\u0119 do kszta\u0142tu cia\u0142a przy zachowaniu odpowiedniej twardo\u015bci. Wyposa\u017cony w antyalergiczne wype\u0142nienie z silikonowanego poliestru oraz mat\u0119 kokosow\u0105, kt\u00f3ra nie wch\u0142ania zapach\u00f3w. Zapinany na rzep, mi\u0119kki i przyjemny w [&hellip;]<\/p>\n","protected":false},"featured_media":11369,"comment_status":"open","ping_status":"closed","template":"","meta":[],"product_brand":[],"product_cat":[76,84,119,85],"product_tag":[],"class_list":{"0":"post-11370","1":"product","2":"type-product","3":"status-publish","4":"has-post-thumbnail","6":"product_cat-dziecko","7":"product_cat-pokoj-dziecka","8":"product_cat-rozki","9":"product_cat-spanie","11":"first","12":"instock","13":"taxable","14":"shipping-taxable","15":"purchasable","16":"product-type-simple"},"_links":{"self":[{"href":"https:\/\/www.bobooaza.pl\/index.php\/wp-json\/wp\/v2\/product\/11370","targetHints":{"allow":["GET"]}}],"collection":[{"href":"https:\/\/www.bobooaza.pl\/index.php\/wp-json\/wp\/v2\/product"}],"about":[{"href":"https:\/\/www.bobooaza.pl\/index.php\/wp-json\/wp\/v2\/types\/product"}],"replies":[{"embeddable":true,"href":"https:\/\/www.bobooaza.pl\/index.php\/wp-json\/wp\/v2\/comments?post=11370"}],"wp:featuredmedia":[{"embeddable":true,"href":"https:\/\/www.bobooaza.pl\/index.php\/wp-json\/wp\/v2\/media\/11369"}],"wp:attachment":[{"href":"https:\/\/www.bobooaza.pl\/index.php\/wp-json\/wp\/v2\/media?parent=11370"}],"wp:term":[{"taxonomy":"product_brand","embeddable":true,"href":"https:\/\/www.bobooaza.pl\/index.php\/wp-json\/wp\/v2\/product_brand?post=11370"},{"taxonomy":"product_cat","embeddable":true,"href":"https:\/\/www.bobooaza.pl\/index.php\/wp-json\/wp\/v2\/product_cat?post=11370"},{"taxonomy":"product_tag","embeddable":true,"href":"https:\/\/www.bobooaza.pl\/index.php\/wp-json\/wp\/v2\/product_tag?post=11370"}],"curies":[{"name":"wp","href":"https:\/\/api.w.org\/{rel}","templated":true}]}}