{"id":11372,"date":"2026-01-07T19:42:05","date_gmt":"2026-01-07T18:42:05","guid":{"rendered":"https:\/\/bobooaza.pl\/index.php\/produkt\/kieczmerski-rozek-standard-75x75-cm-miminu-design-zyrafki-bezowo-rozowa\/"},"modified":"2026-01-29T15:48:16","modified_gmt":"2026-01-29T14:48:16","slug":"kieczmerski-rozek-standard-75x75-cm-miminu-design-zyrafki-bezowo-rozowa","status":"publish","type":"product","link":"https:\/\/www.bobooaza.pl\/index.php\/produkt\/kieczmerski-rozek-standard-75x75-cm-miminu-design-zyrafki-bezowo-rozowa\/","title":{"rendered":"KIECZMERSKI Ro\u017cek standard 75&#215;75 cm MIMINU DESIGN \u017byrafki be\u017cowo-r\u00f3\u017cowa"},"content":{"rendered":"<p>KIECZMERSKI Ro\u017cek niemowl\u0119cy 75&#215;75 cm MIMINU DESIGN w wz\u00f3r \u017byrafki be\u017cowo-r\u00f3\u017cowy, wykonany z naturalnej, mi\u0119kkiej i przyjemnej w dotyku tkaniny bawe\u0142nianej. Ro\u017cek u\u0142atwia przenoszenie dziecka, karmienie i usypianie, dopasowuj\u0105c si\u0119 do kszta\u0142tu cia\u0142a, zachowuj\u0105c odpowiedni\u0105 twardo\u015b\u0107. Zapinany na rzep, wype\u0142niony antyalergicznym silikonowanym poliestrem. Produkt bezpieczny i antyalergiczny, wyprodukowany w Polsce. Mo\u017cna pra\u0107 w pralce w temperaturze 30\u00b0C, wirowa\u0107 maksymalnie 800 obrot\u00f3w, suszy\u0107 w pozycji roz\u0142o\u017conej. Nie suszy\u0107 w suszarce b\u0119bnowej, nie czy\u015bci\u0107 chemicznie.<\/p>\n","protected":false},"excerpt":{"rendered":"<p>KIECZMERSKI Ro\u017cek niemowl\u0119cy 75&#215;75 cm MIMINU DESIGN w wz\u00f3r \u017byrafki be\u017cowo-r\u00f3\u017cowy, wykonany z naturalnej, mi\u0119kkiej i przyjemnej w dotyku tkaniny bawe\u0142nianej. Ro\u017cek u\u0142atwia przenoszenie dziecka, karmienie i usypianie, dopasowuj\u0105c si\u0119 do kszta\u0142tu cia\u0142a, zachowuj\u0105c odpowiedni\u0105 twardo\u015b\u0107. Zapinany na rzep, wype\u0142niony antyalergicznym silikonowanym poliestrem. Produkt bezpieczny i antyalergiczny, wyprodukowany w Polsce. Mo\u017cna pra\u0107 w pralce w [&hellip;]<\/p>\n","protected":false},"featured_media":11371,"comment_status":"open","ping_status":"closed","template":"","meta":[],"product_brand":[],"product_cat":[76,84,119,85],"product_tag":[],"class_list":{"0":"post-11372","1":"product","2":"type-product","3":"status-publish","4":"has-post-thumbnail","6":"product_cat-dziecko","7":"product_cat-pokoj-dziecka","8":"product_cat-rozki","9":"product_cat-spanie","11":"first","12":"instock","13":"taxable","14":"shipping-taxable","15":"purchasable","16":"product-type-simple"},"_links":{"self":[{"href":"https:\/\/www.bobooaza.pl\/index.php\/wp-json\/wp\/v2\/product\/11372","targetHints":{"allow":["GET"]}}],"collection":[{"href":"https:\/\/www.bobooaza.pl\/index.php\/wp-json\/wp\/v2\/product"}],"about":[{"href":"https:\/\/www.bobooaza.pl\/index.php\/wp-json\/wp\/v2\/types\/product"}],"replies":[{"embeddable":true,"href":"https:\/\/www.bobooaza.pl\/index.php\/wp-json\/wp\/v2\/comments?post=11372"}],"wp:featuredmedia":[{"embeddable":true,"href":"https:\/\/www.bobooaza.pl\/index.php\/wp-json\/wp\/v2\/media\/11371"}],"wp:attachment":[{"href":"https:\/\/www.bobooaza.pl\/index.php\/wp-json\/wp\/v2\/media?parent=11372"}],"wp:term":[{"taxonomy":"product_brand","embeddable":true,"href":"https:\/\/www.bobooaza.pl\/index.php\/wp-json\/wp\/v2\/product_brand?post=11372"},{"taxonomy":"product_cat","embeddable":true,"href":"https:\/\/www.bobooaza.pl\/index.php\/wp-json\/wp\/v2\/product_cat?post=11372"},{"taxonomy":"product_tag","embeddable":true,"href":"https:\/\/www.bobooaza.pl\/index.php\/wp-json\/wp\/v2\/product_tag?post=11372"}],"curies":[{"name":"wp","href":"https:\/\/api.w.org\/{rel}","templated":true}]}}