{"id":11430,"date":"2026-01-10T10:38:29","date_gmt":"2026-01-10T09:38:29","guid":{"rendered":"https:\/\/bobooaza.pl\/index.php\/produkt\/kieczmerski-spiworek-do-spania-ocieplany-z-nogawkami-miminu-soft-flo-s-bez-80-98cm-1-25-roku\/"},"modified":"2026-01-10T10:40:20","modified_gmt":"2026-01-10T09:40:20","slug":"kieczmerski-spiworek-do-spania-ocieplany-z-nogawkami-miminu-soft-flo-s-bez-80-98cm-1-25-roku","status":"publish","type":"product","link":"https:\/\/www.bobooaza.pl\/index.php\/produkt\/kieczmerski-spiworek-do-spania-ocieplany-z-nogawkami-miminu-soft-flo-s-bez-80-98cm-1-25-roku\/","title":{"rendered":"KIECZMERSKI \u015apiworek do spania ocieplany z nogawkami MIMINU SOFT FLO S be\u017c 80\/98cm 1-2,5 roku"},"content":{"rendered":"<p>Kieczmerski \u015apiworek do spania ocieplany z nogawkami MimiNu Soft FLO S w kolorze be\u017cowym to ca\u0142oroczny \u015bpiworek przeznaczony dla dzieci w wieku 1-2,5 roku (wzrost 80-98 cm). Wykonany jest z mi\u0119kkiej i delikatnej dzianiny typu interlock z naturalnej bawe\u0142ny, kt\u00f3ra jest przewiewna, hipoalergiczna i bezpieczna dla wra\u017cliwej sk\u00f3ry dziecka. \u015apiworek zapewnia komfort snu dzi\u0119ki elastyczno\u015bci materia\u0142u, kt\u00f3ry otula cia\u0142o dziecka, nie kr\u0119puj\u0105c ruch\u00f3w. Nogawki mog\u0105 zosta\u0107 przekszta\u0142cone w skarpetki, co chroni st\u00f3pki przed wych\u0142odzeniem, a dodatkowy zamek z os\u0142onk\u0105 i napy u\u0142atwiaj\u0105 przewijanie. Wype\u0142nienie stanowi silikonowany poliester, kt\u00f3ry zapewnia odpowiedni\u0105 izolacj\u0119 termiczn\u0105 i ca\u0142oroczne u\u017cytkowanie w temperaturach pokojowych 15-21\u00b0C. \u015apiworek jest lekki, trwa\u0142y, odporny na pranie i mechacenie, a jego jednolita, pastelowa kolorystyka wpisuje si\u0119 w nowoczesne trendy. Produkt jest polski, antyalergiczny i posiada odpowiednie atesty. Mo\u017cna go pra\u0107 w pralce w 30\u00b0C, prasowa\u0107 w niskiej temperaturze i suszy\u0107 w pozycji roz\u0142o\u017conej. W \u015bpiworku nie nale\u017cy stosowa\u0107 dodatkowych element\u00f3w po\u015bcieli, a produkt nale\u017cy trzyma\u0107 z dala od ognia i dzieci, aby zapewni\u0107 bezpiecze\u0144stwo. D\u0142ugo\u015b\u0107 ca\u0142kowita \u015bpiworka wynosi 77 cm, d\u0142ugo\u015b\u0107 z nogawkami 65 cm plus 12 cm skarpetki, szeroko\u015b\u0107 pod paszkami 31 cm, szeroko\u015b\u0107 w najszerszym miejscu 38 cm, grubo\u015b\u0107 2-2,5 tog.<\/p>\n","protected":false},"excerpt":{"rendered":"<p>Kieczmerski \u015apiworek do spania ocieplany z nogawkami MimiNu Soft FLO S w kolorze be\u017cowym to ca\u0142oroczny \u015bpiworek przeznaczony dla dzieci w wieku 1-2,5 roku (wzrost 80-98 cm). Wykonany jest z mi\u0119kkiej i delikatnej dzianiny typu interlock z naturalnej bawe\u0142ny, kt\u00f3ra jest przewiewna, hipoalergiczna i bezpieczna dla wra\u017cliwej sk\u00f3ry dziecka. \u015apiworek zapewnia komfort snu dzi\u0119ki elastyczno\u015bci [&hellip;]<\/p>\n","protected":false},"featured_media":11429,"comment_status":"open","ping_status":"closed","template":"","meta":[],"product_brand":[],"product_cat":[76,84,85,125],"product_tag":[],"class_list":{"0":"post-11430","1":"product","2":"type-product","3":"status-publish","4":"has-post-thumbnail","6":"product_cat-dziecko","7":"product_cat-pokoj-dziecka","8":"product_cat-spanie","9":"product_cat-spiworki","11":"first","12":"instock","13":"taxable","14":"shipping-taxable","15":"purchasable","16":"product-type-simple"},"_links":{"self":[{"href":"https:\/\/www.bobooaza.pl\/index.php\/wp-json\/wp\/v2\/product\/11430","targetHints":{"allow":["GET"]}}],"collection":[{"href":"https:\/\/www.bobooaza.pl\/index.php\/wp-json\/wp\/v2\/product"}],"about":[{"href":"https:\/\/www.bobooaza.pl\/index.php\/wp-json\/wp\/v2\/types\/product"}],"replies":[{"embeddable":true,"href":"https:\/\/www.bobooaza.pl\/index.php\/wp-json\/wp\/v2\/comments?post=11430"}],"wp:featuredmedia":[{"embeddable":true,"href":"https:\/\/www.bobooaza.pl\/index.php\/wp-json\/wp\/v2\/media\/11429"}],"wp:attachment":[{"href":"https:\/\/www.bobooaza.pl\/index.php\/wp-json\/wp\/v2\/media?parent=11430"}],"wp:term":[{"taxonomy":"product_brand","embeddable":true,"href":"https:\/\/www.bobooaza.pl\/index.php\/wp-json\/wp\/v2\/product_brand?post=11430"},{"taxonomy":"product_cat","embeddable":true,"href":"https:\/\/www.bobooaza.pl\/index.php\/wp-json\/wp\/v2\/product_cat?post=11430"},{"taxonomy":"product_tag","embeddable":true,"href":"https:\/\/www.bobooaza.pl\/index.php\/wp-json\/wp\/v2\/product_tag?post=11430"}],"curies":[{"name":"wp","href":"https:\/\/api.w.org\/{rel}","templated":true}]}}