{"id":11432,"date":"2026-01-10T10:38:34","date_gmt":"2026-01-10T09:38:34","guid":{"rendered":"https:\/\/bobooaza.pl\/index.php\/produkt\/kieczmerski-spiworek-do-spania-ocieplany-z-nogawkami-miminu-soft-flo-s-mokka-80-98cm-1-25-roku\/"},"modified":"2026-01-10T10:40:21","modified_gmt":"2026-01-10T09:40:21","slug":"kieczmerski-spiworek-do-spania-ocieplany-z-nogawkami-miminu-soft-flo-s-mokka-80-98cm-1-25-roku","status":"publish","type":"product","link":"https:\/\/www.bobooaza.pl\/index.php\/produkt\/kieczmerski-spiworek-do-spania-ocieplany-z-nogawkami-miminu-soft-flo-s-mokka-80-98cm-1-25-roku\/","title":{"rendered":"KIECZMERSKI \u015apiworek do spania ocieplany z nogawkami MIMINU SOFT FLO S mokka 80\/98cm 1-2,5 roku"},"content":{"rendered":"<p>Kieczmerski \u015bpiworek do spania ocieplany z nogawkami MimiNu Soft FLO S w kolorze mokka przeznaczony jest dla dzieci w wieku 1-2,5 roku o wzro\u015bcie 80-98 cm. Wykonany jest z dw\u00f3ch warstw naturalnej bawe\u0142ny typu interlock, kt\u00f3ra jest mi\u0119kka, delikatna dla sk\u00f3ry, przewiewna i hipoalergiczna. \u015apiworek zapewnia komfortowy sen dzi\u0119ki elastyczno\u015bci materia\u0142u, kt\u00f3ry otula cia\u0142o dziecka bez kr\u0119powania ruch\u00f3w, a brak r\u0119kaw\u00f3w poprawia wentylacj\u0119. Nogawki mo\u017cna przekszta\u0142ci\u0107 w skarpetki, co chroni st\u00f3pki przed wych\u0142odzeniem. Zamek b\u0142yskawiczny z os\u0142onk\u0105 oraz dodatkowe zapi\u0119cie na napy u\u0142atwiaj\u0105 przewijanie. Wype\u0142nienie stanowi silikonowany poliester, zapewniaj\u0105cy izolacj\u0119 termiczn\u0105 i mo\u017cliwo\u015b\u0107 ca\u0142orocznego u\u017cytkowania w temperaturach pokojowych 15-21\u00b0C. \u015apiworek jest lekki, trwa\u0142y, odporny na pranie i mechacenie, a jego jednolita pastelowa kolorystyka wpisuje si\u0119 w nowoczesne trendy. Mo\u017cna go pra\u0107 w pralce w 30\u00b0C, prasowa\u0107 w niskiej temperaturze i suszy\u0107 w pozycji roz\u0142o\u017conej. Produkt jest polski, antyalergiczny, posiada odpowiednie atesty i nale\u017cy go stosowa\u0107 z zachowaniem zasad bezpiecze\u0144stwa, trzymaj\u0105c z dala od ognia i dzieci oraz nie \u0142\u0105cz\u0105c z innymi elementami po\u015bcieli. D\u0142ugo\u015b\u0107 ca\u0142kowita \u015bpiworka wynosi 77 cm, d\u0142ugo\u015b\u0107 z nogawkami 65 cm plus 12 cm skarpetki, d\u0142ugo\u015b\u0107 liczona do kroku 50 cm, szeroko\u015b\u0107 pod paszkami 31 cm, szeroko\u015b\u0107 w najszerszym miejscu 38 cm, grubo\u015b\u0107 2-2,5 tog.<\/p>\n","protected":false},"excerpt":{"rendered":"<p>Kieczmerski \u015bpiworek do spania ocieplany z nogawkami MimiNu Soft FLO S w kolorze mokka przeznaczony jest dla dzieci w wieku 1-2,5 roku o wzro\u015bcie 80-98 cm. Wykonany jest z dw\u00f3ch warstw naturalnej bawe\u0142ny typu interlock, kt\u00f3ra jest mi\u0119kka, delikatna dla sk\u00f3ry, przewiewna i hipoalergiczna. \u015apiworek zapewnia komfortowy sen dzi\u0119ki elastyczno\u015bci materia\u0142u, kt\u00f3ry otula cia\u0142o dziecka [&hellip;]<\/p>\n","protected":false},"featured_media":11431,"comment_status":"open","ping_status":"closed","template":"","meta":[],"product_brand":[],"product_cat":[76,84,85,125],"product_tag":[],"class_list":{"0":"post-11432","1":"product","2":"type-product","3":"status-publish","4":"has-post-thumbnail","6":"product_cat-dziecko","7":"product_cat-pokoj-dziecka","8":"product_cat-spanie","9":"product_cat-spiworki","11":"first","12":"instock","13":"taxable","14":"shipping-taxable","15":"purchasable","16":"product-type-simple"},"_links":{"self":[{"href":"https:\/\/www.bobooaza.pl\/index.php\/wp-json\/wp\/v2\/product\/11432","targetHints":{"allow":["GET"]}}],"collection":[{"href":"https:\/\/www.bobooaza.pl\/index.php\/wp-json\/wp\/v2\/product"}],"about":[{"href":"https:\/\/www.bobooaza.pl\/index.php\/wp-json\/wp\/v2\/types\/product"}],"replies":[{"embeddable":true,"href":"https:\/\/www.bobooaza.pl\/index.php\/wp-json\/wp\/v2\/comments?post=11432"}],"wp:featuredmedia":[{"embeddable":true,"href":"https:\/\/www.bobooaza.pl\/index.php\/wp-json\/wp\/v2\/media\/11431"}],"wp:attachment":[{"href":"https:\/\/www.bobooaza.pl\/index.php\/wp-json\/wp\/v2\/media?parent=11432"}],"wp:term":[{"taxonomy":"product_brand","embeddable":true,"href":"https:\/\/www.bobooaza.pl\/index.php\/wp-json\/wp\/v2\/product_brand?post=11432"},{"taxonomy":"product_cat","embeddable":true,"href":"https:\/\/www.bobooaza.pl\/index.php\/wp-json\/wp\/v2\/product_cat?post=11432"},{"taxonomy":"product_tag","embeddable":true,"href":"https:\/\/www.bobooaza.pl\/index.php\/wp-json\/wp\/v2\/product_tag?post=11432"}],"curies":[{"name":"wp","href":"https:\/\/api.w.org\/{rel}","templated":true}]}}