{"id":11438,"date":"2026-01-10T10:38:52","date_gmt":"2026-01-10T09:38:52","guid":{"rendered":"https:\/\/bobooaza.pl\/index.php\/produkt\/kieczmerski-spiworek-do-spania-caloroczny-miminu-soft-teddy-25-tog-bez-62-76cm-3-12m\/"},"modified":"2026-01-16T15:50:36","modified_gmt":"2026-01-16T14:50:36","slug":"kieczmerski-spiworek-do-spania-caloroczny-miminu-soft-teddy-25-tog-bez-62-76cm-3-12m","status":"publish","type":"product","link":"https:\/\/www.bobooaza.pl\/index.php\/produkt\/kieczmerski-spiworek-do-spania-caloroczny-miminu-soft-teddy-25-tog-bez-62-76cm-3-12m\/","title":{"rendered":"KIECZMERSKI \u015apiworek do spania ca\u0142oroczny MIMINU SOFT TEDDY 2,5 TOG be\u017c 62\/76cm 3-12m"},"content":{"rendered":"<p>Kieczmerski \u015bpiworek do spania ca\u0142oroczny MimiNu Soft TEDDY 2,5 TOG w kolorze be\u017cowym jest przeznaczony dla niemowl\u0105t w wieku 3-12 miesi\u0119cy o wzro\u015bcie 62-76 cm i wadze 6-10 kg. Wykonany jest w ca\u0142o\u015bci z naturalnej bawe\u0142ny 100% typu interlock (pr\u0105\u017cek), mi\u0119kkiej, hipoalergicznej i delikatnej dla wra\u017cliwej sk\u00f3ry dziecka.<\/p>\n<p>\u015apiworek zapewnia komfort i bezpiecze\u0144stwo snu dzi\u0119ki:<\/p>\n<p>gruszkowatemu kszta\u0142towi, kt\u00f3ry daje swobod\u0119 ruchu n\u00f3\u017ckom,<br \/>\nelastyczno\u015bci materia\u0142u, otulaj\u0105cej cia\u0142o bez kr\u0119powania ruch\u00f3w,<br \/>\ndoskona\u0142ej wentylacji i naturalnej oddychalno\u015bci, co zapobiega przegrzewaniu,<br \/>\npoczuciu bezpiecze\u0144stwa, uspokajaj\u0105c niemowl\u0119 i redukuj\u0105c odruch Moro.<\/p>\n<p>Zamek b\u0142yskawiczny biegnie od g\u00f3ry do do\u0142u, a os\u0142onka chroni delikatn\u0105 sk\u00f3r\u0119 dziecka przed zadrapaniem. \u015apiworek wykonany jest z dw\u00f3ch warstw bawe\u0142ny, lekki, przewiewny i odpowiedni do ca\u0142orocznego u\u017cytkowania przy temperaturze pokojowej 16\u201320\u00b0C (TOG 2\u20132,5).<\/p>\n<p>Wymiary:<\/p>\n<p>d\u0142ugo\u015b\u0107 ca\u0142kowita: 80 cm \u00b12 cm<br \/>\nszeroko\u015b\u0107 pod paszkami: 29 cm \u00b12 cm<br \/>\nszeroko\u015b\u0107 w najszerszym miejscu: 39 cm \u00b12 cm<\/p>\n<p>Produkt jest polski, antyalergiczny, trwa\u0142y, odporny na pranie i mechacenie, a jego pastelowa kolorystyka wpisuje si\u0119 w nowoczesne trendy. Mo\u017cna pra\u0107 w pralce w 30\u00b0C, prasowa\u0107 w niskiej temperaturze i suszy\u0107 w pozycji roz\u0142o\u017conej. Nale\u017cy zachowa\u0107 ostro\u017cno\u015b\u0107: trzyma\u0107 z dala od ognia i dzieci, nie stosowa\u0107 przy oznakach uszkodzenia.<\/p>\n","protected":false},"excerpt":{"rendered":"<p>Kieczmerski \u015bpiworek do spania ca\u0142oroczny MimiNu Soft TEDDY 2,5 TOG w kolorze be\u017cowym jest przeznaczony dla niemowl\u0105t w wieku 3-12 miesi\u0119cy o wzro\u015bcie 62-76 cm i wadze 6-10 kg. Wykonany jest w ca\u0142o\u015bci z naturalnej bawe\u0142ny 100% typu interlock (pr\u0105\u017cek), mi\u0119kkiej, hipoalergicznej i delikatnej dla wra\u017cliwej sk\u00f3ry dziecka. \u015apiworek zapewnia komfort i bezpiecze\u0144stwo snu dzi\u0119ki: [&hellip;]<\/p>\n","protected":false},"featured_media":11437,"comment_status":"open","ping_status":"closed","template":"","meta":[],"product_brand":[],"product_cat":[76,84,85,125],"product_tag":[],"class_list":{"0":"post-11438","1":"product","2":"type-product","3":"status-publish","4":"has-post-thumbnail","6":"product_cat-dziecko","7":"product_cat-pokoj-dziecka","8":"product_cat-spanie","9":"product_cat-spiworki","11":"first","12":"instock","13":"taxable","14":"shipping-taxable","15":"purchasable","16":"product-type-simple"},"_links":{"self":[{"href":"https:\/\/www.bobooaza.pl\/index.php\/wp-json\/wp\/v2\/product\/11438","targetHints":{"allow":["GET"]}}],"collection":[{"href":"https:\/\/www.bobooaza.pl\/index.php\/wp-json\/wp\/v2\/product"}],"about":[{"href":"https:\/\/www.bobooaza.pl\/index.php\/wp-json\/wp\/v2\/types\/product"}],"replies":[{"embeddable":true,"href":"https:\/\/www.bobooaza.pl\/index.php\/wp-json\/wp\/v2\/comments?post=11438"}],"wp:featuredmedia":[{"embeddable":true,"href":"https:\/\/www.bobooaza.pl\/index.php\/wp-json\/wp\/v2\/media\/11437"}],"wp:attachment":[{"href":"https:\/\/www.bobooaza.pl\/index.php\/wp-json\/wp\/v2\/media?parent=11438"}],"wp:term":[{"taxonomy":"product_brand","embeddable":true,"href":"https:\/\/www.bobooaza.pl\/index.php\/wp-json\/wp\/v2\/product_brand?post=11438"},{"taxonomy":"product_cat","embeddable":true,"href":"https:\/\/www.bobooaza.pl\/index.php\/wp-json\/wp\/v2\/product_cat?post=11438"},{"taxonomy":"product_tag","embeddable":true,"href":"https:\/\/www.bobooaza.pl\/index.php\/wp-json\/wp\/v2\/product_tag?post=11438"}],"curies":[{"name":"wp","href":"https:\/\/api.w.org\/{rel}","templated":true}]}}