{"id":11442,"date":"2026-01-10T10:39:06","date_gmt":"2026-01-10T09:39:06","guid":{"rendered":"https:\/\/bobooaza.pl\/index.php\/produkt\/kieczmerski-spiworek-do-spania-caloroczny-miminu-soft-teddy-25-tog-niebieski-62-76cm-3-12m\/"},"modified":"2026-01-16T15:50:37","modified_gmt":"2026-01-16T14:50:37","slug":"kieczmerski-spiworek-do-spania-caloroczny-miminu-soft-teddy-25-tog-niebieski-62-76cm-3-12m","status":"publish","type":"product","link":"https:\/\/www.bobooaza.pl\/index.php\/produkt\/kieczmerski-spiworek-do-spania-caloroczny-miminu-soft-teddy-25-tog-niebieski-62-76cm-3-12m\/","title":{"rendered":"KIECZMERSKI \u015apiworek do spania ca\u0142oroczny MIMINU SOFT TEDDY 2,5 TOG niebieski 62\/76cm 3-12m"},"content":{"rendered":"<p>Kieczmerski \u015bpiworek do spania ca\u0142oroczny MimiNu Soft TEDDY 2,5 TOG w kolorze niebieskim to mi\u0119kki, elastyczny i przewiewny \u015bpiworek dla niemowl\u0105t w wieku od 3 do 12 miesi\u0119cy o wzro\u015bcie 62\u201376 cm i wadze 6\u201310 kg. Wykonany z 100% bawe\u0142ny typu interlock pr\u0105\u017cek, zapewnia naturaln\u0105 oddychalno\u015b\u0107, delikatno\u015b\u0107 dla sk\u00f3ry dziecka oraz komfort ruch\u00f3w r\u0105k i n\u00f3\u017cek. Gruszkowaty kszta\u0142t i lekka konstrukcja otulaj\u0105 dziecko, zwi\u0119kszaj\u0105c poczucie bezpiecze\u0144stwa, redukuj\u0105 objawy kolki i odruchy Moro. Suwak od g\u00f3ry do do\u0142u z os\u0142onk\u0105 chroni sk\u00f3r\u0119 dziecka i u\u0142atwia codzienne u\u017cytkowanie, a pastelowa jednolita kolorystyka wpisuje si\u0119 w nowoczesne trendy. \u015apiworek jest ca\u0142oroczny, odpowiedni do pomieszcze\u0144 o temperaturze 16\u201320\u00b0C, wykonany z dw\u00f3ch warstw bawe\u0142ny i zapewnia TOG 2\u20132,5, jest antyalergiczny, trwa\u0142y i odporny na cz\u0119ste pranie. Produkt polski, spe\u0142nia normy bezpiecze\u0144stwa, mo\u017cna go pra\u0107 w pralce w 30\u00b0C, prasowa\u0107 w niskiej temperaturze i suszy\u0107 w pozycji roz\u0142o\u017conej, trzyma\u0107 z dala od ognia i nie u\u017cywa\u0107 przy uszkodzeniach.<\/p>\n","protected":false},"excerpt":{"rendered":"<p>Kieczmerski \u015bpiworek do spania ca\u0142oroczny MimiNu Soft TEDDY 2,5 TOG w kolorze niebieskim to mi\u0119kki, elastyczny i przewiewny \u015bpiworek dla niemowl\u0105t w wieku od 3 do 12 miesi\u0119cy o wzro\u015bcie 62\u201376 cm i wadze 6\u201310 kg. Wykonany z 100% bawe\u0142ny typu interlock pr\u0105\u017cek, zapewnia naturaln\u0105 oddychalno\u015b\u0107, delikatno\u015b\u0107 dla sk\u00f3ry dziecka oraz komfort ruch\u00f3w r\u0105k i [&hellip;]<\/p>\n","protected":false},"featured_media":11441,"comment_status":"open","ping_status":"closed","template":"","meta":[],"product_brand":[],"product_cat":[76,84,85,125],"product_tag":[],"class_list":{"0":"post-11442","1":"product","2":"type-product","3":"status-publish","4":"has-post-thumbnail","6":"product_cat-dziecko","7":"product_cat-pokoj-dziecka","8":"product_cat-spanie","9":"product_cat-spiworki","11":"first","12":"instock","13":"taxable","14":"shipping-taxable","15":"purchasable","16":"product-type-simple"},"_links":{"self":[{"href":"https:\/\/www.bobooaza.pl\/index.php\/wp-json\/wp\/v2\/product\/11442","targetHints":{"allow":["GET"]}}],"collection":[{"href":"https:\/\/www.bobooaza.pl\/index.php\/wp-json\/wp\/v2\/product"}],"about":[{"href":"https:\/\/www.bobooaza.pl\/index.php\/wp-json\/wp\/v2\/types\/product"}],"replies":[{"embeddable":true,"href":"https:\/\/www.bobooaza.pl\/index.php\/wp-json\/wp\/v2\/comments?post=11442"}],"wp:featuredmedia":[{"embeddable":true,"href":"https:\/\/www.bobooaza.pl\/index.php\/wp-json\/wp\/v2\/media\/11441"}],"wp:attachment":[{"href":"https:\/\/www.bobooaza.pl\/index.php\/wp-json\/wp\/v2\/media?parent=11442"}],"wp:term":[{"taxonomy":"product_brand","embeddable":true,"href":"https:\/\/www.bobooaza.pl\/index.php\/wp-json\/wp\/v2\/product_brand?post=11442"},{"taxonomy":"product_cat","embeddable":true,"href":"https:\/\/www.bobooaza.pl\/index.php\/wp-json\/wp\/v2\/product_cat?post=11442"},{"taxonomy":"product_tag","embeddable":true,"href":"https:\/\/www.bobooaza.pl\/index.php\/wp-json\/wp\/v2\/product_tag?post=11442"}],"curies":[{"name":"wp","href":"https:\/\/api.w.org\/{rel}","templated":true}]}}