{"id":11453,"date":"2026-01-10T10:39:33","date_gmt":"2026-01-10T09:39:33","guid":{"rendered":"https:\/\/bobooaza.pl\/index.php\/produkt\/petitemars-534825-zimowy-spiworek-comfy-4w1-forever-black\/"},"modified":"2026-01-10T10:40:44","modified_gmt":"2026-01-10T09:40:44","slug":"petitemars-534825-zimowy-spiworek-comfy-4w1-forever-black","status":"publish","type":"product","link":"https:\/\/www.bobooaza.pl\/index.php\/produkt\/petitemars-534825-zimowy-spiworek-comfy-4w1-forever-black\/","title":{"rendered":"PETITE&amp;MARS 534825 Zimowy \u015bpiworek Comfy 4w1 Forever Black"},"content":{"rendered":"<p>\u015apiworek zimowy Petite&amp;Mars Comfy 4w1 Forever Black to ciep\u0142y i mi\u0119kki \u015bpiworek o wysokiej jako\u015bci i eleganckim wzornictwie, kt\u00f3ry zapewnia komfort w ch\u0142odne dni. Mo\u017cna go u\u017cywa\u0107 na cztery sposoby: jako \u015bpiworek do gondoli, do w\u00f3zka spacerowego, jako wk\u0142adk\u0119 do w\u00f3zka po odpi\u0119ciu g\u00f3ry, a futerko mo\u017cna \u0142atwo odpi\u0105\u0107. Materia\u0142 jest wodoodporny i wiatroodporny dzi\u0119ki pow\u0142oce BIONIC-FINISH\u00ae ECO, bezpiecznej dla dziecka, a przemy\u015blane otwory na pasy umo\u017cliwiaj\u0105 dopasowanie do ka\u017cdego w\u00f3zka lub fotelika samochodowego. Suwaki po obu stronach pozwalaj\u0105 na wygodne w\u0142o\u017cenie dziecka i regulowanie temperatury, a tylnia kiesze\u0144 zapobiega zsuwaniu si\u0119 \u015bpiworka. Futerko mo\u017cna pra\u0107 w 30\u00b0C. Wymiary to 100 cm d\u0142ugo\u015bci i 55 cm szeroko\u015bci, wykonany w 100% z poliestru z certyfikatem OEKO-TEX\u00ae STANDARD 100, gwarantuj\u0105cym brak szkodliwych substancji. Kompatybilny z wieloma modelami w\u00f3zk\u00f3w marek takich jak Cybex, Thule, Kinderkraft, Anex, Adamex, ABC Design i Uppababy. Zaleca si\u0119 impregnacj\u0119 materia\u0142u po ka\u017cdym praniu, aby zachowa\u0107 wodoodporno\u015b\u0107.<\/p>\n","protected":false},"excerpt":{"rendered":"<p>\u015apiworek zimowy Petite&amp;Mars Comfy 4w1 Forever Black to ciep\u0142y i mi\u0119kki \u015bpiworek o wysokiej jako\u015bci i eleganckim wzornictwie, kt\u00f3ry zapewnia komfort w ch\u0142odne dni. Mo\u017cna go u\u017cywa\u0107 na cztery sposoby: jako \u015bpiworek do gondoli, do w\u00f3zka spacerowego, jako wk\u0142adk\u0119 do w\u00f3zka po odpi\u0119ciu g\u00f3ry, a futerko mo\u017cna \u0142atwo odpi\u0105\u0107. Materia\u0142 jest wodoodporny i wiatroodporny dzi\u0119ki [&hellip;]<\/p>\n","protected":false},"featured_media":11443,"comment_status":"open","ping_status":"closed","template":"","meta":[],"product_brand":[],"product_cat":[76,84,85,125],"product_tag":[],"class_list":{"0":"post-11453","1":"product","2":"type-product","3":"status-publish","4":"has-post-thumbnail","6":"product_cat-dziecko","7":"product_cat-pokoj-dziecka","8":"product_cat-spanie","9":"product_cat-spiworki","11":"first","12":"instock","13":"taxable","14":"shipping-taxable","15":"purchasable","16":"product-type-simple"},"_links":{"self":[{"href":"https:\/\/www.bobooaza.pl\/index.php\/wp-json\/wp\/v2\/product\/11453","targetHints":{"allow":["GET"]}}],"collection":[{"href":"https:\/\/www.bobooaza.pl\/index.php\/wp-json\/wp\/v2\/product"}],"about":[{"href":"https:\/\/www.bobooaza.pl\/index.php\/wp-json\/wp\/v2\/types\/product"}],"replies":[{"embeddable":true,"href":"https:\/\/www.bobooaza.pl\/index.php\/wp-json\/wp\/v2\/comments?post=11453"}],"wp:featuredmedia":[{"embeddable":true,"href":"https:\/\/www.bobooaza.pl\/index.php\/wp-json\/wp\/v2\/media\/11443"}],"wp:attachment":[{"href":"https:\/\/www.bobooaza.pl\/index.php\/wp-json\/wp\/v2\/media?parent=11453"}],"wp:term":[{"taxonomy":"product_brand","embeddable":true,"href":"https:\/\/www.bobooaza.pl\/index.php\/wp-json\/wp\/v2\/product_brand?post=11453"},{"taxonomy":"product_cat","embeddable":true,"href":"https:\/\/www.bobooaza.pl\/index.php\/wp-json\/wp\/v2\/product_cat?post=11453"},{"taxonomy":"product_tag","embeddable":true,"href":"https:\/\/www.bobooaza.pl\/index.php\/wp-json\/wp\/v2\/product_tag?post=11453"}],"curies":[{"name":"wp","href":"https:\/\/api.w.org\/{rel}","templated":true}]}}