{"id":11464,"date":"2026-01-10T10:40:22","date_gmt":"2026-01-10T09:40:22","guid":{"rendered":"https:\/\/bobooaza.pl\/index.php\/produkt\/petitemars-534596-zimowy-spiworek-comfy-4w1-mocha-mousse\/"},"modified":"2026-01-10T10:49:56","modified_gmt":"2026-01-10T09:49:56","slug":"petitemars-534596-zimowy-spiworek-comfy-4w1-mocha-mousse","status":"publish","type":"product","link":"https:\/\/www.bobooaza.pl\/index.php\/produkt\/petitemars-534596-zimowy-spiworek-comfy-4w1-mocha-mousse\/","title":{"rendered":"PETITE&amp;MARS 534596 Zimowy \u015bpiworek Comfy 4w1 Mocha Mousse"},"content":{"rendered":"<p>\u015apiworek zimowy Petite&amp;Mars Comfy 4w1 Mocha Mousse jest ciep\u0142y, mi\u0119kki i elegancki, zapewnia komfort w ch\u0142odne dni i mo\u017ce by\u0107 u\u017cywany na cztery sposoby: jako \u015bpiworek do gondoli, do w\u00f3zka spacerowego, jako wk\u0142adka po rozpi\u0119ciu g\u00f3ry oraz z odpinanym futerkiem. Materia\u0142 jest wodoodporny i wiatroodporny dzi\u0119ki pow\u0142oce BIONIC-FINISH\u00ae ECO, bezpiecznej dla dziecka, a przemy\u015blane otwory na pasy pozwalaj\u0105 dopasowa\u0107 \u015bpiworek do dowolnego w\u00f3zka lub fotelika. Suwaki po obu stronach u\u0142atwiaj\u0105 umieszczenie dziecka i regulacj\u0119 temperatury, a tylnia kiesze\u0144 zapobiega zsuwaniu si\u0119 \u015bpiworka. Futerko mo\u017cna pra\u0107 w 30\u00b0C. Wymiary \u015bpiworka to 100 cm d\u0142ugo\u015bci i 55 cm szeroko\u015bci, wykonany jest w 100% z poliestru z certyfikatem OEKO-TEX\u00ae STANDARD 100, co zapewnia bezpiecze\u0144stwo i brak szkodliwych substancji. Kompatybilny z wieloma w\u00f3zkami marek Cybex, Thule, Kinderkraft, Anex, Adamex, ABC Design i Uppababy. Zaleca si\u0119 impregnacj\u0119 po ka\u017cdym praniu, aby zachowa\u0107 wodoodporno\u015b\u0107.<\/p>\n","protected":false},"excerpt":{"rendered":"<p>\u015apiworek zimowy Petite&amp;Mars Comfy 4w1 Mocha Mousse jest ciep\u0142y, mi\u0119kki i elegancki, zapewnia komfort w ch\u0142odne dni i mo\u017ce by\u0107 u\u017cywany na cztery sposoby: jako \u015bpiworek do gondoli, do w\u00f3zka spacerowego, jako wk\u0142adka po rozpi\u0119ciu g\u00f3ry oraz z odpinanym futerkiem. Materia\u0142 jest wodoodporny i wiatroodporny dzi\u0119ki pow\u0142oce BIONIC-FINISH\u00ae ECO, bezpiecznej dla dziecka, a przemy\u015blane otwory [&hellip;]<\/p>\n","protected":false},"featured_media":11465,"comment_status":"open","ping_status":"closed","template":"","meta":[],"product_brand":[],"product_cat":[76,84,85,125],"product_tag":[],"class_list":{"0":"post-11464","1":"product","2":"type-product","3":"status-publish","4":"has-post-thumbnail","6":"product_cat-dziecko","7":"product_cat-pokoj-dziecka","8":"product_cat-spanie","9":"product_cat-spiworki","11":"first","12":"instock","13":"taxable","14":"shipping-taxable","15":"purchasable","16":"product-type-simple"},"_links":{"self":[{"href":"https:\/\/www.bobooaza.pl\/index.php\/wp-json\/wp\/v2\/product\/11464","targetHints":{"allow":["GET"]}}],"collection":[{"href":"https:\/\/www.bobooaza.pl\/index.php\/wp-json\/wp\/v2\/product"}],"about":[{"href":"https:\/\/www.bobooaza.pl\/index.php\/wp-json\/wp\/v2\/types\/product"}],"replies":[{"embeddable":true,"href":"https:\/\/www.bobooaza.pl\/index.php\/wp-json\/wp\/v2\/comments?post=11464"}],"wp:featuredmedia":[{"embeddable":true,"href":"https:\/\/www.bobooaza.pl\/index.php\/wp-json\/wp\/v2\/media\/11465"}],"wp:attachment":[{"href":"https:\/\/www.bobooaza.pl\/index.php\/wp-json\/wp\/v2\/media?parent=11464"}],"wp:term":[{"taxonomy":"product_brand","embeddable":true,"href":"https:\/\/www.bobooaza.pl\/index.php\/wp-json\/wp\/v2\/product_brand?post=11464"},{"taxonomy":"product_cat","embeddable":true,"href":"https:\/\/www.bobooaza.pl\/index.php\/wp-json\/wp\/v2\/product_cat?post=11464"},{"taxonomy":"product_tag","embeddable":true,"href":"https:\/\/www.bobooaza.pl\/index.php\/wp-json\/wp\/v2\/product_tag?post=11464"}],"curies":[{"name":"wp","href":"https:\/\/api.w.org\/{rel}","templated":true}]}}