{"id":11486,"date":"2026-01-10T10:40:53","date_gmt":"2026-01-10T09:40:53","guid":{"rendered":"https:\/\/bobooaza.pl\/index.php\/produkt\/petitemars-534805-zimowy-spiworek-comfy-4w1-veritable-khaki\/"},"modified":"2026-01-10T10:49:56","modified_gmt":"2026-01-10T09:49:56","slug":"petitemars-534805-zimowy-spiworek-comfy-4w1-veritable-khaki","status":"publish","type":"product","link":"https:\/\/www.bobooaza.pl\/index.php\/produkt\/petitemars-534805-zimowy-spiworek-comfy-4w1-veritable-khaki\/","title":{"rendered":"PETITE&amp;MARS 534805 Zimowy \u015bpiworek Comfy 4w1 Veritable Khaki"},"content":{"rendered":"<p>\u015apiworek zimowy Petite&amp;Mars Comfy 4w1 Veritable Khaki to ciep\u0142y i mi\u0119kki model zapewniaj\u0105cy komfort w ch\u0142odne dni, elegancki i przytulny. Mo\u017cna go u\u017cywa\u0107 na cztery sposoby: jako \u015bpiworek do gondoli, do w\u00f3zka spacerowego, jako wk\u0142adka po rozpi\u0119ciu g\u00f3ry oraz z odpinanym futerkiem. Materia\u0142 jest wodoodporny i wiatroodporny dzi\u0119ki pow\u0142oce BIONIC-FINISH\u00ae ECO, bezpiecznej dla dziecka. Pionowe otwory na pasy sprawiaj\u0105, \u017ce \u015bpiworek pasuje do ka\u017cdego w\u00f3zka lub fotelika. Suwaki po obu stronach umo\u017cliwiaj\u0105 \u0142atwe w\u0142o\u017cenie dziecka i regulacj\u0119 temperatury, a tylnia kiesze\u0144 zapobiega zsuwaniu si\u0119. Futerko mo\u017cna pra\u0107 w 30\u00b0C. Wymiary to 100 cm d\u0142ugo\u015bci i 55 cm szeroko\u015bci, wykonany w 100% z poliestru z certyfikatem OEKO-TEX\u00ae STANDARD 100, co gwarantuje bezpiecze\u0144stwo i brak szkodliwych substancji. Zaleca si\u0119 impregnacj\u0119 po ka\u017cdym praniu, aby zachowa\u0107 wodoodporno\u015b\u0107.<\/p>\n","protected":false},"excerpt":{"rendered":"<p>\u015apiworek zimowy Petite&amp;Mars Comfy 4w1 Veritable Khaki to ciep\u0142y i mi\u0119kki model zapewniaj\u0105cy komfort w ch\u0142odne dni, elegancki i przytulny. Mo\u017cna go u\u017cywa\u0107 na cztery sposoby: jako \u015bpiworek do gondoli, do w\u00f3zka spacerowego, jako wk\u0142adka po rozpi\u0119ciu g\u00f3ry oraz z odpinanym futerkiem. Materia\u0142 jest wodoodporny i wiatroodporny dzi\u0119ki pow\u0142oce BIONIC-FINISH\u00ae ECO, bezpiecznej dla dziecka. Pionowe [&hellip;]<\/p>\n","protected":false},"featured_media":11475,"comment_status":"open","ping_status":"closed","template":"","meta":[],"product_brand":[],"product_cat":[76,84,85,125],"product_tag":[],"class_list":{"0":"post-11486","1":"product","2":"type-product","3":"status-publish","4":"has-post-thumbnail","6":"product_cat-dziecko","7":"product_cat-pokoj-dziecka","8":"product_cat-spanie","9":"product_cat-spiworki","11":"first","12":"instock","13":"taxable","14":"shipping-taxable","15":"purchasable","16":"product-type-simple"},"_links":{"self":[{"href":"https:\/\/www.bobooaza.pl\/index.php\/wp-json\/wp\/v2\/product\/11486","targetHints":{"allow":["GET"]}}],"collection":[{"href":"https:\/\/www.bobooaza.pl\/index.php\/wp-json\/wp\/v2\/product"}],"about":[{"href":"https:\/\/www.bobooaza.pl\/index.php\/wp-json\/wp\/v2\/types\/product"}],"replies":[{"embeddable":true,"href":"https:\/\/www.bobooaza.pl\/index.php\/wp-json\/wp\/v2\/comments?post=11486"}],"wp:featuredmedia":[{"embeddable":true,"href":"https:\/\/www.bobooaza.pl\/index.php\/wp-json\/wp\/v2\/media\/11475"}],"wp:attachment":[{"href":"https:\/\/www.bobooaza.pl\/index.php\/wp-json\/wp\/v2\/media?parent=11486"}],"wp:term":[{"taxonomy":"product_brand","embeddable":true,"href":"https:\/\/www.bobooaza.pl\/index.php\/wp-json\/wp\/v2\/product_brand?post=11486"},{"taxonomy":"product_cat","embeddable":true,"href":"https:\/\/www.bobooaza.pl\/index.php\/wp-json\/wp\/v2\/product_cat?post=11486"},{"taxonomy":"product_tag","embeddable":true,"href":"https:\/\/www.bobooaza.pl\/index.php\/wp-json\/wp\/v2\/product_tag?post=11486"}],"curies":[{"name":"wp","href":"https:\/\/api.w.org\/{rel}","templated":true}]}}