{"id":11495,"date":"2026-01-10T10:41:11","date_gmt":"2026-01-10T09:41:11","guid":{"rendered":"https:\/\/bobooaza.pl\/index.php\/produkt\/petitemars-531906-zimowy-spiworek-jibot-3w1-ink-black\/"},"modified":"2026-01-10T10:49:57","modified_gmt":"2026-01-10T09:49:57","slug":"petitemars-531906-zimowy-spiworek-jibot-3w1-ink-black","status":"publish","type":"product","link":"https:\/\/www.bobooaza.pl\/index.php\/produkt\/petitemars-531906-zimowy-spiworek-jibot-3w1-ink-black\/","title":{"rendered":"PETITE&amp;MARS 531906 Zimowy \u015bpiworek Jibot 3w1 Ink Black"},"content":{"rendered":"<p>\u015apiworek zimowy Petite&amp;Mars Jibot 3w1 Ink Black to ciep\u0142y i praktyczny model dla dzieci od 0 do 3 lat, kt\u00f3ry mo\u017cna u\u017cywa\u0107 w w\u00f3zku spacerowym, gondoli lub foteliku samochodowym. Jego konstrukcja 3w1 pozwala na regulacj\u0119 d\u0142ugo\u015bci poprzez odpinanie dolnej cz\u0119\u015bci, co umo\u017cliwia dopasowanie do r\u00f3\u017cnych zastosowa\u0144. Materia\u0142 jest wodoodporny i wiatroodporny, z ciep\u0142\u0105 podszewk\u0105 z polaru i elementami odblaskowymi dla bezpiecze\u0144stwa. Zamek z przodu u\u0142atwia szybki dost\u0119p do dziecka, a \u015bci\u0105gacze w g\u00f3rnej cz\u0119\u015bci tworz\u0105 kaptur chroni\u0105cy przed zimnem. Ty\u0142 \u015bpiworka ma antypo\u015blizgow\u0105 powierzchni\u0119, a pionowe otwory pozwalaj\u0105 na przypi\u0119cie do ka\u017cdego w\u00f3zka. D\u0142ugo\u015b\u0107 ca\u0142kowita wynosi 110 cm, szeroko\u015b\u0107 48 cm, a materia\u0142 to 100% poliester. \u015apiworek jest elegancki, odporny na warunki zimowe i \u0142atwy w utrzymaniu, z mo\u017cliwo\u015bci\u0105 prania w 30\u00b0C oraz zalecan\u0105 impregnacj\u0105 po ka\u017cdym praniu.<\/p>\n","protected":false},"excerpt":{"rendered":"<p>\u015apiworek zimowy Petite&amp;Mars Jibot 3w1 Ink Black to ciep\u0142y i praktyczny model dla dzieci od 0 do 3 lat, kt\u00f3ry mo\u017cna u\u017cywa\u0107 w w\u00f3zku spacerowym, gondoli lub foteliku samochodowym. Jego konstrukcja 3w1 pozwala na regulacj\u0119 d\u0142ugo\u015bci poprzez odpinanie dolnej cz\u0119\u015bci, co umo\u017cliwia dopasowanie do r\u00f3\u017cnych zastosowa\u0144. Materia\u0142 jest wodoodporny i wiatroodporny, z ciep\u0142\u0105 podszewk\u0105 z [&hellip;]<\/p>\n","protected":false},"featured_media":11487,"comment_status":"open","ping_status":"closed","template":"","meta":[],"product_brand":[],"product_cat":[76,84,85,125],"product_tag":[],"class_list":{"0":"post-11495","1":"product","2":"type-product","3":"status-publish","4":"has-post-thumbnail","6":"product_cat-dziecko","7":"product_cat-pokoj-dziecka","8":"product_cat-spanie","9":"product_cat-spiworki","11":"first","12":"instock","13":"taxable","14":"shipping-taxable","15":"purchasable","16":"product-type-simple"},"_links":{"self":[{"href":"https:\/\/www.bobooaza.pl\/index.php\/wp-json\/wp\/v2\/product\/11495","targetHints":{"allow":["GET"]}}],"collection":[{"href":"https:\/\/www.bobooaza.pl\/index.php\/wp-json\/wp\/v2\/product"}],"about":[{"href":"https:\/\/www.bobooaza.pl\/index.php\/wp-json\/wp\/v2\/types\/product"}],"replies":[{"embeddable":true,"href":"https:\/\/www.bobooaza.pl\/index.php\/wp-json\/wp\/v2\/comments?post=11495"}],"wp:featuredmedia":[{"embeddable":true,"href":"https:\/\/www.bobooaza.pl\/index.php\/wp-json\/wp\/v2\/media\/11487"}],"wp:attachment":[{"href":"https:\/\/www.bobooaza.pl\/index.php\/wp-json\/wp\/v2\/media?parent=11495"}],"wp:term":[{"taxonomy":"product_brand","embeddable":true,"href":"https:\/\/www.bobooaza.pl\/index.php\/wp-json\/wp\/v2\/product_brand?post=11495"},{"taxonomy":"product_cat","embeddable":true,"href":"https:\/\/www.bobooaza.pl\/index.php\/wp-json\/wp\/v2\/product_cat?post=11495"},{"taxonomy":"product_tag","embeddable":true,"href":"https:\/\/www.bobooaza.pl\/index.php\/wp-json\/wp\/v2\/product_tag?post=11495"}],"curies":[{"name":"wp","href":"https:\/\/api.w.org\/{rel}","templated":true}]}}