{"id":11501,"date":"2026-01-10T10:41:22","date_gmt":"2026-01-10T09:41:22","guid":{"rendered":"https:\/\/bobooaza.pl\/index.php\/produkt\/petitemars-531995-zimowy-spiworek-jibot-3w1-charcoal-grey\/"},"modified":"2026-01-10T10:49:57","modified_gmt":"2026-01-10T09:49:57","slug":"petitemars-531995-zimowy-spiworek-jibot-3w1-charcoal-grey","status":"publish","type":"product","link":"https:\/\/www.bobooaza.pl\/index.php\/produkt\/petitemars-531995-zimowy-spiworek-jibot-3w1-charcoal-grey\/","title":{"rendered":"PETITE&amp;MARS 531995 Zimowy \u015bpiworek Jibot 3w1 Charcoal Grey"},"content":{"rendered":"<p>\u015apiworek zimowy Petite&amp;Mars Jibot 3w1 Charcoal Grey to uniwersalny model dla dzieci od 0 do 3 lat, kt\u00f3ry sprawdzi si\u0119 w w\u00f3zku spacerowym, gondoli lub foteliku samochodowym. Dzi\u0119ki konstrukcji 3w1 dolna cz\u0119\u015b\u0107 mo\u017ce by\u0107 odpinana, co pozwala dostosowa\u0107 d\u0142ugo\u015b\u0107 \u015bpiworka do potrzeb dziecka i r\u00f3\u017cnych zastosowa\u0144. Materia\u0142 jest wodoodporny i wiatroodporny, wn\u0119trze ocieplone polarem zapewnia komfort w zimne dni. Z przodu znajduje si\u0119 zamek dla \u0142atwego dost\u0119pu do dziecka, a \u015bci\u0105gacze w g\u00f3rnej cz\u0119\u015bci tworz\u0105 kaptur chroni\u0105cy przed zimnem i wiatrem. Ty\u0142 \u015bpiworka ma antypo\u015blizgow\u0105 powierzchni\u0119, a pionowe otwory pozwalaj\u0105 na przypi\u0119cie do ka\u017cdego w\u00f3zka. D\u0142ugo\u015b\u0107 ca\u0142kowita wynosi 110 cm, szeroko\u015b\u0107 48 cm, pow\u0142oka, podszewka i wype\u0142nienie to 100% poliester, a \u015bpiworek jest odporny na warunki zimowe i \u0142atwy w utrzymaniu, z mo\u017cliwo\u015bci\u0105 prania w 30\u00b0C i zalecan\u0105 impregnacj\u0105. Elementy odblaskowe zwi\u0119kszaj\u0105 bezpiecze\u0144stwo podczas spacer\u00f3w.<\/p>\n","protected":false},"excerpt":{"rendered":"<p>\u015apiworek zimowy Petite&amp;Mars Jibot 3w1 Charcoal Grey to uniwersalny model dla dzieci od 0 do 3 lat, kt\u00f3ry sprawdzi si\u0119 w w\u00f3zku spacerowym, gondoli lub foteliku samochodowym. Dzi\u0119ki konstrukcji 3w1 dolna cz\u0119\u015b\u0107 mo\u017ce by\u0107 odpinana, co pozwala dostosowa\u0107 d\u0142ugo\u015b\u0107 \u015bpiworka do potrzeb dziecka i r\u00f3\u017cnych zastosowa\u0144. Materia\u0142 jest wodoodporny i wiatroodporny, wn\u0119trze ocieplone polarem zapewnia [&hellip;]<\/p>\n","protected":false},"featured_media":11496,"comment_status":"open","ping_status":"closed","template":"","meta":[],"product_brand":[],"product_cat":[76,84,85,125],"product_tag":[],"class_list":{"0":"post-11501","1":"product","2":"type-product","3":"status-publish","4":"has-post-thumbnail","6":"product_cat-dziecko","7":"product_cat-pokoj-dziecka","8":"product_cat-spanie","9":"product_cat-spiworki","11":"first","12":"instock","13":"taxable","14":"shipping-taxable","15":"purchasable","16":"product-type-simple"},"_links":{"self":[{"href":"https:\/\/www.bobooaza.pl\/index.php\/wp-json\/wp\/v2\/product\/11501","targetHints":{"allow":["GET"]}}],"collection":[{"href":"https:\/\/www.bobooaza.pl\/index.php\/wp-json\/wp\/v2\/product"}],"about":[{"href":"https:\/\/www.bobooaza.pl\/index.php\/wp-json\/wp\/v2\/types\/product"}],"replies":[{"embeddable":true,"href":"https:\/\/www.bobooaza.pl\/index.php\/wp-json\/wp\/v2\/comments?post=11501"}],"wp:featuredmedia":[{"embeddable":true,"href":"https:\/\/www.bobooaza.pl\/index.php\/wp-json\/wp\/v2\/media\/11496"}],"wp:attachment":[{"href":"https:\/\/www.bobooaza.pl\/index.php\/wp-json\/wp\/v2\/media?parent=11501"}],"wp:term":[{"taxonomy":"product_brand","embeddable":true,"href":"https:\/\/www.bobooaza.pl\/index.php\/wp-json\/wp\/v2\/product_brand?post=11501"},{"taxonomy":"product_cat","embeddable":true,"href":"https:\/\/www.bobooaza.pl\/index.php\/wp-json\/wp\/v2\/product_cat?post=11501"},{"taxonomy":"product_tag","embeddable":true,"href":"https:\/\/www.bobooaza.pl\/index.php\/wp-json\/wp\/v2\/product_tag?post=11501"}],"curies":[{"name":"wp","href":"https:\/\/api.w.org\/{rel}","templated":true}]}}