{"id":11505,"date":"2026-01-10T10:41:27","date_gmt":"2026-01-10T09:41:27","guid":{"rendered":"https:\/\/bobooaza.pl\/index.php\/produkt\/petitemars-531835-zimowy-spiworek-jibot-3w1-sweet-toffee\/"},"modified":"2026-01-10T10:49:58","modified_gmt":"2026-01-10T09:49:58","slug":"petitemars-531835-zimowy-spiworek-jibot-3w1-sweet-toffee","status":"publish","type":"product","link":"https:\/\/www.bobooaza.pl\/index.php\/produkt\/petitemars-531835-zimowy-spiworek-jibot-3w1-sweet-toffee\/","title":{"rendered":"PETITE&amp;MARS 531835 Zimowy \u015bpiworek Jibot 3w1 Sweet Toffee"},"content":{"rendered":"<p>\u015apiworek zimowy Petite&amp;Mars Jibot 3w1 Sweet Toffee to uniwersalny, wyd\u0142u\u017cany model dla dzieci od 0 do 3 lat, odpowiedni do w\u00f3zka spacerowego, gondoli i fotelika samochodowego. Posiada funkcj\u0119 3w1 \u2013 doln\u0105 cz\u0119\u015b\u0107 mo\u017cna odpi\u0105\u0107, dostosowuj\u0105c rozmiar \u015bpiworka do r\u00f3\u017cnych zastosowa\u0144 i wieku dziecka. Materia\u0142 jest wodoodporny, wiatroodporny, a wn\u0119trze wy\u015bcie\u0142ane polarem zapewnia ciep\u0142o w ch\u0142odne dni.<\/p>\n<p>Dodatkowe cechy:<\/p>\n<p>* Zamek z przodu dla \u0142atwego dost\u0119pu do dziecka.<br \/>\n* \u015aci\u0105gacze w g\u00f3rnej cz\u0119\u015bci tworz\u0105 kaptur chroni\u0105cy przed zimnem i wiatrem.<br \/>\n* Antypo\u015blizgowa powierzchnia na plecach (ABS) zapobiega przesuwaniu si\u0119 dziecka w w\u00f3zku.<br \/>\n* Pionowe otwory umo\u017cliwiaj\u0105 przypi\u0119cie do ka\u017cdego w\u00f3zka lub fotelika.<br \/>\n* Elementy odblaskowe zwi\u0119kszaj\u0105 bezpiecze\u0144stwo.<br \/>\n* D\u0142ugo\u015b\u0107 110 cm, szeroko\u015b\u0107 48 cm.<br \/>\n* Pow\u0142oka, podszewka i wype\u0142nienie: 100% poliester, s\u0142up wody 1000 mm.<br \/>\n* Mo\u017cliwo\u015b\u0107 prania w 30\u00b0C, zalecana impregnacja po ka\u017cdym praniu.<\/p>\n<p>\u015apiworek Sweet Toffee \u0142\u0105czy praktyczno\u015b\u0107 z eleganck\u0105, ciep\u0142\u0105 estetyk\u0105 i jest kompatybilny z wi\u0119kszo\u015bci\u0105 popularnych w\u00f3zk\u00f3w dzieci\u0119cych.<\/p>\n","protected":false},"excerpt":{"rendered":"<p>\u015apiworek zimowy Petite&amp;Mars Jibot 3w1 Sweet Toffee to uniwersalny, wyd\u0142u\u017cany model dla dzieci od 0 do 3 lat, odpowiedni do w\u00f3zka spacerowego, gondoli i fotelika samochodowego. Posiada funkcj\u0119 3w1 \u2013 doln\u0105 cz\u0119\u015b\u0107 mo\u017cna odpi\u0105\u0107, dostosowuj\u0105c rozmiar \u015bpiworka do r\u00f3\u017cnych zastosowa\u0144 i wieku dziecka. Materia\u0142 jest wodoodporny, wiatroodporny, a wn\u0119trze wy\u015bcie\u0142ane polarem zapewnia ciep\u0142o w ch\u0142odne [&hellip;]<\/p>\n","protected":false},"featured_media":11502,"comment_status":"open","ping_status":"closed","template":"","meta":[],"product_brand":[],"product_cat":[76,84,85,125],"product_tag":[],"class_list":{"0":"post-11505","1":"product","2":"type-product","3":"status-publish","4":"has-post-thumbnail","6":"product_cat-dziecko","7":"product_cat-pokoj-dziecka","8":"product_cat-spanie","9":"product_cat-spiworki","11":"first","12":"instock","13":"taxable","14":"shipping-taxable","15":"purchasable","16":"product-type-simple"},"_links":{"self":[{"href":"https:\/\/www.bobooaza.pl\/index.php\/wp-json\/wp\/v2\/product\/11505","targetHints":{"allow":["GET"]}}],"collection":[{"href":"https:\/\/www.bobooaza.pl\/index.php\/wp-json\/wp\/v2\/product"}],"about":[{"href":"https:\/\/www.bobooaza.pl\/index.php\/wp-json\/wp\/v2\/types\/product"}],"replies":[{"embeddable":true,"href":"https:\/\/www.bobooaza.pl\/index.php\/wp-json\/wp\/v2\/comments?post=11505"}],"wp:featuredmedia":[{"embeddable":true,"href":"https:\/\/www.bobooaza.pl\/index.php\/wp-json\/wp\/v2\/media\/11502"}],"wp:attachment":[{"href":"https:\/\/www.bobooaza.pl\/index.php\/wp-json\/wp\/v2\/media?parent=11505"}],"wp:term":[{"taxonomy":"product_brand","embeddable":true,"href":"https:\/\/www.bobooaza.pl\/index.php\/wp-json\/wp\/v2\/product_brand?post=11505"},{"taxonomy":"product_cat","embeddable":true,"href":"https:\/\/www.bobooaza.pl\/index.php\/wp-json\/wp\/v2\/product_cat?post=11505"},{"taxonomy":"product_tag","embeddable":true,"href":"https:\/\/www.bobooaza.pl\/index.php\/wp-json\/wp\/v2\/product_tag?post=11505"}],"curies":[{"name":"wp","href":"https:\/\/api.w.org\/{rel}","templated":true}]}}