{"id":11507,"date":"2026-01-10T10:41:32","date_gmt":"2026-01-10T09:41:32","guid":{"rendered":"https:\/\/bobooaza.pl\/index.php\/produkt\/albero-mio-spiworek-do-spania-m-15-tog-447-spiace-owieczki\/"},"modified":"2026-01-10T10:49:58","modified_gmt":"2026-01-10T09:49:58","slug":"albero-mio-spiworek-do-spania-m-15-tog-447-spiace-owieczki","status":"publish","type":"product","link":"https:\/\/www.bobooaza.pl\/index.php\/produkt\/albero-mio-spiworek-do-spania-m-15-tog-447-spiace-owieczki\/","title":{"rendered":"ALBERO MIO \u015apiworek do spania M (1,5 TOG) 447 \u015api\u0105ce owieczki"},"content":{"rendered":"<p>\u015apiworek do spania Albero Mio M (1,5 TOG) 447 \u015api\u0105ce owieczki wykonany jest z wysokogatunkowej bawe\u0142ny, delikatny i przyjemny w dotyku, wype\u0142nienie z silikonowej w\u0142\u00f3kniny, TOG 1,5, zapewnia komfort termiczny i chroni przed przegrzaniem. Nie kr\u0119puje ruch\u00f3w dziecka, ma d\u0142ugi dwustronny zamek do \u0142atwej zmiany pieluszki i napy na ramionach do zak\u0142adania i zdejmowania. Wz\u00f3r kolorowy po jednej stronie, jednolita bawe\u0142na po drugiej, wn\u0119trze bia\u0142e. Uszyty w Polsce, certyfikat Oeko-Tex. Rozmiar M: 77&#215;35 cm.<\/p>\n","protected":false},"excerpt":{"rendered":"<p>\u015apiworek do spania Albero Mio M (1,5 TOG) 447 \u015api\u0105ce owieczki wykonany jest z wysokogatunkowej bawe\u0142ny, delikatny i przyjemny w dotyku, wype\u0142nienie z silikonowej w\u0142\u00f3kniny, TOG 1,5, zapewnia komfort termiczny i chroni przed przegrzaniem. Nie kr\u0119puje ruch\u00f3w dziecka, ma d\u0142ugi dwustronny zamek do \u0142atwej zmiany pieluszki i napy na ramionach do zak\u0142adania i zdejmowania. Wz\u00f3r [&hellip;]<\/p>\n","protected":false},"featured_media":11506,"comment_status":"open","ping_status":"closed","template":"","meta":[],"product_brand":[],"product_cat":[76,84,85,125],"product_tag":[],"class_list":{"0":"post-11507","1":"product","2":"type-product","3":"status-publish","4":"has-post-thumbnail","6":"product_cat-dziecko","7":"product_cat-pokoj-dziecka","8":"product_cat-spanie","9":"product_cat-spiworki","11":"first","12":"instock","13":"taxable","14":"shipping-taxable","15":"purchasable","16":"product-type-simple"},"_links":{"self":[{"href":"https:\/\/www.bobooaza.pl\/index.php\/wp-json\/wp\/v2\/product\/11507","targetHints":{"allow":["GET"]}}],"collection":[{"href":"https:\/\/www.bobooaza.pl\/index.php\/wp-json\/wp\/v2\/product"}],"about":[{"href":"https:\/\/www.bobooaza.pl\/index.php\/wp-json\/wp\/v2\/types\/product"}],"replies":[{"embeddable":true,"href":"https:\/\/www.bobooaza.pl\/index.php\/wp-json\/wp\/v2\/comments?post=11507"}],"wp:featuredmedia":[{"embeddable":true,"href":"https:\/\/www.bobooaza.pl\/index.php\/wp-json\/wp\/v2\/media\/11506"}],"wp:attachment":[{"href":"https:\/\/www.bobooaza.pl\/index.php\/wp-json\/wp\/v2\/media?parent=11507"}],"wp:term":[{"taxonomy":"product_brand","embeddable":true,"href":"https:\/\/www.bobooaza.pl\/index.php\/wp-json\/wp\/v2\/product_brand?post=11507"},{"taxonomy":"product_cat","embeddable":true,"href":"https:\/\/www.bobooaza.pl\/index.php\/wp-json\/wp\/v2\/product_cat?post=11507"},{"taxonomy":"product_tag","embeddable":true,"href":"https:\/\/www.bobooaza.pl\/index.php\/wp-json\/wp\/v2\/product_tag?post=11507"}],"curies":[{"name":"wp","href":"https:\/\/api.w.org\/{rel}","templated":true}]}}