{"id":11513,"date":"2026-01-10T10:41:47","date_gmt":"2026-01-10T09:41:47","guid":{"rendered":"https:\/\/bobooaza.pl\/index.php\/produkt\/petitemars-534804-zimowy-spiworek-comfy-4w1-champagne-shower\/"},"modified":"2026-01-10T10:49:59","modified_gmt":"2026-01-10T09:49:59","slug":"petitemars-534804-zimowy-spiworek-comfy-4w1-champagne-shower","status":"publish","type":"product","link":"https:\/\/www.bobooaza.pl\/index.php\/produkt\/petitemars-534804-zimowy-spiworek-comfy-4w1-champagne-shower\/","title":{"rendered":"PETITE&amp;MARS 534804 Zimowy \u015bpiworek Comfy 4w1 Champagne Shower"},"content":{"rendered":"<p>Zimowy \u015bpiworek Comfy 4w1 Champagne Shower od Petite&amp;Mars to elegancki i uniwersalny dodatek do w\u00f3zka, kt\u00f3ry zapewni Twojemu dziecku ciep\u0142o i komfort nawet w najbardziej mro\u017ane dni. Wysokiej jako\u015bci materia\u0142y i staranne wyko\u0144czenie sprawiaj\u0105, \u017ce \u015bpiworek jest mi\u0119kki, przytulny i wyj\u0105tkowo praktyczny. Dzi\u0119ki 4 funkcjom mo\u017ce s\u0142u\u017cy\u0107 jako \u015bpiworek do gondoli, w\u00f3zka spacerowego, wk\u0142adka do w\u00f3zka lub z odpinanym futerkiem, kt\u00f3re mo\u017cna \u0142atwo wypra\u0107. Materia\u0142 z pow\u0142ok\u0105 BIONIC-FINISH\u00ae ECO skutecznie chroni przed wilgoci\u0105 i wiatrem, a przemy\u015blane otwory na pasy bezpiecze\u0144stwa zapewniaj\u0105 pe\u0142n\u0105 kompatybilno\u015b\u0107 z wi\u0119kszo\u015bci\u0105 w\u00f3zk\u00f3w i fotelik\u00f3w. Zamek dwustronny u\u0142atwia umieszczanie dziecka w \u015bpiworku i regulacj\u0119 temperatury, a tylna kiesze\u0144 zapobiega zsuwaniu si\u0119 produktu. \u015apiworek ma d\u0142ugo\u015b\u0107 100 cm i szeroko\u015b\u0107 55 cm, wykonany jest w 100% z bezpiecznego dla dzieci poliestru z certyfikatem OEKO-TEX\u00ae STANDARD 100. To idealny wyb\u00f3r dla rodzic\u00f3w, kt\u00f3rzy szukaj\u0105 praktycznego, estetycznego i bezpiecznego rozwi\u0105zania na zimowe spacery.<\/p>\n","protected":false},"excerpt":{"rendered":"<p>Zimowy \u015bpiworek Comfy 4w1 Champagne Shower od Petite&amp;Mars to elegancki i uniwersalny dodatek do w\u00f3zka, kt\u00f3ry zapewni Twojemu dziecku ciep\u0142o i komfort nawet w najbardziej mro\u017ane dni. Wysokiej jako\u015bci materia\u0142y i staranne wyko\u0144czenie sprawiaj\u0105, \u017ce \u015bpiworek jest mi\u0119kki, przytulny i wyj\u0105tkowo praktyczny. Dzi\u0119ki 4 funkcjom mo\u017ce s\u0142u\u017cy\u0107 jako \u015bpiworek do gondoli, w\u00f3zka spacerowego, wk\u0142adka do [&hellip;]<\/p>\n","protected":false},"featured_media":11508,"comment_status":"open","ping_status":"closed","template":"","meta":[],"product_brand":[],"product_cat":[76,84,85,125],"product_tag":[],"class_list":{"0":"post-11513","1":"product","2":"type-product","3":"status-publish","4":"has-post-thumbnail","6":"product_cat-dziecko","7":"product_cat-pokoj-dziecka","8":"product_cat-spanie","9":"product_cat-spiworki","11":"first","12":"instock","13":"taxable","14":"shipping-taxable","15":"purchasable","16":"product-type-simple"},"_links":{"self":[{"href":"https:\/\/www.bobooaza.pl\/index.php\/wp-json\/wp\/v2\/product\/11513","targetHints":{"allow":["GET"]}}],"collection":[{"href":"https:\/\/www.bobooaza.pl\/index.php\/wp-json\/wp\/v2\/product"}],"about":[{"href":"https:\/\/www.bobooaza.pl\/index.php\/wp-json\/wp\/v2\/types\/product"}],"replies":[{"embeddable":true,"href":"https:\/\/www.bobooaza.pl\/index.php\/wp-json\/wp\/v2\/comments?post=11513"}],"wp:featuredmedia":[{"embeddable":true,"href":"https:\/\/www.bobooaza.pl\/index.php\/wp-json\/wp\/v2\/media\/11508"}],"wp:attachment":[{"href":"https:\/\/www.bobooaza.pl\/index.php\/wp-json\/wp\/v2\/media?parent=11513"}],"wp:term":[{"taxonomy":"product_brand","embeddable":true,"href":"https:\/\/www.bobooaza.pl\/index.php\/wp-json\/wp\/v2\/product_brand?post=11513"},{"taxonomy":"product_cat","embeddable":true,"href":"https:\/\/www.bobooaza.pl\/index.php\/wp-json\/wp\/v2\/product_cat?post=11513"},{"taxonomy":"product_tag","embeddable":true,"href":"https:\/\/www.bobooaza.pl\/index.php\/wp-json\/wp\/v2\/product_tag?post=11513"}],"curies":[{"name":"wp","href":"https:\/\/api.w.org\/{rel}","templated":true}]}}