{"id":11520,"date":"2026-01-10T10:42:18","date_gmt":"2026-01-10T09:42:18","guid":{"rendered":"https:\/\/bobooaza.pl\/index.php\/produkt\/petitemars-534594-zimowy-spiworek-comfy-4w1-rose-petal\/"},"modified":"2026-01-19T21:54:42","modified_gmt":"2026-01-19T20:54:42","slug":"petitemars-534594-zimowy-spiworek-comfy-4w1-rose-petal","status":"publish","type":"product","link":"https:\/\/www.bobooaza.pl\/index.php\/produkt\/petitemars-534594-zimowy-spiworek-comfy-4w1-rose-petal\/","title":{"rendered":"PETITE&amp;MARS 534594 Zimowy \u015bpiworek Comfy 4w1 Rose Petal"},"content":{"rendered":"<p>Zimowy \u015bpiworek Comfy 4w1 Rose Petal od Petite&amp;Mars to wyj\u0105tkowo ciep\u0142y i mi\u0119kki dodatek do w\u00f3zka, kt\u00f3ry zapewni Twojemu dziecku komfort i bezpiecze\u0144stwo w ka\u017cdych zimowych warunkach. Elegancki design i wysokiej jako\u015bci materia\u0142y sprawiaj\u0105, \u017ce \u015bpiworek jest przytulny, praktyczny i stylowy. Dzi\u0119ki czterem funkcjom mo\u017ce pe\u0142ni\u0107 rol\u0119 \u015bpiworka do gondoli, w\u00f3zka spacerowego, wk\u0142adki do w\u00f3zka, a odpinane futerko mo\u017cna \u0142atwo wypra\u0107. Materia\u0142 z pow\u0142ok\u0105 BIONIC-FINISH\u00ae ECO chroni przed wilgoci\u0105 i wiatrem, nie zawieraj\u0105c przy tym szkodliwych substancji, a przemy\u015blane otwory na pasy zapewniaj\u0105 pe\u0142n\u0105 kompatybilno\u015b\u0107 z wi\u0119kszo\u015bci\u0105 w\u00f3zk\u00f3w i fotelik\u00f3w. Dwustronne zamki umo\u017cliwiaj\u0105 wygodne umieszczanie dziecka i regulacj\u0119 temperatury, a tylna kiesze\u0144 zapobiega zsuwaniu si\u0119 \u015bpiworka. Produkt wykonany w 100% z poliestru z certyfikatem OEKO-TEX\u00ae STANDARD 100, o d\u0142ugo\u015bci 100 cm i szeroko\u015bci 55 cm, to praktyczne, bezpieczne i eleganckie rozwi\u0105zanie na zimowe spacery z dzieckiem.<\/p>\n","protected":false},"excerpt":{"rendered":"<p>Zimowy \u015bpiworek Comfy 4w1 Rose Petal od Petite&amp;Mars to wyj\u0105tkowo ciep\u0142y i mi\u0119kki dodatek do w\u00f3zka, kt\u00f3ry zapewni Twojemu dziecku komfort i bezpiecze\u0144stwo w ka\u017cdych zimowych warunkach. Elegancki design i wysokiej jako\u015bci materia\u0142y sprawiaj\u0105, \u017ce \u015bpiworek jest przytulny, praktyczny i stylowy. Dzi\u0119ki czterem funkcjom mo\u017ce pe\u0142ni\u0107 rol\u0119 \u015bpiworka do gondoli, w\u00f3zka spacerowego, wk\u0142adki do w\u00f3zka, [&hellip;]<\/p>\n","protected":false},"featured_media":11514,"comment_status":"open","ping_status":"closed","template":"","meta":[],"product_brand":[],"product_cat":[76,84,85,125],"product_tag":[],"class_list":{"0":"post-11520","1":"product","2":"type-product","3":"status-publish","4":"has-post-thumbnail","6":"product_cat-dziecko","7":"product_cat-pokoj-dziecka","8":"product_cat-spanie","9":"product_cat-spiworki","11":"first","12":"instock","13":"taxable","14":"shipping-taxable","15":"purchasable","16":"product-type-simple"},"_links":{"self":[{"href":"https:\/\/www.bobooaza.pl\/index.php\/wp-json\/wp\/v2\/product\/11520","targetHints":{"allow":["GET"]}}],"collection":[{"href":"https:\/\/www.bobooaza.pl\/index.php\/wp-json\/wp\/v2\/product"}],"about":[{"href":"https:\/\/www.bobooaza.pl\/index.php\/wp-json\/wp\/v2\/types\/product"}],"replies":[{"embeddable":true,"href":"https:\/\/www.bobooaza.pl\/index.php\/wp-json\/wp\/v2\/comments?post=11520"}],"wp:featuredmedia":[{"embeddable":true,"href":"https:\/\/www.bobooaza.pl\/index.php\/wp-json\/wp\/v2\/media\/11514"}],"wp:attachment":[{"href":"https:\/\/www.bobooaza.pl\/index.php\/wp-json\/wp\/v2\/media?parent=11520"}],"wp:term":[{"taxonomy":"product_brand","embeddable":true,"href":"https:\/\/www.bobooaza.pl\/index.php\/wp-json\/wp\/v2\/product_brand?post=11520"},{"taxonomy":"product_cat","embeddable":true,"href":"https:\/\/www.bobooaza.pl\/index.php\/wp-json\/wp\/v2\/product_cat?post=11520"},{"taxonomy":"product_tag","embeddable":true,"href":"https:\/\/www.bobooaza.pl\/index.php\/wp-json\/wp\/v2\/product_tag?post=11520"}],"curies":[{"name":"wp","href":"https:\/\/api.w.org\/{rel}","templated":true}]}}