{"id":11524,"date":"2026-01-10T10:46:07","date_gmt":"2026-01-10T09:46:07","guid":{"rendered":"https:\/\/bobooaza.pl\/index.php\/produkt\/b-o-1651-zabezpieczenia-do-mebli-narozniki-12szt\/"},"modified":"2026-01-10T10:50:00","modified_gmt":"2026-01-10T09:50:00","slug":"b-o-1651-zabezpieczenia-do-mebli-narozniki-12szt","status":"publish","type":"product","link":"https:\/\/www.bobooaza.pl\/index.php\/produkt\/b-o-1651-zabezpieczenia-do-mebli-narozniki-12szt\/","title":{"rendered":"B.O.1651 Zabezpieczenia do mebli naro\u017cniki 12szt."},"content":{"rendered":"<p>Zabezpieczenia do mebli B.O.1651 w kszta\u0142cie litery L to praktyczne rozwi\u0105zanie, kt\u00f3re zwi\u0119ksza bezpiecze\u0144stwo dzieci w domu, chroni\u0105c je przed bolesnymi urazami spowodowanymi ostrymi rogami mebli i sprz\u0119t\u00f3w. Produkt tworzy bezpieczn\u0105 przestrze\u0144 do zabawy i codziennej aktywno\u015bci, a dzi\u0119ki mocnej ta\u015bmie 3M monta\u017c jest szybki i prosty. Zabezpieczenia mo\u017cna przyklei\u0107 na ka\u017cdej g\u0142adkiej, dok\u0142adnie wyczyszczonej powierzchni, w zale\u017cno\u015bci od grubo\u015bci blatu nawet po obu stronach kraw\u0119dzi mebla.<\/p>\n<p>Produkt ma uniwersalne zastosowanie i skutecznie chroni naro\u017cniki sto\u0142\u00f3w, szafek, krzese\u0142 czy szuflad. Zabezpieczenia s\u0105 estetyczne i transparentne, dzi\u0119ki czemu dopasowuj\u0105 si\u0119 do r\u00f3\u017cnych kolor\u00f3w mebli. S\u0105 wykonane z nietoksycznych, trwa\u0142ych materia\u0142\u00f3w, a mocna ta\u015bma 3M utrzymuje je pewnie na miejscu, jednocze\u015bnie pozwalaj\u0105c na \u0142atwy demonta\u017c bez uszkodze\u0144 mebli.<\/p>\n<p>Przed monta\u017cem nale\u017cy dok\u0142adnie wyczy\u015bci\u0107 powierzchni\u0119, przyklei\u0107 ta\u015bm\u0119 dwustronn\u0105, zdj\u0105\u0107 foli\u0119 ochronn\u0105 i przy\u0142o\u017cy\u0107 zabezpieczenie do naro\u017cnika mebla, przytrzymuj\u0105c je w miejscu monta\u017cu. Przed u\u017cyciem konieczne jest sprawdzenie stanu produktu, a w razie uszkodzenia, rozdartej lub brakuj\u0105cej cz\u0119\u015bci, nale\u017cy go wymieni\u0107. Zabezpieczenia przeznaczone s\u0105 wy\u0142\u0105cznie do u\u017cytku wewn\u0119trznego w domu i nie stanowi\u0105 zabawki, dlatego powinny by\u0107 stosowane przez osoby doros\u0142e zgodnie z przeznaczeniem.<\/p>\n<p>W zestawie znajduje si\u0119 12 sztuk zabezpiecze\u0144, 48 sztuk dwustronnej ta\u015bmy mocuj\u0105cej oraz instrukcja obs\u0142ugi. Wymiary pojedynczego zabezpieczenia to 3,7 x 3,7 cm, a opakowania 13,5 x 20,5 cm. Produkt wykonano z bezpiecznych materia\u0142\u00f3w.<\/p>\n","protected":false},"excerpt":{"rendered":"<p>Zabezpieczenia do mebli B.O.1651 w kszta\u0142cie litery L to praktyczne rozwi\u0105zanie, kt\u00f3re zwi\u0119ksza bezpiecze\u0144stwo dzieci w domu, chroni\u0105c je przed bolesnymi urazami spowodowanymi ostrymi rogami mebli i sprz\u0119t\u00f3w. Produkt tworzy bezpieczn\u0105 przestrze\u0144 do zabawy i codziennej aktywno\u015bci, a dzi\u0119ki mocnej ta\u015bmie 3M monta\u017c jest szybki i prosty. Zabezpieczenia mo\u017cna przyklei\u0107 na ka\u017cdej g\u0142adkiej, dok\u0142adnie wyczyszczonej [&hellip;]<\/p>\n","protected":false},"featured_media":11521,"comment_status":"open","ping_status":"closed","template":"","meta":[],"product_brand":[],"product_cat":[66,76,67],"product_tag":[],"class_list":{"0":"post-11524","1":"product","2":"type-product","3":"status-publish","4":"has-post-thumbnail","6":"product_cat-bezpieczenstwo","7":"product_cat-dziecko","8":"product_cat-zabezpieczenia-domowe","10":"first","11":"instock","12":"taxable","13":"shipping-taxable","14":"purchasable","15":"product-type-simple"},"_links":{"self":[{"href":"https:\/\/www.bobooaza.pl\/index.php\/wp-json\/wp\/v2\/product\/11524","targetHints":{"allow":["GET"]}}],"collection":[{"href":"https:\/\/www.bobooaza.pl\/index.php\/wp-json\/wp\/v2\/product"}],"about":[{"href":"https:\/\/www.bobooaza.pl\/index.php\/wp-json\/wp\/v2\/types\/product"}],"replies":[{"embeddable":true,"href":"https:\/\/www.bobooaza.pl\/index.php\/wp-json\/wp\/v2\/comments?post=11524"}],"wp:featuredmedia":[{"embeddable":true,"href":"https:\/\/www.bobooaza.pl\/index.php\/wp-json\/wp\/v2\/media\/11521"}],"wp:attachment":[{"href":"https:\/\/www.bobooaza.pl\/index.php\/wp-json\/wp\/v2\/media?parent=11524"}],"wp:term":[{"taxonomy":"product_brand","embeddable":true,"href":"https:\/\/www.bobooaza.pl\/index.php\/wp-json\/wp\/v2\/product_brand?post=11524"},{"taxonomy":"product_cat","embeddable":true,"href":"https:\/\/www.bobooaza.pl\/index.php\/wp-json\/wp\/v2\/product_cat?post=11524"},{"taxonomy":"product_tag","embeddable":true,"href":"https:\/\/www.bobooaza.pl\/index.php\/wp-json\/wp\/v2\/product_tag?post=11524"}],"curies":[{"name":"wp","href":"https:\/\/api.w.org\/{rel}","templated":true}]}}