{"id":11564,"date":"2026-01-10T10:50:20","date_gmt":"2026-01-10T09:50:20","guid":{"rendered":"https:\/\/bobooaza.pl\/index.php\/produkt\/topgal-210064-moskitiera-na-fotelik-samochodowy\/"},"modified":"2026-01-10T11:01:25","modified_gmt":"2026-01-10T10:01:25","slug":"topgal-210064-moskitiera-na-fotelik-samochodowy","status":"publish","type":"product","link":"https:\/\/www.bobooaza.pl\/index.php\/produkt\/topgal-210064-moskitiera-na-fotelik-samochodowy\/","title":{"rendered":"TOPGAL 210064 Moskitiera na fotelik samochodowy"},"content":{"rendered":"<p>Moskitiera TopGal 210064 na fotelik samochodowy chroni dziecko przed owadami podczas podr\u00f3\u017cy, zapewniaj\u0105c komfort i bezpiecze\u0144stwo w ciep\u0142e dni.<\/p>\n\n\n<p><\/p>\n","protected":false},"excerpt":{"rendered":"<p>Moskitiera TopGal 210064 na fotelik samochodowy chroni dziecko przed owadami podczas podr\u00f3\u017cy, zapewniaj\u0105c komfort i bezpiecze\u0144stwo w ciep\u0142e dni.<\/p>\n","protected":false},"featured_media":11563,"comment_status":"open","ping_status":"closed","template":"","meta":[],"product_brand":[],"product_cat":[66,76,108],"product_tag":[],"class_list":{"0":"post-11564","1":"product","2":"type-product","3":"status-publish","4":"has-post-thumbnail","6":"product_cat-bezpieczenstwo","7":"product_cat-dziecko","8":"product_cat-samochod","10":"first","11":"instock","12":"taxable","13":"shipping-taxable","14":"purchasable","15":"product-type-simple"},"_links":{"self":[{"href":"https:\/\/www.bobooaza.pl\/index.php\/wp-json\/wp\/v2\/product\/11564","targetHints":{"allow":["GET"]}}],"collection":[{"href":"https:\/\/www.bobooaza.pl\/index.php\/wp-json\/wp\/v2\/product"}],"about":[{"href":"https:\/\/www.bobooaza.pl\/index.php\/wp-json\/wp\/v2\/types\/product"}],"replies":[{"embeddable":true,"href":"https:\/\/www.bobooaza.pl\/index.php\/wp-json\/wp\/v2\/comments?post=11564"}],"wp:featuredmedia":[{"embeddable":true,"href":"https:\/\/www.bobooaza.pl\/index.php\/wp-json\/wp\/v2\/media\/11563"}],"wp:attachment":[{"href":"https:\/\/www.bobooaza.pl\/index.php\/wp-json\/wp\/v2\/media?parent=11564"}],"wp:term":[{"taxonomy":"product_brand","embeddable":true,"href":"https:\/\/www.bobooaza.pl\/index.php\/wp-json\/wp\/v2\/product_brand?post=11564"},{"taxonomy":"product_cat","embeddable":true,"href":"https:\/\/www.bobooaza.pl\/index.php\/wp-json\/wp\/v2\/product_cat?post=11564"},{"taxonomy":"product_tag","embeddable":true,"href":"https:\/\/www.bobooaza.pl\/index.php\/wp-json\/wp\/v2\/product_tag?post=11564"}],"curies":[{"name":"wp","href":"https:\/\/api.w.org\/{rel}","templated":true}]}}