{"id":11569,"date":"2026-01-10T10:50:24","date_gmt":"2026-01-10T09:50:24","guid":{"rendered":"https:\/\/bobooaza.pl\/index.php\/produkt\/topgal-210354-mata-ochronna-na-fotel-samochodowy-isofix\/"},"modified":"2026-01-10T11:01:26","modified_gmt":"2026-01-10T10:01:26","slug":"topgal-210354-mata-ochronna-na-fotel-samochodowy-isofix","status":"publish","type":"product","link":"https:\/\/www.bobooaza.pl\/index.php\/produkt\/topgal-210354-mata-ochronna-na-fotel-samochodowy-isofix\/","title":{"rendered":"TopGal 210354 Mata ochronna na fotel samochodowy isofix"},"content":{"rendered":"<p>Mata ochronna TopGal 210354 Maxi pod fotelik samochodowy zabezpiecza tapicerk\u0119 przed zarysowaniami, uszkodzeniami i zabrudzeniami. Wykonana z wodoodpornego materia\u0142u jest \u0142atwa do czyszczenia, a antypo\u015blizgowa powierzchnia zapobiega przesuwaniu si\u0119 fotelika. Posiada organizer z dwiema siateczkowymi kieszonkami na drobiazgi. Mata jest uniwersalna i pasuje do wszystkich fotelik\u00f3w dzieci\u0119cych oraz foteli samochodowych, z wci\u0119ciami umo\u017cliwiaj\u0105cymi wpi\u0119cie ISOFIX.<\/p>\n","protected":false},"excerpt":{"rendered":"<p>Mata ochronna TopGal 210354 Maxi pod fotelik samochodowy zabezpiecza tapicerk\u0119 przed zarysowaniami, uszkodzeniami i zabrudzeniami. Wykonana z wodoodpornego materia\u0142u jest \u0142atwa do czyszczenia, a antypo\u015blizgowa powierzchnia zapobiega przesuwaniu si\u0119 fotelika. Posiada organizer z dwiema siateczkowymi kieszonkami na drobiazgi. Mata jest uniwersalna i pasuje do wszystkich fotelik\u00f3w dzieci\u0119cych oraz foteli samochodowych, z wci\u0119ciami umo\u017cliwiaj\u0105cymi wpi\u0119cie ISOFIX.<\/p>\n","protected":false},"featured_media":11567,"comment_status":"open","ping_status":"closed","template":"","meta":[],"product_brand":[],"product_cat":[66,76,108],"product_tag":[],"class_list":{"0":"post-11569","1":"product","2":"type-product","3":"status-publish","4":"has-post-thumbnail","6":"product_cat-bezpieczenstwo","7":"product_cat-dziecko","8":"product_cat-samochod","10":"first","11":"instock","12":"taxable","13":"shipping-taxable","14":"purchasable","15":"product-type-simple"},"_links":{"self":[{"href":"https:\/\/www.bobooaza.pl\/index.php\/wp-json\/wp\/v2\/product\/11569","targetHints":{"allow":["GET"]}}],"collection":[{"href":"https:\/\/www.bobooaza.pl\/index.php\/wp-json\/wp\/v2\/product"}],"about":[{"href":"https:\/\/www.bobooaza.pl\/index.php\/wp-json\/wp\/v2\/types\/product"}],"replies":[{"embeddable":true,"href":"https:\/\/www.bobooaza.pl\/index.php\/wp-json\/wp\/v2\/comments?post=11569"}],"wp:featuredmedia":[{"embeddable":true,"href":"https:\/\/www.bobooaza.pl\/index.php\/wp-json\/wp\/v2\/media\/11567"}],"wp:attachment":[{"href":"https:\/\/www.bobooaza.pl\/index.php\/wp-json\/wp\/v2\/media?parent=11569"}],"wp:term":[{"taxonomy":"product_brand","embeddable":true,"href":"https:\/\/www.bobooaza.pl\/index.php\/wp-json\/wp\/v2\/product_brand?post=11569"},{"taxonomy":"product_cat","embeddable":true,"href":"https:\/\/www.bobooaza.pl\/index.php\/wp-json\/wp\/v2\/product_cat?post=11569"},{"taxonomy":"product_tag","embeddable":true,"href":"https:\/\/www.bobooaza.pl\/index.php\/wp-json\/wp\/v2\/product_tag?post=11569"}],"curies":[{"name":"wp","href":"https:\/\/api.w.org\/{rel}","templated":true}]}}