{"id":11575,"date":"2026-01-10T10:56:53","date_gmt":"2026-01-10T09:56:53","guid":{"rendered":"https:\/\/bobooaza.pl\/index.php\/produkt\/innogio-gio-251-kamera-wi-fi-elektroniczna-niania-giosafety-rabbit\/"},"modified":"2026-01-10T11:01:27","modified_gmt":"2026-01-10T10:01:27","slug":"innogio-gio-251-kamera-wi-fi-elektroniczna-niania-giosafety-rabbit","status":"publish","type":"product","link":"https:\/\/www.bobooaza.pl\/index.php\/produkt\/innogio-gio-251-kamera-wi-fi-elektroniczna-niania-giosafety-rabbit\/","title":{"rendered":"INNOGIO GIO-251 Kamera Wi-FI elektroniczna niania GIOsafety Rabbit"},"content":{"rendered":"<p>Kamera Wi-Fi INNOGIO GIO-251 GIOsafety Rabbit to elektroniczna niania w kszta\u0142cie uroczego kr\u00f3lika, kt\u00f3ra \u0142\u0105czy funkcjonalny monitoring z dekoracyjnym designem do pokoju dzieci\u0119cego. Urz\u0105dzenie umo\u017cliwia podgl\u0105d w jako\u015bci Full HD 1080p i skuteczny monitoring w nocy dzi\u0119ki wbudowanemu trybowi noktowizji. Kamera automatycznie powiadamia o wykrytym ruchu lub d\u017awi\u0119ku, a dwukierunkowa komunikacja audio pozwala na rozmow\u0119 w czasie rzeczywistym. Mo\u017cliwe jest monitorowanie na kilku urz\u0105dzeniach jednocze\u015bnie, a wbudowana lampka nocna i detektor temperatury zwi\u0119kszaj\u0105 komfort i bezpiecze\u0144stwo dziecka. Dane mog\u0105 by\u0107 przechowywane na karcie SD lub w chmurze. Kamera wsp\u00f3\u0142pracuje z aplikacj\u0105 Tuya i \u0142\u0105czy si\u0119 przez Wi-Fi. Producent zaleca u\u017cywanie zgodnie z instrukcj\u0105, unikanie wilgoci i wysokich temperatur oraz regularne sprawdzanie stanu urz\u0105dzenia, aby zapewni\u0107 jego bezpieczne i niezawodne dzia\u0142anie.<\/p>\n","protected":false},"excerpt":{"rendered":"<p>Kamera Wi-Fi INNOGIO GIO-251 GIOsafety Rabbit to elektroniczna niania w kszta\u0142cie uroczego kr\u00f3lika, kt\u00f3ra \u0142\u0105czy funkcjonalny monitoring z dekoracyjnym designem do pokoju dzieci\u0119cego. Urz\u0105dzenie umo\u017cliwia podgl\u0105d w jako\u015bci Full HD 1080p i skuteczny monitoring w nocy dzi\u0119ki wbudowanemu trybowi noktowizji. Kamera automatycznie powiadamia o wykrytym ruchu lub d\u017awi\u0119ku, a dwukierunkowa komunikacja audio pozwala na rozmow\u0119 [&hellip;]<\/p>\n","protected":false},"featured_media":11572,"comment_status":"open","ping_status":"closed","template":"","meta":[],"product_brand":[],"product_cat":[66,76,141],"product_tag":[],"class_list":{"0":"post-11575","1":"product","2":"type-product","3":"status-publish","4":"has-post-thumbnail","6":"product_cat-bezpieczenstwo","7":"product_cat-dziecko","8":"product_cat-nianie-elektroniczne","10":"first","11":"instock","12":"taxable","13":"shipping-taxable","14":"purchasable","15":"product-type-simple"},"_links":{"self":[{"href":"https:\/\/www.bobooaza.pl\/index.php\/wp-json\/wp\/v2\/product\/11575","targetHints":{"allow":["GET"]}}],"collection":[{"href":"https:\/\/www.bobooaza.pl\/index.php\/wp-json\/wp\/v2\/product"}],"about":[{"href":"https:\/\/www.bobooaza.pl\/index.php\/wp-json\/wp\/v2\/types\/product"}],"replies":[{"embeddable":true,"href":"https:\/\/www.bobooaza.pl\/index.php\/wp-json\/wp\/v2\/comments?post=11575"}],"wp:featuredmedia":[{"embeddable":true,"href":"https:\/\/www.bobooaza.pl\/index.php\/wp-json\/wp\/v2\/media\/11572"}],"wp:attachment":[{"href":"https:\/\/www.bobooaza.pl\/index.php\/wp-json\/wp\/v2\/media?parent=11575"}],"wp:term":[{"taxonomy":"product_brand","embeddable":true,"href":"https:\/\/www.bobooaza.pl\/index.php\/wp-json\/wp\/v2\/product_brand?post=11575"},{"taxonomy":"product_cat","embeddable":true,"href":"https:\/\/www.bobooaza.pl\/index.php\/wp-json\/wp\/v2\/product_cat?post=11575"},{"taxonomy":"product_tag","embeddable":true,"href":"https:\/\/www.bobooaza.pl\/index.php\/wp-json\/wp\/v2\/product_tag?post=11575"}],"curies":[{"name":"wp","href":"https:\/\/api.w.org\/{rel}","templated":true}]}}