{"id":11583,"date":"2026-01-10T10:57:01","date_gmt":"2026-01-10T09:57:01","guid":{"rendered":"https:\/\/bobooaza.pl\/index.php\/produkt\/marys-mw61442-niania-kamera-elektroniczna-krolik-rozowy-wifi-tuya\/"},"modified":"2026-01-10T11:01:28","modified_gmt":"2026-01-10T10:01:28","slug":"marys-mw61442-niania-kamera-elektroniczna-krolik-rozowy-wifi-tuya","status":"publish","type":"product","link":"https:\/\/www.bobooaza.pl\/index.php\/produkt\/marys-mw61442-niania-kamera-elektroniczna-krolik-rozowy-wifi-tuya\/","title":{"rendered":"MARY&#8217;S MW61442 Niania kamera elektroniczna Kr\u00f3lik r\u00f3\u017cowy WIFI TUYA"},"content":{"rendered":"<p>Niania elektroniczna MARY\u2019S \u201eKr\u00f3lik\u201d w kolorze r\u00f3\u017cowym \u0142\u0105czy wygl\u0105d zabawki z funkcjonalno\u015bci\u0105 pe\u0142noprawnej niani. Monitoruje pok\u00f3j dziecka w rozdzielczo\u015bci Full HD 1080p, wykrywa ruch i temperatur\u0119, umo\u017cliwia odtwarzanie ko\u0142ysanek oraz widzi w nocy dzi\u0119ki podczerwieni. Powiadomienia o zdarzeniach trafiaj\u0105 bezpo\u015brednio do aplikacji. Posiada tryb prywatno\u015bci, album zdj\u0119\u0107 i wideo, a nagrania mog\u0105 by\u0107 zapisywane na karcie TF do 128 GB lub w chmurze. K\u0105t widzenia wynosi 120\u00b0, niania wa\u017cy 190 g, wykonana jest z ABS, jej wymiary to 65x60x100 mm, a zasilanie odbywa si\u0119 przez USB 5V 1A.<\/p>\n","protected":false},"excerpt":{"rendered":"<p>Niania elektroniczna MARY\u2019S \u201eKr\u00f3lik\u201d w kolorze r\u00f3\u017cowym \u0142\u0105czy wygl\u0105d zabawki z funkcjonalno\u015bci\u0105 pe\u0142noprawnej niani. Monitoruje pok\u00f3j dziecka w rozdzielczo\u015bci Full HD 1080p, wykrywa ruch i temperatur\u0119, umo\u017cliwia odtwarzanie ko\u0142ysanek oraz widzi w nocy dzi\u0119ki podczerwieni. Powiadomienia o zdarzeniach trafiaj\u0105 bezpo\u015brednio do aplikacji. Posiada tryb prywatno\u015bci, album zdj\u0119\u0107 i wideo, a nagrania mog\u0105 by\u0107 zapisywane na [&hellip;]<\/p>\n","protected":false},"featured_media":11580,"comment_status":"open","ping_status":"closed","template":"","meta":[],"product_brand":[],"product_cat":[66,76,141],"product_tag":[],"class_list":{"0":"post-11583","1":"product","2":"type-product","3":"status-publish","4":"has-post-thumbnail","6":"product_cat-bezpieczenstwo","7":"product_cat-dziecko","8":"product_cat-nianie-elektroniczne","10":"first","11":"instock","12":"taxable","13":"shipping-taxable","14":"purchasable","15":"product-type-simple"},"_links":{"self":[{"href":"https:\/\/www.bobooaza.pl\/index.php\/wp-json\/wp\/v2\/product\/11583","targetHints":{"allow":["GET"]}}],"collection":[{"href":"https:\/\/www.bobooaza.pl\/index.php\/wp-json\/wp\/v2\/product"}],"about":[{"href":"https:\/\/www.bobooaza.pl\/index.php\/wp-json\/wp\/v2\/types\/product"}],"replies":[{"embeddable":true,"href":"https:\/\/www.bobooaza.pl\/index.php\/wp-json\/wp\/v2\/comments?post=11583"}],"wp:featuredmedia":[{"embeddable":true,"href":"https:\/\/www.bobooaza.pl\/index.php\/wp-json\/wp\/v2\/media\/11580"}],"wp:attachment":[{"href":"https:\/\/www.bobooaza.pl\/index.php\/wp-json\/wp\/v2\/media?parent=11583"}],"wp:term":[{"taxonomy":"product_brand","embeddable":true,"href":"https:\/\/www.bobooaza.pl\/index.php\/wp-json\/wp\/v2\/product_brand?post=11583"},{"taxonomy":"product_cat","embeddable":true,"href":"https:\/\/www.bobooaza.pl\/index.php\/wp-json\/wp\/v2\/product_cat?post=11583"},{"taxonomy":"product_tag","embeddable":true,"href":"https:\/\/www.bobooaza.pl\/index.php\/wp-json\/wp\/v2\/product_tag?post=11583"}],"curies":[{"name":"wp","href":"https:\/\/api.w.org\/{rel}","templated":true}]}}