{"id":11587,"date":"2026-01-10T10:57:04","date_gmt":"2026-01-10T09:57:04","guid":{"rendered":"https:\/\/bobooaza.pl\/index.php\/produkt\/marys-mw61443-obrotowa-niania-kamera-elektroniczna-mis-brazowy-wifi-tuya\/"},"modified":"2026-01-10T11:01:29","modified_gmt":"2026-01-10T10:01:29","slug":"marys-mw61443-obrotowa-niania-kamera-elektroniczna-mis-brazowy-wifi-tuya","status":"publish","type":"product","link":"https:\/\/www.bobooaza.pl\/index.php\/produkt\/marys-mw61443-obrotowa-niania-kamera-elektroniczna-mis-brazowy-wifi-tuya\/","title":{"rendered":"MARY&#8217;S MW61443 Obrotowa niania kamera elektroniczna Mi\u015b br\u0105zowy WIFI TUYA"},"content":{"rendered":"<p>Obrotowa niania elektroniczna MARY\u2019S \u201eMi\u015b\u201d w kolorze br\u0105zowym \u0142\u0105czy uroczy wygl\u0105d pluszowego misia z funkcjonalno\u015bci\u0105 kamery HD. Posiada obrotow\u0105 g\u0142owic\u0119 PTZ sterowan\u0105 z aplikacji, umo\u017cliwiaj\u0105c\u0105 obr\u00f3t poziomo 355\u00b0 i pionowo 55\u00b0, co pozwala obserwowa\u0107 niemal ca\u0142y pok\u00f3j. Szeroki k\u0105t obiektywu 120\u00b0 daje szerok\u0105 perspektyw\u0119 bez konieczno\u015bci obracania kamery. Niania wyposa\u017cona jest w detekcj\u0119 ruchu z alertami na telefon, widzenie w nocy IR oraz ci\u0105g\u0142y zapis na kart\u0119 TF do 128 GB. Tryb prywatno\u015bci pozwala wstrzyma\u0107 podgl\u0105d jednym klikni\u0119ciem. Zasilana jest przez USB 5V 1A, wykonana z ABS, wa\u017cy 300 g, a jej wymiary to 60x60x105 mm. Rozdzielczo\u015b\u0107 obrazu to HD.<\/p>\n","protected":false},"excerpt":{"rendered":"<p>Obrotowa niania elektroniczna MARY\u2019S \u201eMi\u015b\u201d w kolorze br\u0105zowym \u0142\u0105czy uroczy wygl\u0105d pluszowego misia z funkcjonalno\u015bci\u0105 kamery HD. Posiada obrotow\u0105 g\u0142owic\u0119 PTZ sterowan\u0105 z aplikacji, umo\u017cliwiaj\u0105c\u0105 obr\u00f3t poziomo 355\u00b0 i pionowo 55\u00b0, co pozwala obserwowa\u0107 niemal ca\u0142y pok\u00f3j. Szeroki k\u0105t obiektywu 120\u00b0 daje szerok\u0105 perspektyw\u0119 bez konieczno\u015bci obracania kamery. Niania wyposa\u017cona jest w detekcj\u0119 ruchu z [&hellip;]<\/p>\n","protected":false},"featured_media":11584,"comment_status":"open","ping_status":"closed","template":"","meta":[],"product_brand":[],"product_cat":[66,76,141],"product_tag":[],"class_list":{"0":"post-11587","1":"product","2":"type-product","3":"status-publish","4":"has-post-thumbnail","6":"product_cat-bezpieczenstwo","7":"product_cat-dziecko","8":"product_cat-nianie-elektroniczne","10":"first","11":"instock","12":"taxable","13":"shipping-taxable","14":"purchasable","15":"product-type-simple"},"_links":{"self":[{"href":"https:\/\/www.bobooaza.pl\/index.php\/wp-json\/wp\/v2\/product\/11587","targetHints":{"allow":["GET"]}}],"collection":[{"href":"https:\/\/www.bobooaza.pl\/index.php\/wp-json\/wp\/v2\/product"}],"about":[{"href":"https:\/\/www.bobooaza.pl\/index.php\/wp-json\/wp\/v2\/types\/product"}],"replies":[{"embeddable":true,"href":"https:\/\/www.bobooaza.pl\/index.php\/wp-json\/wp\/v2\/comments?post=11587"}],"wp:featuredmedia":[{"embeddable":true,"href":"https:\/\/www.bobooaza.pl\/index.php\/wp-json\/wp\/v2\/media\/11584"}],"wp:attachment":[{"href":"https:\/\/www.bobooaza.pl\/index.php\/wp-json\/wp\/v2\/media?parent=11587"}],"wp:term":[{"taxonomy":"product_brand","embeddable":true,"href":"https:\/\/www.bobooaza.pl\/index.php\/wp-json\/wp\/v2\/product_brand?post=11587"},{"taxonomy":"product_cat","embeddable":true,"href":"https:\/\/www.bobooaza.pl\/index.php\/wp-json\/wp\/v2\/product_cat?post=11587"},{"taxonomy":"product_tag","embeddable":true,"href":"https:\/\/www.bobooaza.pl\/index.php\/wp-json\/wp\/v2\/product_tag?post=11587"}],"curies":[{"name":"wp","href":"https:\/\/api.w.org\/{rel}","templated":true}]}}