{"id":11595,"date":"2026-01-10T10:57:08","date_gmt":"2026-01-10T09:57:08","guid":{"rendered":"https:\/\/bobooaza.pl\/index.php\/produkt\/nuk-256439-niania-elektroniczna-eco-control-audio-display-530d\/"},"modified":"2026-01-10T11:01:30","modified_gmt":"2026-01-10T10:01:30","slug":"nuk-256439-niania-elektroniczna-eco-control-audio-display-530d","status":"publish","type":"product","link":"https:\/\/www.bobooaza.pl\/index.php\/produkt\/nuk-256439-niania-elektroniczna-eco-control-audio-display-530d\/","title":{"rendered":"NUK 256439 Niania elektroniczna ECO CONTROL AUDIO DISPLAY 530D"},"content":{"rendered":"<p>Niania elektroniczna NUK Eco Control Audio Display 530D to cyfrowa niania audio z wy\u015bwietlaczem, stworzona z my\u015bl\u0105 o bezpiecze\u0144stwie i komforcie dziecka. Wyposa\u017cona jest w tryb Eco, kt\u00f3ry ogranicza promieniowanie o wysokiej cz\u0119stotliwo\u015bci w pokoju dziecka i zmniejsza zu\u017cycie energii. Technologia FHSS zapewnia stabilny sygna\u0142 i czysty d\u017awi\u0119k bez zak\u0142\u00f3ce\u0144. Niania umo\u017cliwia dwukierunkow\u0105 komunikacj\u0119, co pozwala rodzicom uspokoi\u0107 dziecko na odleg\u0142o\u015b\u0107. Posiada nocne \u015bwiate\u0142ko, wgrane ko\u0142ysanki, funkcj\u0119 przywo\u0142ania oraz zasi\u0119g do 250 m na zewn\u0105trz i 40 m w pomieszczeniach. Odbiornik jest przeno\u015bny i mo\u017ce dzia\u0142a\u0107 do 18 godzin, z mo\u017cliwo\u015bci\u0105 zasilania sieciowego lub z baterii wielokrotnego \u0142adowania. Produkt zapewnia sta\u0142\u0105 kontrol\u0119 po\u0142\u0105czenia mi\u0119dzy nadajnikiem a odbiornikiem, minimalizuj\u0105c ryzyko utraty kontaktu i nara\u017cenia dziecka na elektrosmog.<\/p>\n","protected":false},"excerpt":{"rendered":"<p>Niania elektroniczna NUK Eco Control Audio Display 530D to cyfrowa niania audio z wy\u015bwietlaczem, stworzona z my\u015bl\u0105 o bezpiecze\u0144stwie i komforcie dziecka. Wyposa\u017cona jest w tryb Eco, kt\u00f3ry ogranicza promieniowanie o wysokiej cz\u0119stotliwo\u015bci w pokoju dziecka i zmniejsza zu\u017cycie energii. Technologia FHSS zapewnia stabilny sygna\u0142 i czysty d\u017awi\u0119k bez zak\u0142\u00f3ce\u0144. Niania umo\u017cliwia dwukierunkow\u0105 komunikacj\u0119, co [&hellip;]<\/p>\n","protected":false},"featured_media":11592,"comment_status":"open","ping_status":"closed","template":"","meta":[],"product_brand":[],"product_cat":[66,76,141],"product_tag":[],"class_list":{"0":"post-11595","1":"product","2":"type-product","3":"status-publish","4":"has-post-thumbnail","6":"product_cat-bezpieczenstwo","7":"product_cat-dziecko","8":"product_cat-nianie-elektroniczne","10":"first","11":"instock","12":"taxable","13":"shipping-taxable","14":"purchasable","15":"product-type-simple"},"_links":{"self":[{"href":"https:\/\/www.bobooaza.pl\/index.php\/wp-json\/wp\/v2\/product\/11595","targetHints":{"allow":["GET"]}}],"collection":[{"href":"https:\/\/www.bobooaza.pl\/index.php\/wp-json\/wp\/v2\/product"}],"about":[{"href":"https:\/\/www.bobooaza.pl\/index.php\/wp-json\/wp\/v2\/types\/product"}],"replies":[{"embeddable":true,"href":"https:\/\/www.bobooaza.pl\/index.php\/wp-json\/wp\/v2\/comments?post=11595"}],"wp:featuredmedia":[{"embeddable":true,"href":"https:\/\/www.bobooaza.pl\/index.php\/wp-json\/wp\/v2\/media\/11592"}],"wp:attachment":[{"href":"https:\/\/www.bobooaza.pl\/index.php\/wp-json\/wp\/v2\/media?parent=11595"}],"wp:term":[{"taxonomy":"product_brand","embeddable":true,"href":"https:\/\/www.bobooaza.pl\/index.php\/wp-json\/wp\/v2\/product_brand?post=11595"},{"taxonomy":"product_cat","embeddable":true,"href":"https:\/\/www.bobooaza.pl\/index.php\/wp-json\/wp\/v2\/product_cat?post=11595"},{"taxonomy":"product_tag","embeddable":true,"href":"https:\/\/www.bobooaza.pl\/index.php\/wp-json\/wp\/v2\/product_tag?post=11595"}],"curies":[{"name":"wp","href":"https:\/\/api.w.org\/{rel}","templated":true}]}}