{"id":11598,"date":"2026-01-11T13:20:11","date_gmt":"2026-01-11T12:20:11","guid":{"rendered":"https:\/\/bobooaza.pl\/index.php\/produkt\/albero-mio-mata-do-przewijania-miekka-430-podroznik\/"},"modified":"2026-01-19T21:54:45","modified_gmt":"2026-01-19T20:54:45","slug":"albero-mio-mata-do-przewijania-miekka-430-podroznik","status":"publish","type":"product","link":"https:\/\/www.bobooaza.pl\/index.php\/produkt\/albero-mio-mata-do-przewijania-miekka-430-podroznik\/","title":{"rendered":"ALBERO MIO Mata do przewijania mi\u0119kka 430 PODR\u00d3\u017bNIK"},"content":{"rendered":"<p>Mi\u0119kka mata do przewijania ALBERO MIO 430 Podr\u00f3\u017cnik to praktyczne i bezpieczne rozwi\u0105zanie stworzone z my\u015bl\u0105 o codziennej piel\u0119gnacji niemowl\u0119cia. Wymiary 70 x 47 cm sprawiaj\u0105, \u017ce mata idealnie pasuje na komod\u0119 lub p\u00f3\u0142koprzewijak, oferuj\u0105c wygodn\u0105 przestrze\u0144 do przewijania bez dodatkowego usztywnienia. Mi\u0119kkie wype\u0142nienie z pianki zapewnia dziecku komfort, a odpowiednio wyprofilowane boki zwi\u0119kszaj\u0105 bezpiecze\u0144stwo, pomagaj\u0105c chroni\u0107 maluszka przed zsuni\u0119ciem si\u0119 z powierzchni maty.<\/p>\n<p>Powierzchnia maty zosta\u0142a pokryta delikatnym, bezpiecznym dla sk\u00f3ry dziecka materia\u0142em wykonanym w 100% z poliestru, wolnym od ftalan\u00f3w i odpowiednim do cz\u0119stego u\u017cytkowania. Produkt zosta\u0142 wyprodukowany w Polsce z wysokiej jako\u015bci materia\u0142\u00f3w posiadaj\u0105cych certyfikaty potwierdzaj\u0105ce bezpiecze\u0144stwo dla najm\u0142odszych, co gwarantuje trwa\u0142o\u015b\u0107 i niezawodno\u015b\u0107.<\/p>\n<p>Wz\u00f3r Podr\u00f3\u017cnik nadaje macie ciekawy, nowoczesny charakter i doskonale uzupe\u0142nia wystr\u00f3j pokoju dzieci\u0119cego. Zastosowany nadruk jest ekologiczny i bezpieczny dla dziecka, jednak przy intensywnym u\u017cytkowaniu mo\u017ce z czasem delikatnie blakn\u0105\u0107. Mata powinna by\u0107 u\u017cywana wy\u0142\u0105cznie pod sta\u0142\u0105 opiek\u0105 osoby doros\u0142ej.<\/p>\n","protected":false},"excerpt":{"rendered":"<p>Mi\u0119kka mata do przewijania ALBERO MIO 430 Podr\u00f3\u017cnik to praktyczne i bezpieczne rozwi\u0105zanie stworzone z my\u015bl\u0105 o codziennej piel\u0119gnacji niemowl\u0119cia. Wymiary 70 x 47 cm sprawiaj\u0105, \u017ce mata idealnie pasuje na komod\u0119 lub p\u00f3\u0142koprzewijak, oferuj\u0105c wygodn\u0105 przestrze\u0144 do przewijania bez dodatkowego usztywnienia. Mi\u0119kkie wype\u0142nienie z pianki zapewnia dziecku komfort, a odpowiednio wyprofilowane boki zwi\u0119kszaj\u0105 bezpiecze\u0144stwo, [&hellip;]<\/p>\n","protected":false},"featured_media":11597,"comment_status":"open","ping_status":"closed","template":"","meta":[],"product_brand":[],"product_cat":[75,76,68],"product_tag":[],"class_list":{"0":"post-11598","1":"product","2":"type-product","3":"status-publish","4":"has-post-thumbnail","6":"product_cat-przewijanie-maty-i-podklady","7":"product_cat-dziecko","8":"product_cat-higiena-i-pielegnacja","10":"first","11":"instock","12":"taxable","13":"shipping-taxable","14":"purchasable","15":"product-type-simple"},"_links":{"self":[{"href":"https:\/\/www.bobooaza.pl\/index.php\/wp-json\/wp\/v2\/product\/11598","targetHints":{"allow":["GET"]}}],"collection":[{"href":"https:\/\/www.bobooaza.pl\/index.php\/wp-json\/wp\/v2\/product"}],"about":[{"href":"https:\/\/www.bobooaza.pl\/index.php\/wp-json\/wp\/v2\/types\/product"}],"replies":[{"embeddable":true,"href":"https:\/\/www.bobooaza.pl\/index.php\/wp-json\/wp\/v2\/comments?post=11598"}],"wp:featuredmedia":[{"embeddable":true,"href":"https:\/\/www.bobooaza.pl\/index.php\/wp-json\/wp\/v2\/media\/11597"}],"wp:attachment":[{"href":"https:\/\/www.bobooaza.pl\/index.php\/wp-json\/wp\/v2\/media?parent=11598"}],"wp:term":[{"taxonomy":"product_brand","embeddable":true,"href":"https:\/\/www.bobooaza.pl\/index.php\/wp-json\/wp\/v2\/product_brand?post=11598"},{"taxonomy":"product_cat","embeddable":true,"href":"https:\/\/www.bobooaza.pl\/index.php\/wp-json\/wp\/v2\/product_cat?post=11598"},{"taxonomy":"product_tag","embeddable":true,"href":"https:\/\/www.bobooaza.pl\/index.php\/wp-json\/wp\/v2\/product_tag?post=11598"}],"curies":[{"name":"wp","href":"https:\/\/api.w.org\/{rel}","templated":true}]}}