{"id":11600,"date":"2026-01-11T13:20:18","date_gmt":"2026-01-11T12:20:18","guid":{"rendered":"https:\/\/bobooaza.pl\/index.php\/produkt\/albero-mio-mata-do-przewijania-miekka-431-wesole-gwiazdki\/"},"modified":"2026-01-19T21:54:46","modified_gmt":"2026-01-19T20:54:46","slug":"albero-mio-mata-do-przewijania-miekka-431-wesole-gwiazdki","status":"publish","type":"product","link":"https:\/\/www.bobooaza.pl\/index.php\/produkt\/albero-mio-mata-do-przewijania-miekka-431-wesole-gwiazdki\/","title":{"rendered":"ALBERO MIO Mata do przewijania mi\u0119kka 431 WESO\u0141E GWIAZDKI"},"content":{"rendered":"<p>Mi\u0119kka mata do przewijania ALBERO MIO 431 Weso\u0142e Gwiazdki to funkcjonalny i bezpieczny element wyposa\u017cenia, idealny do codziennej piel\u0119gnacji niemowl\u0119cia. Uniwersalny rozmiar 70 x 47 cm sprawia, \u017ce mata doskonale pasuje na komod\u0119 lub p\u00f3\u0142koprzewijak, tworz\u0105c wygodne miejsce do przewijania bez dodatkowego usztywnienia. Mi\u0119kkie wype\u0142nienie z pianki zapewnia dziecku komfort, a odpowiednio wyprofilowane boki pomagaj\u0105 zwi\u0119kszy\u0107 bezpiecze\u0144stwo i ograniczy\u0107 ryzyko zsuni\u0119cia si\u0119 maluszka.<\/p>\n<p>Powierzchnia maty zosta\u0142a wykonana z delikatnej dla sk\u00f3ry dziecka folii, wolnej od ftalan\u00f3w i stworzonej w 100% z poliestru, dzi\u0119ki czemu jest odpowiednia do cz\u0119stego u\u017cytkowania. Produkt zosta\u0142 wyprodukowany w Polsce z wysokiej jako\u015bci materia\u0142\u00f3w posiadaj\u0105cych certyfikaty potwierdzaj\u0105ce bezpiecze\u0144stwo dla najm\u0142odszych, co gwarantuje trwa\u0142o\u015b\u0107 oraz niezawodno\u015b\u0107.<\/p>\n<p>Radosny wz\u00f3r Weso\u0142e Gwiazdki nadaje macie przyjazny, pogodny charakter i doskonale komponuje si\u0119 z wystrojem pokoju dzieci\u0119cego. Zastosowany nadruk jest ekologiczny i bezpieczny dla dziecka, jednak przy intensywnym u\u017cytkowaniu mo\u017ce z czasem delikatnie blakn\u0105\u0107. Mata powinna by\u0107 u\u017cywana wy\u0142\u0105cznie pod sta\u0142\u0105 opiek\u0105 osoby doros\u0142ej.<\/p>\n","protected":false},"excerpt":{"rendered":"<p>Mi\u0119kka mata do przewijania ALBERO MIO 431 Weso\u0142e Gwiazdki to funkcjonalny i bezpieczny element wyposa\u017cenia, idealny do codziennej piel\u0119gnacji niemowl\u0119cia. Uniwersalny rozmiar 70 x 47 cm sprawia, \u017ce mata doskonale pasuje na komod\u0119 lub p\u00f3\u0142koprzewijak, tworz\u0105c wygodne miejsce do przewijania bez dodatkowego usztywnienia. Mi\u0119kkie wype\u0142nienie z pianki zapewnia dziecku komfort, a odpowiednio wyprofilowane boki pomagaj\u0105 [&hellip;]<\/p>\n","protected":false},"featured_media":11599,"comment_status":"open","ping_status":"closed","template":"","meta":[],"product_brand":[],"product_cat":[75,76,68],"product_tag":[],"class_list":{"0":"post-11600","1":"product","2":"type-product","3":"status-publish","4":"has-post-thumbnail","6":"product_cat-przewijanie-maty-i-podklady","7":"product_cat-dziecko","8":"product_cat-higiena-i-pielegnacja","10":"first","11":"instock","12":"taxable","13":"shipping-taxable","14":"purchasable","15":"product-type-simple"},"_links":{"self":[{"href":"https:\/\/www.bobooaza.pl\/index.php\/wp-json\/wp\/v2\/product\/11600","targetHints":{"allow":["GET"]}}],"collection":[{"href":"https:\/\/www.bobooaza.pl\/index.php\/wp-json\/wp\/v2\/product"}],"about":[{"href":"https:\/\/www.bobooaza.pl\/index.php\/wp-json\/wp\/v2\/types\/product"}],"replies":[{"embeddable":true,"href":"https:\/\/www.bobooaza.pl\/index.php\/wp-json\/wp\/v2\/comments?post=11600"}],"wp:featuredmedia":[{"embeddable":true,"href":"https:\/\/www.bobooaza.pl\/index.php\/wp-json\/wp\/v2\/media\/11599"}],"wp:attachment":[{"href":"https:\/\/www.bobooaza.pl\/index.php\/wp-json\/wp\/v2\/media?parent=11600"}],"wp:term":[{"taxonomy":"product_brand","embeddable":true,"href":"https:\/\/www.bobooaza.pl\/index.php\/wp-json\/wp\/v2\/product_brand?post=11600"},{"taxonomy":"product_cat","embeddable":true,"href":"https:\/\/www.bobooaza.pl\/index.php\/wp-json\/wp\/v2\/product_cat?post=11600"},{"taxonomy":"product_tag","embeddable":true,"href":"https:\/\/www.bobooaza.pl\/index.php\/wp-json\/wp\/v2\/product_tag?post=11600"}],"curies":[{"name":"wp","href":"https:\/\/api.w.org\/{rel}","templated":true}]}}