{"id":11602,"date":"2026-01-11T13:20:23","date_gmt":"2026-01-11T12:20:23","guid":{"rendered":"https:\/\/bobooaza.pl\/index.php\/produkt\/albero-mio-mata-do-przewijania-miekka-432-leniwce\/"},"modified":"2026-01-19T21:54:47","modified_gmt":"2026-01-19T20:54:47","slug":"albero-mio-mata-do-przewijania-miekka-432-leniwce","status":"publish","type":"product","link":"https:\/\/www.bobooaza.pl\/index.php\/produkt\/albero-mio-mata-do-przewijania-miekka-432-leniwce\/","title":{"rendered":"ALBERO MIO Mata do przewijania mi\u0119kka 432 LENIWCE"},"content":{"rendered":"<p>Mi\u0119kka mata do przewijania ALBERO MIO 432 Leniwce to komfortowe i bezpieczne rozwi\u0105zanie do codziennej piel\u0119gnacji niemowl\u0119cia. Dzi\u0119ki wymiarom 70 x 47 cm mata idealnie pasuje na komod\u0119 lub p\u00f3\u0142koprzewijak, zapewniaj\u0105c wygodn\u0105 przestrze\u0144 do przewijania bez dodatkowego usztywnienia. Mi\u0119kkie wype\u0142nienie z pianki zwi\u0119ksza komfort dziecka, a odpowiednio wyprofilowane boki pomagaj\u0105 zabezpieczy\u0107 maluszka przed zsuni\u0119ciem si\u0119 z maty.<\/p>\n<p>Powierzchnia maty zosta\u0142a wykonana z delikatnej dla sk\u00f3ry dziecka folii, wolnej od ftalan\u00f3w i stworzonej w 100% z poliestru, co czyni j\u0105 bezpieczn\u0105 i odpowiedni\u0105 do cz\u0119stego u\u017cytkowania. Produkt zosta\u0142 wyprodukowany w Polsce z wysokiej jako\u015bci materia\u0142\u00f3w posiadaj\u0105cych certyfikaty potwierdzaj\u0105ce bezpiecze\u0144stwo dla najm\u0142odszych, gwarantuj\u0105c trwa\u0142o\u015b\u0107 oraz niezawodno\u015b\u0107.<\/p>\n<p>Uroczy wz\u00f3r Leniwce nadaje macie spokojny, przyjazny charakter i doskonale wpisuje si\u0119 w aran\u017cacj\u0119 pokoju dzieci\u0119cego. Ekologiczny nadruk jest bezpieczny dla dziecka, jednak przy intensywnym u\u017cytkowaniu mo\u017ce z czasem delikatnie blakn\u0105\u0107. Mata powinna by\u0107 u\u017cywana wy\u0142\u0105cznie pod sta\u0142\u0105 opiek\u0105 osoby doros\u0142ej.<\/p>\n","protected":false},"excerpt":{"rendered":"<p>Mi\u0119kka mata do przewijania ALBERO MIO 432 Leniwce to komfortowe i bezpieczne rozwi\u0105zanie do codziennej piel\u0119gnacji niemowl\u0119cia. Dzi\u0119ki wymiarom 70 x 47 cm mata idealnie pasuje na komod\u0119 lub p\u00f3\u0142koprzewijak, zapewniaj\u0105c wygodn\u0105 przestrze\u0144 do przewijania bez dodatkowego usztywnienia. Mi\u0119kkie wype\u0142nienie z pianki zwi\u0119ksza komfort dziecka, a odpowiednio wyprofilowane boki pomagaj\u0105 zabezpieczy\u0107 maluszka przed zsuni\u0119ciem si\u0119 [&hellip;]<\/p>\n","protected":false},"featured_media":11601,"comment_status":"open","ping_status":"closed","template":"","meta":[],"product_brand":[],"product_cat":[75,76,68],"product_tag":[],"class_list":{"0":"post-11602","1":"product","2":"type-product","3":"status-publish","4":"has-post-thumbnail","6":"product_cat-przewijanie-maty-i-podklady","7":"product_cat-dziecko","8":"product_cat-higiena-i-pielegnacja","10":"first","11":"instock","12":"taxable","13":"shipping-taxable","14":"purchasable","15":"product-type-simple"},"_links":{"self":[{"href":"https:\/\/www.bobooaza.pl\/index.php\/wp-json\/wp\/v2\/product\/11602","targetHints":{"allow":["GET"]}}],"collection":[{"href":"https:\/\/www.bobooaza.pl\/index.php\/wp-json\/wp\/v2\/product"}],"about":[{"href":"https:\/\/www.bobooaza.pl\/index.php\/wp-json\/wp\/v2\/types\/product"}],"replies":[{"embeddable":true,"href":"https:\/\/www.bobooaza.pl\/index.php\/wp-json\/wp\/v2\/comments?post=11602"}],"wp:featuredmedia":[{"embeddable":true,"href":"https:\/\/www.bobooaza.pl\/index.php\/wp-json\/wp\/v2\/media\/11601"}],"wp:attachment":[{"href":"https:\/\/www.bobooaza.pl\/index.php\/wp-json\/wp\/v2\/media?parent=11602"}],"wp:term":[{"taxonomy":"product_brand","embeddable":true,"href":"https:\/\/www.bobooaza.pl\/index.php\/wp-json\/wp\/v2\/product_brand?post=11602"},{"taxonomy":"product_cat","embeddable":true,"href":"https:\/\/www.bobooaza.pl\/index.php\/wp-json\/wp\/v2\/product_cat?post=11602"},{"taxonomy":"product_tag","embeddable":true,"href":"https:\/\/www.bobooaza.pl\/index.php\/wp-json\/wp\/v2\/product_tag?post=11602"}],"curies":[{"name":"wp","href":"https:\/\/api.w.org\/{rel}","templated":true}]}}